{"id":3535,"date":"2023-07-04T15:18:20","date_gmt":"2023-07-04T13:18:20","guid":{"rendered":"https:\/\/www.rulonas.com\/?page_id=3535"},"modified":"2024-04-25T14:34:34","modified_gmt":"2024-04-25T12:34:34","slug":"svara-kalkulators","status":"publish","type":"page","link":"https:\/\/www.rulonas.com\/lv\/svara-kalkulators\/","title":{"rendered":"Svara kalkulators"},"content":{"rendered":"<p><div class=\"fusion-fullwidth fullwidth-box fusion-builder-row-1 fusion-flex-container has-pattern-background has-mask-background nonhundred-percent-fullwidth non-hundred-percent-height-scrolling fusion-animated\" style=\"--awb-border-radius-top-left:0px;--awb-border-radius-top-right:0px;--awb-border-radius-bottom-right:0px;--awb-border-radius-bottom-left:0px;--awb-padding-top:20px;--awb-padding-right:20%;--awb-padding-left:20%;--awb-padding-right-medium:5%;--awb-padding-left-medium:5%;--awb-padding-right-small:5%;--awb-padding-left-small:5%;\" data-animationType=\"fadeIn\" data-animationDuration=\"0.6\" data-animationOffset=\"top-into-view\" ><div class=\"fusion-builder-row fusion-row fusion-flex-align-items-flex-start\" style=\"max-width:104%;margin-left: calc(-4% \/ 2 );margin-right: calc(-4% \/ 2 );\"><div class=\"fusion-layout-column fusion_builder_column fusion-builder-column-0 fusion_builder_column_1_1 1_1 fusion-flex-column\" style=\"--awb-bg-size:cover;--awb-width-large:100%;--awb-margin-top-large:0px;--awb-spacing-right-large:1.92%;--awb-margin-bottom-large:20px;--awb-spacing-left-large:1.92%;--awb-width-medium:100%;--awb-order-medium:0;--awb-spacing-right-medium:1.92%;--awb-spacing-left-medium:1.92%;--awb-width-small:100%;--awb-order-small:0;--awb-spacing-right-small:1.92%;--awb-spacing-left-small:1.92%;\"><div class=\"fusion-column-wrapper fusion-column-has-shadow fusion-flex-justify-content-flex-start fusion-content-layout-column\"><div class=\"fusion-title title fusion-title-1 fusion-sep-none fusion-title-center fusion-title-text fusion-title-size-one\"><h1 class=\"title-heading-center\" style=\"margin:0;\">Met\u0101la svara kalkulators<\/h1><\/div><div class=\"fusion-text fusion-text-1\" style=\"--awb-font-size:18px;--awb-line-height:1.72;--awb-letter-spacing:0.015em;--awb-text-transform:var(--awb-typography4-text-transform);--awb-margin-top:30px;--awb-text-font-family:&quot;Open Sans&quot;;--awb-text-font-style:normal;--awb-text-font-weight:400;\"><p align=\"center\">Met\u0101la svara kalkulators pal\u012bdz noteikt t\u0113rauda un alum\u012bnija materi\u0101lu daudzumu un citu m\u016bsu izstr\u0101d\u0101jumu svaru.<\/p>\n<\/div><\/div><\/div><\/div><\/div><div class=\"fusion-fullwidth fullwidth-box fusion-builder-row-2 fusion-flex-container has-pattern-background has-mask-background nonhundred-percent-fullwidth non-hundred-percent-height-scrolling\" style=\"--awb-border-radius-top-left:0px;--awb-border-radius-top-right:0px;--awb-border-radius-bottom-right:0px;--awb-border-radius-bottom-left:0px;\" ><div class=\"fusion-builder-row fusion-row fusion-flex-align-items-flex-start\" style=\"max-width:104%;margin-left: calc(-4% \/ 2 );margin-right: calc(-4% \/ 2 );\"><div class=\"fusion-layout-column fusion_builder_column fusion-builder-column-1 fusion_builder_column_1_1 1_1 fusion-flex-column\" style=\"--awb-bg-size:cover;--awb-width-large:100%;--awb-margin-top-large:0px;--awb-spacing-right-large:1.92%;--awb-margin-bottom-large:20px;--awb-spacing-left-large:1.92%;--awb-width-medium:100%;--awb-order-medium:0;--awb-spacing-right-medium:1.92%;--awb-spacing-left-medium:1.92%;--awb-width-small:100%;--awb-order-small:0;--awb-spacing-right-small:1.92%;--awb-spacing-left-small:1.92%;\"><div class=\"fusion-column-wrapper fusion-column-has-shadow fusion-flex-justify-content-flex-start fusion-content-layout-column\"><div class=\"fusion-text fusion-text-2\">\n\n\t<div class=\"calc-container\">\n\n\t\t<form id=\"calc-form\" action=\"#\">\n\t\t\t<label for=\"material\">Materi\u0101ls<\/label>\n\t\t\t<select class=\"calc-select trigger-calc\" name=\"material\" id=\"material\">\n\t\t\t\t<option value=\"7.85\">T\u0113rauds \/ Ner\u016bs\u0113jo\u0161ais t\u0113rauds<\/option>\n\t\t\t\t<option value=\"2.75\">Alum\u012bnijs<\/option>\n\t\t\t<\/select>\n\t\t\t<br>\n\t\t\t<label for=\"shape\">Forma<\/label>\n\t\t\t<select class=\"calc-select trigger-calc\" name=\"shape\" id=\"shape\">\n\t\t\t\t<option id=\"op-hexagonal\" value=\"hexagonal\">Se\u0161kantis stienis<\/option>\n\t\t\t\t<option id=\"op-square\" value=\"square\">Kvadr\u0101tstienis<\/option>\t\t\t\t\n\t\t\t\t<option id=\"op-rectangle\" value=\"rectangle\">Taisnst\u016bra stie\u0146is<\/option>\n\t\t\t\t<option id=\"op-round\" value=\"round\">Apa\u013cstienis<\/option>\n\t\t\t\t<option id=\"op-pipe-round\" value=\"pipe-round\">Caurules apa\u013cas<\/option>\n\t\t\t\t<option id=\"op-pipe-square\" value=\"pipe-square\">Caurule kvadr\u0101tveida\/Taisnst\u016brveida<\/option>\n\t\t\t\t<option id=\"op-l-profile\" value=\"l-profile\">L profils<\/option>\n\t\t\t\t<option id=\"op-plate\" value=\"plate\">Loksnes<\/option>\n\t\t\t<\/select>\n\t\t\t<br>\n\t\t\t<div class=\"calc-form-row\">\n\t\t\t\t<div class=\"input-holder\"><label for=\"qty\"><span>Daudzums gab.<\/span><input class=\"trigger-calc\" id=\"qty\" type=\"number\" value=\"1\" min=\"1\" \/><\/label><br><\/div>\n\t\t\t\t<div class=\"input-holder\"><label for=\"length\"><span>Garums mm<\/span><input class=\"trigger-calc\" id=\"length\" type=\"number\" value=\"1000\" min=\"0\" \/><\/label> mm<br><\/div>\n\n\t\t\t\t\t\t\t\t\t\t\t\t\t\t\n\t\t\t\t\t\t<div id=\"dim-1\" class=\"input-holder dimension-input-holder hide dim-hexagonal\">\n\t\t\t\t\t\t\t<label class=\"dimension1\" for=\"dimension-1\">\n\t\t\t\t\t\t\t<span>Uzgrie\u017e\u0146u atsl\u0113gas izm\u0113rs<\/span><input class=\"dimension-input trigger-calc\" id=\"hexagonal-d-1\" type=\"number\" min=\"0\" \/>\n\t\t\t\t\t\t<\/label> mm<br>\n\t\t\t\t\t\t<\/div>\n\t\t\t\t\t\t\t\t\t\t\t\t\t\t\t\t\t\t\t\t\t\t\t\t\t\n\t\t\t\t\t\t<div id=\"dim-1\" class=\"input-holder dimension-input-holder hide dim-square\">\n\t\t\t\t\t\t\t<label class=\"dimension1\" for=\"dimension-1\">\n\t\t\t\t\t\t\t<span>Mala A<\/span><input class=\"dimension-input trigger-calc\" id=\"square-d-1\" type=\"number\" min=\"0\" \/>\n\t\t\t\t\t\t<\/label> mm<br>\n\t\t\t\t\t\t<\/div>\n\t\t\t\t\t\t\t\t\t\t\t\n\t\t\t\t\t\t<div id=\"dim-2\" class=\"input-holder dimension-input-holder hide dim-square\">\n\t\t\t\t\t\t\t<label class=\"dimension2\" for=\"dimension-2\">\n\t\t\t\t\t\t\t<span>Mala B<\/span><input class=\"dimension-input trigger-calc\" id=\"square-d-2\" type=\"number\" min=\"0\" \/>\n\t\t\t\t\t\t<\/label> mm<br>\n\t\t\t\t\t\t<\/div>\n\t\t\t\t\t\t\t\t\t\t\t\t\t\t\t\t\t\t\t\t\t\t\t\t\t\n\t\t\t\t\t\t<div id=\"dim-1\" class=\"input-holder dimension-input-holder hide dim-rectangle\">\n\t\t\t\t\t\t\t<label class=\"dimension1\" for=\"dimension-1\">\n\t\t\t\t\t\t\t<span>Platums<\/span><input class=\"dimension-input trigger-calc\" id=\"rectangle-d-1\" type=\"number\" min=\"0\" \/>\n\t\t\t\t\t\t<\/label> mm<br>\n\t\t\t\t\t\t<\/div>\n\t\t\t\t\t\t\t\t\t\t\t\n\t\t\t\t\t\t<div id=\"dim-2\" class=\"input-holder dimension-input-holder hide dim-rectangle\">\n\t\t\t\t\t\t\t<label class=\"dimension2\" for=\"dimension-2\">\n\t\t\t\t\t\t\t<span>Biezums<\/span><input class=\"dimension-input trigger-calc\" id=\"rectangle-d-2\" type=\"number\" min=\"0\" \/>\n\t\t\t\t\t\t<\/label> mm<br>\n\t\t\t\t\t\t<\/div>\n\t\t\t\t\t\t\t\t\t\t\t\t\t\t\t\t\t\t\t\t\t\t\t\t\t\n\t\t\t\t\t\t<div id=\"dim-1\" class=\"input-holder dimension-input-holder hide dim-round\">\n\t\t\t\t\t\t\t<label class=\"dimension1\" for=\"dimension-1\">\n\t\t\t\t\t\t\t<span>Diametrs<\/span><input class=\"dimension-input trigger-calc\" id=\"round-d-1\" type=\"number\" min=\"0\" \/>\n\t\t\t\t\t\t<\/label> mm<br>\n\t\t\t\t\t\t<\/div>\n\t\t\t\t\t\t\t\t\t\t\t\t\t\t\t\t\t\t\t\t\t\t\t\t\t\n\t\t\t\t\t\t<div id=\"dim-1\" class=\"input-holder dimension-input-holder hide dim-pipe-round\">\n\t\t\t\t\t\t\t<label class=\"dimension1\" for=\"dimension-1\">\n\t\t\t\t\t\t\t<span>\u0100r\u0113jais diametrs<\/span><input class=\"dimension-input trigger-calc\" id=\"pipe-round-d-1\" type=\"number\" min=\"0\" \/>\n\t\t\t\t\t\t<\/label> mm<br>\n\t\t\t\t\t\t<\/div>\n\t\t\t\t\t\t\t\t\t\t\t\n\t\t\t\t\t\t<div id=\"dim-2\" class=\"input-holder dimension-input-holder hide dim-pipe-round\">\n\t\t\t\t\t\t\t<label class=\"dimension2\" for=\"dimension-2\">\n\t\t\t\t\t\t\t<span>Sienas biezums<\/span><input class=\"dimension-input trigger-calc\" id=\"pipe-round-d-2\" type=\"number\" min=\"0\" \/>\n\t\t\t\t\t\t<\/label> mm<br>\n\t\t\t\t\t\t<\/div>\n\t\t\t\t\t\t\t\t\t\t\t\t\t\t\t\t\t\t\t\t\t\t\t\t\t\n\t\t\t\t\t\t<div id=\"dim-1\" class=\"input-holder dimension-input-holder hide dim-pipe-square\">\n\t\t\t\t\t\t\t<label class=\"dimension1\" for=\"dimension-1\">\n\t\t\t\t\t\t\t<span>Augstums<\/span><input class=\"dimension-input trigger-calc\" id=\"pipe-square-d-1\" type=\"number\" min=\"0\" \/>\n\t\t\t\t\t\t<\/label> mm<br>\n\t\t\t\t\t\t<\/div>\n\t\t\t\t\t\t\t\t\t\t\t\n\t\t\t\t\t\t<div id=\"dim-2\" class=\"input-holder dimension-input-holder hide dim-pipe-square\">\n\t\t\t\t\t\t\t<label class=\"dimension2\" for=\"dimension-2\">\n\t\t\t\t\t\t\t<span>Platums<\/span><input class=\"dimension-input trigger-calc\" id=\"pipe-square-d-2\" type=\"number\" min=\"0\" \/>\n\t\t\t\t\t\t<\/label> mm<br>\n\t\t\t\t\t\t<\/div>\n\t\t\t\t\t\t\t\t\t\t\t\n\t\t\t\t\t\t<div id=\"dim-3\" class=\"input-holder dimension-input-holder hide dim-pipe-square\">\n\t\t\t\t\t\t\t<label class=\"dimension3\" for=\"dimension-3\">\n\t\t\t\t\t\t\t<span>Biezums<\/span><input class=\"dimension-input trigger-calc\" id=\"pipe-square-d-3\" type=\"number\" min=\"0\" \/>\n\t\t\t\t\t\t<\/label> mm<br>\n\t\t\t\t\t\t<\/div>\n\t\t\t\t\t\t\t\t\t\t\t\t\t\t\t\t\t\t\t\t\t\t\t\t\t\n\t\t\t\t\t\t<div id=\"dim-1\" class=\"input-holder dimension-input-holder hide dim-l-profile\">\n\t\t\t\t\t\t\t<label class=\"dimension1\" for=\"dimension-1\">\n\t\t\t\t\t\t\t<span>Augstums<\/span><input class=\"dimension-input trigger-calc\" id=\"l-profile-d-1\" type=\"number\" min=\"0\" \/>\n\t\t\t\t\t\t<\/label> mm<br>\n\t\t\t\t\t\t<\/div>\n\t\t\t\t\t\t\t\t\t\t\t\n\t\t\t\t\t\t<div id=\"dim-2\" class=\"input-holder dimension-input-holder hide dim-l-profile\">\n\t\t\t\t\t\t\t<label class=\"dimension2\" for=\"dimension-2\">\n\t\t\t\t\t\t\t<span>Platums<\/span><input class=\"dimension-input trigger-calc\" id=\"l-profile-d-2\" type=\"number\" min=\"0\" \/>\n\t\t\t\t\t\t<\/label> mm<br>\n\t\t\t\t\t\t<\/div>\n\t\t\t\t\t\t\t\t\t\t\t\n\t\t\t\t\t\t<div id=\"dim-3\" class=\"input-holder dimension-input-holder hide dim-l-profile\">\n\t\t\t\t\t\t\t<label class=\"dimension3\" for=\"dimension-3\">\n\t\t\t\t\t\t\t<span>Biezums<\/span><input class=\"dimension-input trigger-calc\" id=\"l-profile-d-3\" type=\"number\" min=\"0\" \/>\n\t\t\t\t\t\t<\/label> mm<br>\n\t\t\t\t\t\t<\/div>\n\t\t\t\t\t\t\t\t\t\t\t\t\t\t\t\t\t\t\t\t\t\t\t\t\t\n\t\t\t\t\t\t<div id=\"dim-1\" class=\"input-holder dimension-input-holder hide dim-plate\">\n\t\t\t\t\t\t\t<label class=\"dimension1\" for=\"dimension-1\">\n\t\t\t\t\t\t\t<span>Platums<\/span><input class=\"dimension-input trigger-calc\" id=\"plate-d-1\" type=\"number\" min=\"0\" \/>\n\t\t\t\t\t\t<\/label> mm<br>\n\t\t\t\t\t\t<\/div>\n\t\t\t\t\t\t\t\t\t\t\t\n\t\t\t\t\t\t<div id=\"dim-2\" class=\"input-holder dimension-input-holder hide dim-plate\">\n\t\t\t\t\t\t\t<label class=\"dimension2\" for=\"dimension-2\">\n\t\t\t\t\t\t\t<span>Biezums<\/span><input class=\"dimension-input trigger-calc\" id=\"plate-d-2\" type=\"number\" min=\"0\" \/>\n\t\t\t\t\t\t<\/label> mm<br>\n\t\t\t\t\t\t<\/div>\n\t\t\t\t\t\t\t\t\t\t\t\t\t\t\t\n\t\t\t<\/div>\n\t\t\t<input type=\"button\" class=\"calc-btn\" value=\"Apr\u0113\u0137in\u0101t\" onclick=\"calculateWeights(); return false;\">\n\t\t\t<input type=\"button\" class=\"calc-btn calc-btn-alt\" value=\"Atiestat\u012bt\" onclick=\"resetCalcForm(); return false;\">\n\t\t\t<div class=\"calc-results\">\n\t\t\t\t<div class=\"total-holder\">\n\t\t\t\t<span id=\"total-label\">Svars m\/kg<\/span>\n\t\t\t\t<span id=\"total-plate-label\" class=\"hide\">Kop\u0113jais loksnes svars, kg <\/span>\n\t\t\t\t<span id=\"total-weight-m\" class=\"total-val\">0.000<\/span> <span class=\"calc-unit\">kg<\/span>\n\t\t\t\t<\/div>\n\n\t\t\t\t<div class=\"total-holder\">\n\t\t\t\t\tKop\u0113jais svars, kg <span id=\"total-weight-kg\" class=\"total-val\">0.000<\/span> <span class=\"calc-unit\">kg<\/span>\n\t\t\t\t<\/div>\n\n\t\t\t<\/div>\n\t\t<\/form>\n\n\t\t<div class=\"calc-image-holder\">\n\t\t\t<div id=\"shape-image-holder\"><\/div>\n\t\t<\/div>\n\t<\/div>\n\n\t<style>\n\n\t\t\t\t.hexagonal-img { background: url(https:\/\/www.rulonas.com\/wp-content\/plugins\/rulonas-weight-calculator\/public\/img\/hexagonal.png); }\n\t\t.rectangle-img { background: url(https:\/\/www.rulonas.com\/wp-content\/plugins\/rulonas-weight-calculator\/public\/img\/rectangle.png); }\n\t\t.round-img { background: url(https:\/\/www.rulonas.com\/wp-content\/plugins\/rulonas-weight-calculator\/public\/img\/round.png); }\n\t\t.square-img { background: url(https:\/\/www.rulonas.com\/wp-content\/plugins\/rulonas-weight-calculator\/public\/img\/square.png); }\n\t\t.square-ab-img { background: url(https:\/\/www.rulonas.com\/wp-content\/plugins\/rulonas-weight-calculator\/public\/img\/square.png); }\n\t\t.pipe-square-img { background: url(https:\/\/www.rulonas.com\/wp-content\/plugins\/rulonas-weight-calculator\/public\/img\/pipe-square.png); }\n\t\t.pipe-round-img { background: url(https:\/\/www.rulonas.com\/wp-content\/plugins\/rulonas-weight-calculator\/public\/img\/pipe-round.png); }\n\t\t.l-profile-img { background: url(https:\/\/www.rulonas.com\/wp-content\/plugins\/rulonas-weight-calculator\/public\/img\/l-profile.png); }\n\t\t.plate-img { background: url(https:\/\/www.rulonas.com\/wp-content\/plugins\/rulonas-weight-calculator\/public\/img\/plate.png); }\n\n\t<\/style>\n\t\n<\/div><\/div><\/div><\/div><\/div><div class=\"fusion-fullwidth fullwidth-box fusion-builder-row-3 fusion-flex-container has-pattern-background has-mask-background nonhundred-percent-fullwidth non-hundred-percent-height-scrolling fusion-animated\" style=\"--awb-border-radius-top-left:0px;--awb-border-radius-top-right:0px;--awb-border-radius-bottom-right:0px;--awb-border-radius-bottom-left:0px;--awb-padding-top:60px;--awb-padding-right:20%;--awb-padding-bottom:60px;--awb-padding-left:20%;--awb-padding-right-medium:5%;--awb-padding-left-medium:5%;--awb-padding-right-small:5%;--awb-padding-left-small:5%;\" data-animationType=\"fadeIn\" data-animationDuration=\"0.6\" data-animationOffset=\"top-into-view\" ><div class=\"fusion-builder-row fusion-row fusion-flex-align-items-flex-start\" style=\"max-width:104%;margin-left: calc(-4% \/ 2 );margin-right: calc(-4% \/ 2 );\"><div class=\"fusion-layout-column fusion_builder_column fusion-builder-column-2 fusion_builder_column_1_1 1_1 fusion-flex-column\" style=\"--awb-bg-size:cover;--awb-width-large:100%;--awb-margin-top-large:0px;--awb-spacing-right-large:1.92%;--awb-margin-bottom-large:30px;--awb-spacing-left-large:1.92%;--awb-width-medium:100%;--awb-order-medium:0;--awb-spacing-right-medium:1.92%;--awb-spacing-left-medium:1.92%;--awb-width-small:100%;--awb-order-small:0;--awb-spacing-right-small:1.92%;--awb-spacing-left-small:1.92%;\"><div class=\"fusion-column-wrapper fusion-column-has-shadow fusion-flex-justify-content-flex-start fusion-content-layout-column\"><div class=\"fusion-title title fusion-title-2 fusion-sep-none fusion-title-center fusion-title-text fusion-title-size-two\"><h2 class=\"title-heading-center\" style=\"margin:0;\">K\u0101 lietot met\u0101la svara kalkulatoru?<\/h2><\/div><div class=\"fusion-text fusion-text-3\" style=\"--awb-font-size:16px;--awb-line-height:1.72;--awb-letter-spacing:0.015em;--awb-text-transform:var(--awb-typography4-text-transform);--awb-margin-top:30px;--awb-text-font-family:&quot;Open Sans&quot;;--awb-text-font-style:normal;--awb-text-font-weight:400;\"><\/div><\/div><\/div><div class=\"fusion-layout-column fusion_builder_column fusion-builder-column-3 fusion_builder_column_1_3 1_3 fusion-flex-column\" style=\"--awb-bg-size:cover;--awb-width-large:33.333333333333%;--awb-margin-top-large:0px;--awb-spacing-right-large:5.76%;--awb-margin-bottom-large:20px;--awb-spacing-left-large:5.76%;--awb-width-medium:100%;--awb-order-medium:0;--awb-spacing-right-medium:1.92%;--awb-spacing-left-medium:1.92%;--awb-width-small:100%;--awb-order-small:0;--awb-spacing-right-small:1.92%;--awb-spacing-left-small:1.92%;\"><div class=\"fusion-column-wrapper fusion-column-has-shadow fusion-flex-justify-content-flex-start fusion-content-layout-column\"><div class=\"fusion-text fusion-text-4\" style=\"--awb-font-size:16px;--awb-line-height:1.6;\"><p style=\"text-align: center;\"><span style=\"background: #55a098; display: inline-block; font-size: 30px; color: white; width: 60px; height: 60px; text-align: center; border-radius: 50%; line-height: 60px;\"><b>1<\/b><\/span><\/p>\n<p style=\"text-align: center;\">Izv\u0113lieties produktus, izv\u0113loties materi\u0101lu un formu.<\/p>\n<\/div><\/div><\/div><div class=\"fusion-layout-column fusion_builder_column fusion-builder-column-4 fusion_builder_column_1_3 1_3 fusion-flex-column\" style=\"--awb-bg-size:cover;--awb-width-large:33.333333333333%;--awb-margin-top-large:0px;--awb-spacing-right-large:5.76%;--awb-margin-bottom-large:20px;--awb-spacing-left-large:5.76%;--awb-width-medium:100%;--awb-order-medium:0;--awb-spacing-right-medium:1.92%;--awb-spacing-left-medium:1.92%;--awb-width-small:100%;--awb-order-small:0;--awb-spacing-right-small:1.92%;--awb-spacing-left-small:1.92%;\"><div class=\"fusion-column-wrapper fusion-column-has-shadow fusion-flex-justify-content-flex-start fusion-content-layout-column\"><div class=\"fusion-text fusion-text-5\" style=\"--awb-font-size:16px;--awb-line-height:1.6;\"><p style=\"text-align: center;\"><span style=\"background: #55a098; display: inline-block; font-size: 30px; color: white; width: 60px; height: 60px; text-align: center; border-radius: 50%; line-height: 60px;\"><b>2<\/b><\/span><\/p>\n<p style=\"text-align: center;\">Izv\u0113lieties daudzumu, garumu un izm\u0113ru, lai ieg\u016btu visprec\u012bz\u0101ko rezult\u0101tu.<\/p>\n<\/div><\/div><\/div><div class=\"fusion-layout-column fusion_builder_column fusion-builder-column-5 fusion_builder_column_1_3 1_3 fusion-flex-column\" style=\"--awb-bg-size:cover;--awb-width-large:33.333333333333%;--awb-margin-top-large:0px;--awb-spacing-right-large:5.76%;--awb-margin-bottom-large:20px;--awb-spacing-left-large:5.76%;--awb-width-medium:100%;--awb-order-medium:0;--awb-spacing-right-medium:1.92%;--awb-spacing-left-medium:1.92%;--awb-width-small:100%;--awb-order-small:0;--awb-spacing-right-small:1.92%;--awb-spacing-left-small:1.92%;\"><div class=\"fusion-column-wrapper fusion-column-has-shadow fusion-flex-justify-content-flex-start fusion-content-layout-column\"><div class=\"fusion-text fusion-text-6\" style=\"--awb-font-size:16px;--awb-line-height:1.6;\"><p style=\"text-align: center;\"><span style=\"background: #55a098; display: inline-block; font-size: 30px; color: white; width: 60px; height: 60px; text-align: center; border-radius: 50%; line-height: 60px;\"><b>3<\/b><\/span><\/p>\n<p style=\"text-align: center;\">Noklik\u0161\u0137iniet uz &#8220;Apr\u0113\u0137in\u0101t&#8221;, un ekr\u0101n\u0101 par\u0101d\u012bsies rezult\u0101ts.<\/p>\n<\/div><\/div><\/div><\/div><\/div><div class=\"fusion-fullwidth fullwidth-box fusion-builder-row-4 fusion-flex-container has-pattern-background has-mask-background nonhundred-percent-fullwidth non-hundred-percent-height-scrolling fusion-animated\" style=\"--awb-border-radius-top-left:0px;--awb-border-radius-top-right:0px;--awb-border-radius-bottom-right:0px;--awb-border-radius-bottom-left:0px;--awb-padding-top:60px;--awb-padding-right:20%;--awb-padding-bottom:40px;--awb-padding-left:20%;--awb-padding-right-medium:5%;--awb-padding-left-medium:5%;--awb-padding-right-small:5%;--awb-padding-left-small:5%;\" data-animationType=\"fadeIn\" data-animationDuration=\"0.6\" data-animationOffset=\"top-into-view\" ><div class=\"fusion-builder-row fusion-row fusion-flex-align-items-flex-start\" style=\"max-width:104%;margin-left: calc(-4% \/ 2 );margin-right: calc(-4% \/ 2 );\"><div class=\"fusion-layout-column fusion_builder_column fusion-builder-column-6 fusion_builder_column_1_1 1_1 fusion-flex-column fusion-flex-align-self-flex-start fusion-column-no-min-height\" style=\"--awb-padding-right:30px;--awb-padding-left:30px;--awb-bg-blend:overlay;--awb-bg-size:cover;--awb-width-large:100%;--awb-margin-top-large:0px;--awb-spacing-right-large:1.92%;--awb-margin-bottom-large:0px;--awb-spacing-left-large:1.92%;--awb-width-medium:100%;--awb-spacing-right-medium:1.92%;--awb-spacing-left-medium:1.92%;--awb-width-small:100%;--awb-spacing-right-small:1.92%;--awb-spacing-left-small:1.92%;\"><div class=\"fusion-column-wrapper fusion-flex-justify-content-flex-start fusion-content-layout-column\"><div class=\"fusion-text fusion-text-7 fusion-text-no-margin\" style=\"--awb-margin-bottom:40px;\"><h2 style=\"text-align: center;\">Izv\u0113lieties pareizos t\u0113rauda un alum\u012bnija izstr\u0101d\u0101jumus &#8220;Rulonas&#8221;<\/h2>\n<p style=\"font-size: 18px;\" align=\"center\">Nos\u016btiet mums piepras\u012bjumu p\u0113c tam, kad esat noskaidrojis, cik daudz t\u0113rauda un alum\u012bnija p\u0113c svara b\u016bs nepiecie\u0161ams, un m\u016bsu darbinieks nekav\u0113joties sazin\u0101sies ar jums, nosaucot prec\u012bzu cenu. Sazinieties ar &#8220;Rulonas&#8221; un jums vajadz\u012bgie met\u0101la izstr\u0101d\u0101jumi tiks pieg\u0101d\u0101ti tur, kur tie ir nepiecie\u0161ami!<\/p>\n<\/div><div style=\"text-align:center;\"><a class=\"fusion-button button-flat button-xlarge button-custom fusion-button-default button-1 fusion-button-default-span \" style=\"--button_accent_color:#ffffff;--button_accent_hover_color:#ffffff;--button_border_hover_color:#ffffff;--button_border_width-top:0px;--button_border_width-right:0px;--button_border_width-bottom:0px;--button_border_width-left:0px;--button_gradient_top_color:#61ada5;--button_gradient_bottom_color:#61ada5;--button_gradient_top_color_hover:#67b2aa;--button_gradient_bottom_color_hover:#67b2aa;\" target=\"_self\" href=\"\/lv\/kontktinformacija\/#inquiryLV\"><span class=\"fusion-button-text\">Iesniedziet piepras\u012bjumu<\/span><\/a><\/div><\/div><\/div><\/div><\/div><\/p>\n","protected":false},"excerpt":{"rendered":"","protected":false},"author":1,"featured_media":0,"parent":0,"menu_order":0,"comment_status":"closed","ping_status":"closed","template":"","meta":{"om_disable_all_campaigns":false,"footnotes":""},"class_list":["post-3535","page","type-page","status-publish","hentry"],"aioseo_notices":[],"_links":{"self":[{"href":"https:\/\/www.rulonas.com\/lv\/wp-json\/wp\/v2\/pages\/3535","targetHints":{"allow":["GET"]}}],"collection":[{"href":"https:\/\/www.rulonas.com\/lv\/wp-json\/wp\/v2\/pages"}],"about":[{"href":"https:\/\/www.rulonas.com\/lv\/wp-json\/wp\/v2\/types\/page"}],"author":[{"embeddable":true,"href":"https:\/\/www.rulonas.com\/lv\/wp-json\/wp\/v2\/users\/1"}],"replies":[{"embeddable":true,"href":"https:\/\/www.rulonas.com\/lv\/wp-json\/wp\/v2\/comments?post=3535"}],"version-history":[{"count":6,"href":"https:\/\/www.rulonas.com\/lv\/wp-json\/wp\/v2\/pages\/3535\/revisions"}],"predecessor-version":[{"id":11023,"href":"https:\/\/www.rulonas.com\/lv\/wp-json\/wp\/v2\/pages\/3535\/revisions\/11023"}],"wp:attachment":[{"href":"https:\/\/www.rulonas.com\/lv\/wp-json\/wp\/v2\/media?parent=3535"}],"curies":[{"name":"wp","href":"https:\/\/api.w.org\/{rel}","templated":true}]}}