{"id":1436,"date":"2017-06-15T12:08:43","date_gmt":"2017-06-15T10:08:43","guid":{"rendered":"https:\/\/www.rulonas.com?page_id=1436"},"modified":"2024-08-15T11:01:42","modified_gmt":"2024-08-15T09:01:42","slug":"nerusejosa-terauda-stieni","status":"publish","type":"page","link":"https:\/\/www.rulonas.com\/lv\/produkti\/nerusejosa-terauda-stieni\/","title":{"rendered":"NER\u016aS\u0112JO\u0160\u0100 T\u0112RAUDA STIE\u0145I"},"content":{"rendered":"<div id=\"products\" class=\"fusion-container-anchor\"><div class=\"fusion-fullwidth fullwidth-box fusion-builder-row-1 hundred-percent-fullwidth non-hundred-percent-height-scrolling\" style=\"--awb-border-radius-top-left:0px;--awb-border-radius-top-right:0px;--awb-border-radius-bottom-right:0px;--awb-border-radius-bottom-left:0px;--awb-padding-top:60px;--awb-padding-right:5%;--awb-padding-bottom:30px;--awb-padding-left:10%;--awb-background-color:rgba(242,249,254,0);\" ><div class=\"fusion-builder-row fusion-row\"><div class=\"fusion-layout-column fusion_builder_column fusion-builder-column-0 fusion_builder_column_1_3 1_3 fusion-one-third fusion-column-first\" style=\"--awb-bg-blend:overlay;--awb-bg-size:cover;width:33.333333333333%;width:calc(33.333333333333% - ( ( 4% ) * 0.33333333333333 ) );margin-right: 4%;\"><div class=\"fusion-column-wrapper fusion-flex-column-wrapper-legacy\"><div class=\"fusion-image-element fusion-image-align-center in-legacy-container\" style=\"text-align:center;--awb-caption-title-font-family:var(--h2_typography-font-family);--awb-caption-title-font-weight:var(--h2_typography-font-weight);--awb-caption-title-font-style:var(--h2_typography-font-style);--awb-caption-title-size:var(--h2_typography-font-size);--awb-caption-title-transform:var(--h2_typography-text-transform);--awb-caption-title-line-height:var(--h2_typography-line-height);--awb-caption-title-letter-spacing:var(--h2_typography-letter-spacing);\"><div class=\"imageframe-align-center\"><span class=\" fusion-imageframe imageframe-none imageframe-1 hover-type-none\" class=\"image-magnify\" class=\"image-scroll\"><img decoding=\"async\" width=\"350\" height=\"230\" alt=\"steel bars made by Rulonas\" title=\"steel-bars-s\" src=\"https:\/\/www.rulonas.com\/wp-content\/uploads\/steel-bars-s.jpg\" class=\"img-responsive wp-image-2776\" srcset=\"https:\/\/www.rulonas.com\/wp-content\/uploads\/steel-bars-s-200x131.jpg 200w, https:\/\/www.rulonas.com\/wp-content\/uploads\/steel-bars-s.jpg 350w\" sizes=\"(max-width: 850px) 100vw, 350px\" \/><\/span><\/div><\/div><div class=\"fusion-title title fusion-title-1 fusion-sep-none fusion-title-text fusion-title-size-three\" style=\"--awb-margin-top:10px;\"><h3 class=\"title-heading-left\" style=\"margin:0;\">NER\u016aS\u0112JO\u0160\u0100 T\u0112RAUDA STIE\u0145I<\/h3><\/div><div class=\"fusion-text fusion-text-1\"><p>Augstas apstr\u0101des ner\u016bs\u0113jo\u0161ais t\u0113rauds \u00d85-\u00d8100mm;<br \/>\nKarsti velm\u0113ts \u00d855-\u00d8250mm<br \/>\nKarsti velm\u0113ts 3.0mm-100mm<br \/>\nSloksnes 10\u00d73.0mm till-300\u00d710.0mm<br \/>\nSe\u0161kantis \u00d88-\u00d855mm<br \/>\nKlase: 1.4021; 1.4301; 1.4305; 1.4404; 1.4539, utt.<\/p>\n<\/div><div class=\"fusion-clearfix\"><\/div><\/div><\/div><div class=\"fusion-layout-column fusion_builder_column fusion-builder-column-1 fusion_builder_column_2_3 2_3 fusion-two-third fusion-column-last\" style=\"--awb-bg-blend:overlay;--awb-bg-size:cover;width:66.666666666667%;width:calc(66.666666666667% - ( ( 4% ) * 0.66666666666667 ) );\"><div class=\"fusion-column-wrapper fusion-flex-column-wrapper-legacy\">\n<div class=\"wpcf7 no-js\" id=\"wpcf7-f2539-o1\" lang=\"en-US\" dir=\"ltr\">\n<div class=\"screen-reader-response\"><p role=\"status\" aria-live=\"polite\" aria-atomic=\"true\"><\/p> <ul><\/ul><\/div>\n<form action=\"\/lv\/wp-json\/wp\/v2\/pages\/1436#wpcf7-f2539-o1\" method=\"post\" class=\"wpcf7-form init\" aria-label=\"Contact form\" novalidate=\"novalidate\" data-status=\"init\">\n<div style=\"display: none;\">\n<input type=\"hidden\" name=\"_wpcf7\" value=\"2539\" \/>\n<input type=\"hidden\" name=\"_wpcf7_version\" value=\"5.7.5.1\" \/>\n<input type=\"hidden\" name=\"_wpcf7_locale\" value=\"en_US\" \/>\n<input type=\"hidden\" name=\"_wpcf7_unit_tag\" value=\"wpcf7-f2539-o1\" \/>\n<input type=\"hidden\" name=\"_wpcf7_container_post\" value=\"0\" \/>\n<input type=\"hidden\" name=\"_wpcf7_posted_data_hash\" value=\"\" \/>\n<\/div>\n<p><label> V\u0100RDS (oblig\u0101ts lauks)<br \/>\n<span class=\"wpcf7-form-control-wrap\" data-name=\"your-name\"><input size=\"40\" class=\"wpcf7-form-control wpcf7-text wpcf7-validates-as-required\" aria-required=\"true\" aria-invalid=\"false\" value=\"\" type=\"text\" name=\"your-name\" \/><\/span> <\/label><br \/>\n<label> E-PASTS (oblig\u0101ts lauks)<br \/>\n<span class=\"wpcf7-form-control-wrap\" data-name=\"your-email\"><input size=\"40\" class=\"wpcf7-form-control wpcf7-text wpcf7-email wpcf7-validates-as-required wpcf7-validates-as-email\" aria-required=\"true\" aria-invalid=\"false\" value=\"\" type=\"email\" name=\"your-email\" \/><\/span> <\/label><br \/>\n<label> T\u0100LRUNIS<br \/>\n<span class=\"wpcf7-form-control-wrap\" data-name=\"tel-641\"><input size=\"40\" class=\"wpcf7-form-control wpcf7-text wpcf7-tel wpcf7-validates-as-tel\" aria-invalid=\"false\" value=\"\" type=\"tel\" name=\"tel-641\" \/><\/span> <\/label><br \/>\n<label> JAUT\u0100JUMS<br \/>\n<span class=\"wpcf7-form-control-wrap\" data-name=\"your-message\"><textarea cols=\"40\" rows=\"10\" class=\"wpcf7-form-control wpcf7-textarea\" aria-invalid=\"false\" name=\"your-message\"><\/textarea><\/span> <\/label>\n<\/p>\n<p><input class=\"wpcf7-form-control has-spinner wpcf7-submit\" type=\"submit\" value=\"NOS\u016aT\u012aT\" \/>\n<\/p><div class=\"fusion-alert alert custom alert-custom fusion-alert-center wpcf7-response-output alert-dismissable\" style=\"--awb-border-size:1px;\" role=\"alert\"><div class=\"fusion-alert-content-wrapper\"><span class=\"fusion-alert-content\"><\/span><\/div><button type=\"button\" class=\"close toggle-alert\" data-dismiss=\"alert\" aria-label=\"Close\">&times;<\/button><\/div>\n<\/form>\n<\/div>\n<div class=\"fusion-clearfix\"><\/div><\/div><\/div><\/div><\/div><\/div>\n","protected":false},"excerpt":{"rendered":"","protected":false},"author":1,"featured_media":0,"parent":1412,"menu_order":2,"comment_status":"closed","ping_status":"closed","template":"side-navigation.php","meta":{"om_disable_all_campaigns":false,"footnotes":""},"class_list":["post-1436","page","type-page","status-publish","hentry"],"aioseo_notices":[],"_links":{"self":[{"href":"https:\/\/www.rulonas.com\/lv\/wp-json\/wp\/v2\/pages\/1436","targetHints":{"allow":["GET"]}}],"collection":[{"href":"https:\/\/www.rulonas.com\/lv\/wp-json\/wp\/v2\/pages"}],"about":[{"href":"https:\/\/www.rulonas.com\/lv\/wp-json\/wp\/v2\/types\/page"}],"author":[{"embeddable":true,"href":"https:\/\/www.rulonas.com\/lv\/wp-json\/wp\/v2\/users\/1"}],"replies":[{"embeddable":true,"href":"https:\/\/www.rulonas.com\/lv\/wp-json\/wp\/v2\/comments?post=1436"}],"version-history":[{"count":8,"href":"https:\/\/www.rulonas.com\/lv\/wp-json\/wp\/v2\/pages\/1436\/revisions"}],"predecessor-version":[{"id":11140,"href":"https:\/\/www.rulonas.com\/lv\/wp-json\/wp\/v2\/pages\/1436\/revisions\/11140"}],"up":[{"embeddable":true,"href":"https:\/\/www.rulonas.com\/lv\/wp-json\/wp\/v2\/pages\/1412"}],"wp:attachment":[{"href":"https:\/\/www.rulonas.com\/lv\/wp-json\/wp\/v2\/media?parent=1436"}],"curies":[{"name":"wp","href":"https:\/\/api.w.org\/{rel}","templated":true}]}}