{"id":1405,"date":"2015-02-20T20:12:13","date_gmt":"2015-02-20T18:12:13","guid":{"rendered":"https:\/\/www.rulonas.com?page_id=1405"},"modified":"2024-08-15T11:01:22","modified_gmt":"2024-08-15T09:01:22","slug":"par-mums","status":"publish","type":"page","link":"https:\/\/www.rulonas.com\/lv\/par-mums\/","title":{"rendered":"PAR MUMS"},"content":{"rendered":"<p><div class=\"fusion-fullwidth fullwidth-box fusion-builder-row-1 fusion-flex-container has-pattern-background has-mask-background nonhundred-percent-fullwidth non-hundred-percent-height-scrolling fusion-animated\" style=\"--awb-border-radius-top-left:0px;--awb-border-radius-top-right:0px;--awb-border-radius-bottom-right:0px;--awb-border-radius-bottom-left:0px;--awb-padding-top:60px;--awb-padding-right:20%;--awb-padding-left:20%;--awb-padding-right-medium:5%;--awb-padding-left-medium:5%;--awb-padding-right-small:5%;--awb-padding-left-small:5%;\" data-animationType=\"fadeIn\" data-animationDuration=\"0.6\" data-animationOffset=\"top-into-view\" ><div class=\"fusion-builder-row fusion-row fusion-flex-align-items-flex-start\" style=\"max-width:104%;margin-left: calc(-4% \/ 2 );margin-right: calc(-4% \/ 2 );\"><div class=\"fusion-layout-column fusion_builder_column fusion-builder-column-0 fusion_builder_column_1_1 1_1 fusion-flex-column\" style=\"--awb-bg-size:cover;--awb-width-large:100%;--awb-margin-top-large:0px;--awb-spacing-right-large:1.92%;--awb-margin-bottom-large:20px;--awb-spacing-left-large:1.92%;--awb-width-medium:100%;--awb-order-medium:0;--awb-spacing-right-medium:1.92%;--awb-spacing-left-medium:1.92%;--awb-width-small:100%;--awb-order-small:0;--awb-spacing-right-small:1.92%;--awb-spacing-left-small:1.92%;\"><div class=\"fusion-column-wrapper fusion-column-has-shadow fusion-flex-justify-content-flex-start fusion-content-layout-column\"><div class=\"fusion-title title fusion-title-1 fusion-sep-none fusion-title-center fusion-title-text fusion-title-size-two\"><h2 class=\"title-heading-center\" style=\"margin:0;\">M\u016bsu pieeja un strat\u0113\u0123ija \u013c\u0101va mums sevi pier\u0101d\u012bt un g\u016bt uztic\u012bbu, veidojot ilgtermi\u0146a sadarb\u012bbu<\/h2><\/div><div class=\"fusion-text fusion-text-1\" style=\"--awb-font-size:16px;--awb-line-height:1.72;--awb-letter-spacing:0.015em;--awb-text-transform:var(--awb-typography4-text-transform);--awb-margin-top:30px;--awb-text-font-family:&quot;Open Sans&quot;;--awb-text-font-style:normal;--awb-text-font-weight:400;\"><p style=\"text-align: center;\">M\u0113s sadarbojamies ar izplat\u012bt\u0101jiem, servisa centriem un galalietot\u0101jiem, kas \u013cauj samazin\u0101t izmaksas, vienlaikus nodro\u0161inot elast\u012bbu un gatav\u012bbu piel\u0101goties. J\u016bsu uz\u0146\u0113mums g\u016bs pan\u0101kumus, pateicoties m\u016bsu integr\u0113tajai pieg\u0101des \u0137\u0113dei un m\u016bsu izcilaj\u0101m zin\u0101\u0161an\u0101m par finans\u0113m, riska p\u0101rvald\u012bbu, lo\u0123istiku un tehnolo\u0123ij\u0101m.<\/p>\n<p style=\"text-align: center;\">Pateicoties m\u016bsu elast\u012bgai politikai un uzticamai kvalit\u0101tei, klienti, p\u0101rdev\u0113ji un pieg\u0101d\u0101t\u0101ji izv\u0113las m\u016bsu pakalpojumus jau ilgus gadus, jo esam sevi pier\u0101d\u012bju\u0161i. M\u0113s veidojam ilgsto\u0161as sadarb\u012bbas pamatus un orient\u0113jamies uz savstarp\u0113jo progresu, nodro\u0161inot piel\u0101gotus risin\u0101jumus kop\u0101 ar augst\u0101k\u0101s kvalit\u0101tes ner\u016bs\u0113jo\u0161\u0101 t\u0113rauda un alum\u012bnija izstr\u0101d\u0101jumiem.<\/p>\n<\/div><div class=\"fusion-image-element \" style=\"text-align:center;--awb-margin-top:60px;--awb-margin-bottom:60px;--awb-max-width:200px;--awb-caption-title-font-family:var(--h2_typography-font-family);--awb-caption-title-font-weight:var(--h2_typography-font-weight);--awb-caption-title-font-style:var(--h2_typography-font-style);--awb-caption-title-size:var(--h2_typography-font-size);--awb-caption-title-transform:var(--h2_typography-text-transform);--awb-caption-title-line-height:var(--h2_typography-line-height);--awb-caption-title-letter-spacing:var(--h2_typography-letter-spacing);\"><span class=\" fusion-imageframe imageframe-none imageframe-1 hover-type-none\" class=\"image-magnify\" class=\"image-scroll\"><img decoding=\"async\" width=\"360\" height=\"382\" alt=\"Rulonas transparent logo\" title=\"logoppt\" src=\"https:\/\/www.rulonas.com\/wp-content\/uploads\/logoppt-1.png\" class=\"img-responsive wp-image-2801\" srcset=\"https:\/\/www.rulonas.com\/wp-content\/uploads\/logoppt-1-200x212.png 200w, https:\/\/www.rulonas.com\/wp-content\/uploads\/logoppt-1.png 360w\" sizes=\"(max-width: 1024px) 100vw, (max-width: 850px) 100vw, 360px\" \/><\/span><\/div><\/div><\/div><\/div><\/div><div class=\"fusion-fullwidth fullwidth-box fusion-builder-row-2 fusion-flex-container has-pattern-background has-mask-background fusion-parallax-none nonhundred-percent-fullwidth non-hundred-percent-height-scrolling fusion-animated\" style=\"--awb-border-radius-top-left:0px;--awb-border-radius-top-right:0px;--awb-border-radius-bottom-right:0px;--awb-border-radius-bottom-left:0px;--awb-padding-top:70px;--awb-padding-right:25%;--awb-padding-bottom:70px;--awb-padding-left:25%;--awb-padding-right-medium:5%;--awb-padding-left-medium:5%;--awb-padding-right-small:5%;--awb-padding-left-small:5%;--awb-background-color:var(--awb-custom12);--awb-background-image:url(&quot;https:\/\/www.rulonas.com\/wp-content\/uploads\/24.jpg&quot;);--awb-background-size:cover;\" data-animationType=\"fadeIn\" data-animationDuration=\"0.6\" data-animationOffset=\"top-into-view\" ><div class=\"fusion-builder-row fusion-row fusion-flex-align-items-flex-start\" style=\"max-width:104%;margin-left: calc(-4% \/ 2 );margin-right: calc(-4% \/ 2 );\"><div class=\"fusion-layout-column fusion_builder_column fusion-builder-column-1 fusion_builder_column_1_1 1_1 fusion-flex-column\" style=\"--awb-bg-size:cover;--awb-width-large:100%;--awb-margin-top-large:0px;--awb-spacing-right-large:1.92%;--awb-margin-bottom-large:20px;--awb-spacing-left-large:1.92%;--awb-width-medium:100%;--awb-order-medium:0;--awb-spacing-right-medium:1.92%;--awb-spacing-left-medium:1.92%;--awb-width-small:100%;--awb-order-small:0;--awb-spacing-right-small:1.92%;--awb-spacing-left-small:1.92%;\"><div class=\"fusion-column-wrapper fusion-column-has-shadow fusion-flex-justify-content-flex-start fusion-content-layout-column\"><div class=\"fusion-title title fusion-title-2 fusion-sep-none fusion-title-center fusion-title-text fusion-title-size-two\" style=\"--awb-text-color:#ffffff;--awb-font-size:40px;\"><h2 class=\"title-heading-center\" style=\"margin:0;font-size:1em;\">M\u0113s turam dotus sol\u012bjumus<\/h2><\/div><div class=\"fusion-text fusion-text-2\" style=\"--awb-font-size:20px;--awb-line-height:1.72;--awb-letter-spacing:0.015em;--awb-text-transform:var(--awb-typography4-text-transform);--awb-text-color:#ffffff;--awb-margin-top:30px;--awb-text-font-family:&quot;Open Sans&quot;;--awb-text-font-style:normal;--awb-text-font-weight:400;\"><p style=\"text-align: center;\">&#8220;Rulonas&#8221; nodro\u0161ina klientiem tikai augst\u0101k\u0101s kvalit\u0101tes t\u0113raudu. Ieg\u0101d\u0101jamies t\u0113raudu no lab\u0101kaj\u0101m r\u016bpn\u012bc\u0101m un servisa centriem vis\u0101 pasaul\u0113 un pieg\u0101d\u0101jam produktus laik\u0101.<\/p>\n<p style=\"text-align: center;\">Lai to izdar\u012btu, m\u0113s sniedzam da\u017e\u0101da veida pakalpojumus, tostarp uzglab\u0101\u0161anu, pieg\u0101di un transport\u0113\u0161anu, k\u0101 ar\u012b tirdzniec\u012bbas oper\u0101cijas. &#8220;Rulonas&#8221; komanda pied\u0101v\u0101 pilnu servisu. M\u0113s sagrie\u017eam stie\u0146us (diametrs no 60 mm l\u012bdz 250 mm) un p\u0113c piepras\u012bjuma nodro\u0161in\u0101m lok\u0161\u0146u PVC p\u0101rkl\u0101jumu.<\/p>\n<\/div><\/div><\/div><\/div><\/div><div class=\"fusion-fullwidth fullwidth-box fusion-builder-row-3 fusion-flex-container has-pattern-background has-mask-background nonhundred-percent-fullwidth non-hundred-percent-height-scrolling\" style=\"--awb-border-radius-top-left:0px;--awb-border-radius-top-right:0px;--awb-border-radius-bottom-right:0px;--awb-border-radius-bottom-left:0px;--awb-padding-top:80px;--awb-padding-bottom:80px;\" ><div class=\"fusion-builder-row fusion-row fusion-flex-align-items-flex-start\" style=\"max-width:104%;margin-left: calc(-4% \/ 2 );margin-right: calc(-4% \/ 2 );\"><div class=\"fusion-layout-column fusion_builder_column fusion-builder-column-2 fusion_builder_column_1_1 1_1 fusion-flex-column fusion-flex-align-self-flex-start fusion-column-no-min-height\" style=\"--awb-padding-right:30px;--awb-padding-left:30px;--awb-bg-blend:overlay;--awb-bg-size:cover;--awb-width-large:100%;--awb-margin-top-large:0px;--awb-spacing-right-large:1.92%;--awb-margin-bottom-large:0px;--awb-spacing-left-large:1.92%;--awb-width-medium:100%;--awb-spacing-right-medium:1.92%;--awb-spacing-left-medium:1.92%;--awb-width-small:100%;--awb-spacing-right-small:1.92%;--awb-spacing-left-small:1.92%;\"><div class=\"fusion-column-wrapper fusion-flex-justify-content-flex-start fusion-content-layout-column\"><div class=\"fusion-text fusion-text-3 fusion-text-no-margin\" style=\"--awb-margin-bottom:40px;\"><h2 style=\"text-align: center;\">Gaid\u0101m j\u016bs!<\/h2>\n<p style=\"font-size: 18px;\" align=\"center\">Ja jums vajag veidgabalus, alum\u012bniju, ner\u016bs\u0113jo\u0161o t\u0113raudu un citus materi\u0101lus savam projektam tagad, kad m\u0113s dar\u012bsim visu, lai j\u016bs to visu sa\u0146emtu tad, kad jums tas ir vajadz\u012bgs.<br \/>\nPast\u0101stiet mums, k\u0101di produkti jums nepiecie\u0161ami, un m\u0113s jums atbild\u0113sim vienas dienas laik\u0101!<\/p>\n<\/div><div style=\"text-align:center;\"><a class=\"fusion-button button-flat button-xlarge button-custom fusion-button-default button-1 fusion-button-default-span \" style=\"--button_accent_color:#ffffff;--button_accent_hover_color:#ffffff;--button_border_hover_color:#ffffff;--button_border_width-top:0px;--button_border_width-right:0px;--button_border_width-bottom:0px;--button_border_width-left:0px;--button_gradient_top_color:#61ada5;--button_gradient_bottom_color:#61ada5;--button_gradient_top_color_hover:#67b2aa;--button_gradient_bottom_color_hover:#67b2aa;\" target=\"_self\" href=\"\/lv\/kontktinformacija\/#inquiryLV\"><span class=\"fusion-button-text\">S\u016bt\u012bt piepras\u012bjumu<\/span><\/a><\/div><div class=\"fusion-image-element \" style=\"text-align:center;--awb-margin-top:60px;--awb-caption-title-font-family:var(--h2_typography-font-family);--awb-caption-title-font-weight:var(--h2_typography-font-weight);--awb-caption-title-font-style:var(--h2_typography-font-style);--awb-caption-title-size:var(--h2_typography-font-size);--awb-caption-title-transform:var(--h2_typography-text-transform);--awb-caption-title-line-height:var(--h2_typography-line-height);--awb-caption-title-letter-spacing:var(--h2_typography-letter-spacing);\"><span class=\" fusion-imageframe imageframe-glow imageframe-2 hover-type-none fusion-animated\" style=\"border-radius:8px;-webkit-box-shadow: 0 0 7px rgba(186,186,186,0.3);box-shadow: 0 0 7px rgba(186,186,186,0.3);\" data-animationType=\"fadeInLeft\" data-animationDuration=\"0.5\" data-animationOffset=\"top-into-view\" class=\"image-magnify\" class=\"image-scroll\"><img decoding=\"async\" width=\"886\" height=\"886\" alt=\"Map with points showing Rulonas sale locations\" title=\"170205-3d\" src=\"https:\/\/www.rulonas.com\/wp-content\/uploads\/map-6.jpg\" class=\"img-responsive wp-image-10566\"\/><\/span><\/div><\/div><\/div><\/div><\/div><\/p>\n","protected":false},"excerpt":{"rendered":"","protected":false},"author":1,"featured_media":0,"parent":0,"menu_order":1,"comment_status":"open","ping_status":"closed","template":"","meta":{"om_disable_all_campaigns":false,"footnotes":""},"class_list":["post-1405","page","type-page","status-publish","hentry"],"aioseo_notices":[],"_links":{"self":[{"href":"https:\/\/www.rulonas.com\/lv\/wp-json\/wp\/v2\/pages\/1405","targetHints":{"allow":["GET"]}}],"collection":[{"href":"https:\/\/www.rulonas.com\/lv\/wp-json\/wp\/v2\/pages"}],"about":[{"href":"https:\/\/www.rulonas.com\/lv\/wp-json\/wp\/v2\/types\/page"}],"author":[{"embeddable":true,"href":"https:\/\/www.rulonas.com\/lv\/wp-json\/wp\/v2\/users\/1"}],"replies":[{"embeddable":true,"href":"https:\/\/www.rulonas.com\/lv\/wp-json\/wp\/v2\/comments?post=1405"}],"version-history":[{"count":10,"href":"https:\/\/www.rulonas.com\/lv\/wp-json\/wp\/v2\/pages\/1405\/revisions"}],"predecessor-version":[{"id":11136,"href":"https:\/\/www.rulonas.com\/lv\/wp-json\/wp\/v2\/pages\/1405\/revisions\/11136"}],"wp:attachment":[{"href":"https:\/\/www.rulonas.com\/lv\/wp-json\/wp\/v2\/media?parent=1405"}],"curies":[{"name":"wp","href":"https:\/\/api.w.org\/{rel}","templated":true}]}}