{"id":11310,"date":"2026-02-09T17:32:15","date_gmt":"2026-02-09T15:32:15","guid":{"rendered":"https:\/\/www.rulonas.com\/produkti\/tubes\/"},"modified":"2026-02-19T22:44:48","modified_gmt":"2026-02-19T20:44:48","slug":"caurules","status":"publish","type":"page","link":"https:\/\/www.rulonas.com\/lv\/produkti\/caurules\/","title":{"rendered":"CAURULES"},"content":{"rendered":"<p><div class=\"fusion-fullwidth fullwidth-box fusion-builder-row-1 fusion-flex-container has-pattern-background has-mask-background nonhundred-percent-fullwidth non-hundred-percent-height-scrolling\" style=\"--awb-border-radius-top-left:0px;--awb-border-radius-top-right:0px;--awb-border-radius-bottom-right:0px;--awb-border-radius-bottom-left:0px;--awb-padding-top:25px;\" ><div class=\"fusion-builder-row fusion-row fusion-flex-align-items-center fusion-flex-justify-content-center\" style=\"max-width:104%;margin-left: calc(-4% \/ 2 );margin-right: calc(-4% \/ 2 );\"><div class=\"fusion-layout-column fusion_builder_column fusion-builder-column-0 fusion_builder_column_3_4 3_4 fusion-flex-column\" style=\"--awb-bg-size:cover;--awb-width-large:75%;--awb-margin-top-large:0px;--awb-spacing-right-large:2.56%;--awb-margin-bottom-large:20px;--awb-spacing-left-large:2.56%;--awb-width-medium:100%;--awb-order-medium:0;--awb-spacing-right-medium:1.92%;--awb-spacing-left-medium:1.92%;--awb-width-small:100%;--awb-order-small:0;--awb-spacing-right-small:1.92%;--awb-spacing-left-small:1.92%;\"><div class=\"fusion-column-wrapper fusion-column-has-shadow fusion-flex-justify-content-flex-start fusion-content-layout-column\"><div class=\"fusion-title title fusion-title-1 fusion-sep-none fusion-title-center fusion-title-text fusion-title-size-two\" style=\"--awb-margin-bottom:25px;\"><h2 class=\"title-heading-center\" style=\"margin:0;text-transform:uppercase;\">CAURULES<\/h2><\/div><div class=\"fusion-text fusion-text-1\" style=\"--awb-content-alignment:center;\"><p>Rulonas Euromet augstas kvalit\u0101tes oglek\u013ca t\u0113rauda caurul\u0113m ir izcilas meh\u0101nisk\u0101s \u012bpa\u0161\u012bbas un iztur\u012bba, t\u0101p\u0113c t\u0101s ir ide\u0101li piem\u0113rotas b\u016bvniec\u012bbai, in\u017eeniertehniskaj\u0101m un augsta spiediena vid\u0113m. Atkl\u0101jiet ide\u0101los oglek\u013ca t\u0113rauda cauru\u013cu risin\u0101jumus, kas \u012bpa\u0161i izstr\u0101d\u0101ti j\u016bsu \u012bpa\u0161aj\u0101m vajadz\u012bb\u0101m.<\/p>\n<\/div><\/div><\/div><\/div><\/div><div id=\"products\" class=\"fusion-container-anchor\"><div class=\"fusion-fullwidth fullwidth-box fusion-builder-row-2 hundred-percent-fullwidth non-hundred-percent-height-scrolling\" style=\"--awb-border-radius-top-left:0px;--awb-border-radius-top-right:0px;--awb-border-radius-bottom-right:0px;--awb-border-radius-bottom-left:0px;--awb-padding-right:5%;--awb-padding-bottom:30px;--awb-padding-left:10%;--awb-background-color:rgba(255,242,242,0);\" ><div class=\"fusion-builder-row fusion-row\"><div class=\"fusion-layout-column fusion_builder_column fusion-builder-column-1 fusion_builder_column_1_2 1_2 fusion-one-half fusion-column-first\" style=\"--awb-bg-blend:overlay;--awb-bg-size:cover;width:50%;width:calc(50% - ( ( 4% ) * 0.5 ) );margin-right: 4%;\"><div class=\"fusion-column-wrapper fusion-flex-column-wrapper-legacy\"><div class=\"fusion-title title fusion-title-2 fusion-sep-none fusion-title-text fusion-title-size-three\" style=\"--awb-margin-top:10px;--awb-margin-bottom:10px;\"><h3 class=\"title-heading-left\" style=\"margin:0;\">CAURULES<\/h3><\/div><div class=\"fusion-text fusion-text-2\"><p><strong>Karsti velm\u0113tas bez\u0161uvju caurules:<\/strong> \u00d810,2&#215;1,6 \u2013 \u00d8660x100mm<br \/>\n<strong>T\u0113rauda markas:<\/strong> S355J2H, E470, P235GH, 16Mo3, 10CrMo9-10, 13CrMo4-5, S690QL, S790QL<br \/>\n<strong>Karsti velm\u0113tas kvadr\u0101tveida un taisnst\u016brveida caurules:<\/strong> 50&#215;50 &#8211; 500x500mm<br \/>\n<strong>T\u0113rauda markas:<\/strong> S355J2H<br \/>\n<strong>Auksti vilktas caurules:<\/strong> \u00d86&#215;1 \u2013 \u00d8260x25mm<br \/>\n<strong>T\u0113rauda markas:<\/strong> E235+C, E355+C<\/p>\n<p>M\u016bsu ekspertu komanda ir gatava J\u016bs uzklaus\u012bt. S\u016btiet piepras\u012bjumu m\u016bsu vietn\u0113, vai uz e-pastu <a href=\"mailto:sales@rulonas.com\">sales@rulonas.com<\/a> vai zvaniet mums <a href=\"tel:+370 37 213371\">+370 37 213371<\/a><\/p>\n<\/div><div class=\"fusion-clearfix\"><\/div><\/div><\/div><div class=\"fusion-layout-column fusion_builder_column fusion-builder-column-2 fusion_builder_column_1_2 1_2 fusion-one-half fusion-column-last\" style=\"--awb-bg-blend:overlay;--awb-bg-size:cover;width:50%;width:calc(50% - ( ( 4% ) * 0.5 ) );\"><div class=\"fusion-column-wrapper fusion-flex-column-wrapper-legacy\">\n<div class=\"wpcf7 no-js\" id=\"wpcf7-f2539-o1\" lang=\"en-US\" dir=\"ltr\">\n<div class=\"screen-reader-response\"><p role=\"status\" aria-live=\"polite\" aria-atomic=\"true\"><\/p> <ul><\/ul><\/div>\n<form action=\"\/lv\/wp-json\/wp\/v2\/pages\/11310#wpcf7-f2539-o1\" method=\"post\" class=\"wpcf7-form init\" aria-label=\"Contact form\" novalidate=\"novalidate\" data-status=\"init\">\n<div style=\"display: none;\">\n<input type=\"hidden\" name=\"_wpcf7\" value=\"2539\" \/>\n<input type=\"hidden\" name=\"_wpcf7_version\" value=\"5.7.5.1\" \/>\n<input type=\"hidden\" name=\"_wpcf7_locale\" value=\"en_US\" \/>\n<input type=\"hidden\" name=\"_wpcf7_unit_tag\" value=\"wpcf7-f2539-o1\" \/>\n<input type=\"hidden\" name=\"_wpcf7_container_post\" value=\"0\" \/>\n<input type=\"hidden\" name=\"_wpcf7_posted_data_hash\" value=\"\" \/>\n<\/div>\n<p><label> V\u0100RDS (oblig\u0101ts lauks)<br \/>\n<span class=\"wpcf7-form-control-wrap\" data-name=\"your-name\"><input size=\"40\" class=\"wpcf7-form-control wpcf7-text wpcf7-validates-as-required\" aria-required=\"true\" aria-invalid=\"false\" value=\"\" type=\"text\" name=\"your-name\" \/><\/span> <\/label><br \/>\n<label> E-PASTS (oblig\u0101ts lauks)<br \/>\n<span class=\"wpcf7-form-control-wrap\" data-name=\"your-email\"><input size=\"40\" class=\"wpcf7-form-control wpcf7-text wpcf7-email wpcf7-validates-as-required wpcf7-validates-as-email\" aria-required=\"true\" aria-invalid=\"false\" value=\"\" type=\"email\" name=\"your-email\" \/><\/span> <\/label><br \/>\n<label> T\u0100LRUNIS<br \/>\n<span class=\"wpcf7-form-control-wrap\" data-name=\"tel-641\"><input size=\"40\" class=\"wpcf7-form-control wpcf7-text wpcf7-tel wpcf7-validates-as-tel\" aria-invalid=\"false\" value=\"\" type=\"tel\" name=\"tel-641\" \/><\/span> <\/label><br \/>\n<label> JAUT\u0100JUMS<br \/>\n<span class=\"wpcf7-form-control-wrap\" data-name=\"your-message\"><textarea cols=\"40\" rows=\"10\" class=\"wpcf7-form-control wpcf7-textarea\" aria-invalid=\"false\" name=\"your-message\"><\/textarea><\/span> <\/label>\n<\/p>\n<p><input class=\"wpcf7-form-control has-spinner wpcf7-submit\" type=\"submit\" value=\"NOS\u016aT\u012aT\" \/>\n<\/p><div class=\"fusion-alert alert custom alert-custom fusion-alert-center wpcf7-response-output alert-dismissable\" style=\"--awb-border-size:1px;\" role=\"alert\"><div class=\"fusion-alert-content-wrapper\"><span class=\"fusion-alert-content\"><\/span><\/div><button type=\"button\" class=\"close toggle-alert\" data-dismiss=\"alert\" aria-label=\"Close\">&times;<\/button><\/div>\n<\/form>\n<\/div>\n<div class=\"fusion-clearfix\"><\/div><\/div><\/div><\/div><\/div><\/div><\/p>\n","protected":false},"excerpt":{"rendered":"","protected":false},"author":1,"featured_media":0,"parent":1412,"menu_order":0,"comment_status":"closed","ping_status":"closed","template":"side-navigation.php","meta":{"om_disable_all_campaigns":false,"footnotes":""},"class_list":["post-11310","page","type-page","status-publish","hentry"],"aioseo_notices":[],"_links":{"self":[{"href":"https:\/\/www.rulonas.com\/lv\/wp-json\/wp\/v2\/pages\/11310","targetHints":{"allow":["GET"]}}],"collection":[{"href":"https:\/\/www.rulonas.com\/lv\/wp-json\/wp\/v2\/pages"}],"about":[{"href":"https:\/\/www.rulonas.com\/lv\/wp-json\/wp\/v2\/types\/page"}],"author":[{"embeddable":true,"href":"https:\/\/www.rulonas.com\/lv\/wp-json\/wp\/v2\/users\/1"}],"replies":[{"embeddable":true,"href":"https:\/\/www.rulonas.com\/lv\/wp-json\/wp\/v2\/comments?post=11310"}],"version-history":[{"count":3,"href":"https:\/\/www.rulonas.com\/lv\/wp-json\/wp\/v2\/pages\/11310\/revisions"}],"predecessor-version":[{"id":11318,"href":"https:\/\/www.rulonas.com\/lv\/wp-json\/wp\/v2\/pages\/11310\/revisions\/11318"}],"up":[{"embeddable":true,"href":"https:\/\/www.rulonas.com\/lv\/wp-json\/wp\/v2\/pages\/1412"}],"wp:attachment":[{"href":"https:\/\/www.rulonas.com\/lv\/wp-json\/wp\/v2\/media?parent=11310"}],"curies":[{"name":"wp","href":"https:\/\/api.w.org\/{rel}","templated":true}]}}