{"id":11301,"date":"2026-02-09T17:01:57","date_gmt":"2026-02-09T15:01:57","guid":{"rendered":"https:\/\/www.rulonas.com\/produkti\/tool-steel\/"},"modified":"2026-02-19T22:25:52","modified_gmt":"2026-02-19T20:25:52","slug":"instrumentu-terauds","status":"publish","type":"page","link":"https:\/\/www.rulonas.com\/lv\/produkti\/instrumentu-terauds\/","title":{"rendered":"INSTRUMENTU T\u0112RAUDS"},"content":{"rendered":"<p><div class=\"fusion-fullwidth fullwidth-box fusion-builder-row-1 fusion-flex-container has-pattern-background has-mask-background nonhundred-percent-fullwidth non-hundred-percent-height-scrolling\" style=\"--awb-border-radius-top-left:0px;--awb-border-radius-top-right:0px;--awb-border-radius-bottom-right:0px;--awb-border-radius-bottom-left:0px;--awb-padding-top:25px;\" ><div class=\"fusion-builder-row fusion-row fusion-flex-align-items-center fusion-flex-justify-content-center\" style=\"max-width:104%;margin-left: calc(-4% \/ 2 );margin-right: calc(-4% \/ 2 );\"><div class=\"fusion-layout-column fusion_builder_column fusion-builder-column-0 fusion_builder_column_3_4 3_4 fusion-flex-column\" style=\"--awb-bg-size:cover;--awb-width-large:75%;--awb-margin-top-large:0px;--awb-spacing-right-large:2.56%;--awb-margin-bottom-large:20px;--awb-spacing-left-large:2.56%;--awb-width-medium:100%;--awb-order-medium:0;--awb-spacing-right-medium:1.92%;--awb-spacing-left-medium:1.92%;--awb-width-small:100%;--awb-order-small:0;--awb-spacing-right-small:1.92%;--awb-spacing-left-small:1.92%;\"><div class=\"fusion-column-wrapper fusion-column-has-shadow fusion-flex-justify-content-flex-start fusion-content-layout-column\"><div class=\"fusion-title title fusion-title-1 fusion-sep-none fusion-title-center fusion-title-text fusion-title-size-two\" style=\"--awb-margin-bottom:25px;\"><h2 class=\"title-heading-center\" style=\"margin:0;text-transform:uppercase;\">INSTRUMENTU T\u0112RAUDS<\/h2><\/div><div class=\"fusion-text fusion-text-1\" style=\"--awb-content-alignment:center;\"><p>Rulonas Euromet instrumentu t\u0113rauds, prec\u012bzas instrumentu apstr\u0101des un augstas veiktsp\u0113jas lietojumu pamats. M\u016bsu instrumentu t\u0113raudi ir izstr\u0101d\u0101ti, lai nodro\u0161in\u0101tu izcilu ciet\u012bbu, stingr\u012bbu un nodilumiztur\u012bbu, nodro\u0161inot optim\u0101lu veiktsp\u0113ju un ilgm\u016b\u017e\u012bbu vispras\u012bg\u0101kaj\u0101 r\u016bpnieciskaj\u0101 vid\u0113. Izp\u0113tiet m\u016bsu pla\u0161o izv\u0113li, lai atrastu perfektus t\u0113rauda risin\u0101jumus, kas piel\u0101goti j\u016bsu instrumentu vajadz\u012bb\u0101m.<\/p>\n<\/div><\/div><\/div><\/div><\/div><div id=\"products\" class=\"fusion-container-anchor\"><div class=\"fusion-fullwidth fullwidth-box fusion-builder-row-2 hundred-percent-fullwidth non-hundred-percent-height-scrolling\" style=\"--awb-border-radius-top-left:0px;--awb-border-radius-top-right:0px;--awb-border-radius-bottom-right:0px;--awb-border-radius-bottom-left:0px;--awb-padding-right:5%;--awb-padding-bottom:30px;--awb-padding-left:10%;--awb-background-color:rgba(242,249,254,0);\" ><div class=\"fusion-builder-row fusion-row\"><div class=\"fusion-layout-column fusion_builder_column fusion-builder-column-1 fusion_builder_column_1_2 1_2 fusion-one-half fusion-column-first\" style=\"--awb-bg-blend:overlay;--awb-bg-size:cover;width:50%;width:calc(50% - ( ( 4% ) * 0.5 ) );margin-right: 4%;\"><div class=\"fusion-column-wrapper fusion-flex-column-wrapper-legacy\"><div class=\"fusion-title title fusion-title-2 fusion-sep-none fusion-title-text fusion-title-size-three\" style=\"--awb-margin-top:10px;--awb-margin-bottom:10px;\"><h3 class=\"title-heading-left\" style=\"margin:0;\">INSTRUMENTU T\u0112RAUDS<\/h3><\/div><div class=\"fusion-text fusion-text-2\"><p><strong>Apa\u013cie stie\u0146i:<\/strong> \u00d85 \u2013 \u00d8605mm<br \/>\n<strong>Sagataves:<\/strong> 610x1300mm<br \/>\n<strong>Markas:<\/strong> 1.2343, 1.2344, 1.2714, 1.2379, 1.2842, 1.2312, 1.2316, 1.2210, 1.2363, 1.2365, 1.2550, 1.3343, 1.2378, Toolox33, Toolox44, etc.<br \/>\n<strong>Pakalpojumi:<\/strong> grie\u0161ana p\u0113c garuma, meh\u0101nisk\u0101 apstr\u0101de p\u0113c specifik\u0101cijas<\/p>\n<p>M\u016bsu ekspertu komanda ir gatava J\u016bs uzklaus\u012bt. S\u016btiet piepras\u012bjumu m\u016bsu vietn\u0113, vai uz e-pastu <a href=\"mailto:sales@rulonas.com\">sales@rulonas.com<\/a> vai zvaniet mums <a href=\"tel:+370 37 213371\">+370 37 213371<\/a><\/p>\n<\/div><div class=\"fusion-clearfix\"><\/div><\/div><\/div><div class=\"fusion-layout-column fusion_builder_column fusion-builder-column-2 fusion_builder_column_1_2 1_2 fusion-one-half fusion-column-last\" style=\"--awb-bg-blend:overlay;--awb-bg-size:cover;width:50%;width:calc(50% - ( ( 4% ) * 0.5 ) );\"><div class=\"fusion-column-wrapper fusion-flex-column-wrapper-legacy\">\n<div class=\"wpcf7 no-js\" id=\"wpcf7-f2539-o1\" lang=\"en-US\" dir=\"ltr\">\n<div class=\"screen-reader-response\"><p role=\"status\" aria-live=\"polite\" aria-atomic=\"true\"><\/p> <ul><\/ul><\/div>\n<form action=\"\/lv\/wp-json\/wp\/v2\/pages\/11301#wpcf7-f2539-o1\" method=\"post\" class=\"wpcf7-form init\" aria-label=\"Contact form\" novalidate=\"novalidate\" data-status=\"init\">\n<div style=\"display: none;\">\n<input type=\"hidden\" name=\"_wpcf7\" value=\"2539\" \/>\n<input type=\"hidden\" name=\"_wpcf7_version\" value=\"5.7.5.1\" \/>\n<input type=\"hidden\" name=\"_wpcf7_locale\" value=\"en_US\" \/>\n<input type=\"hidden\" name=\"_wpcf7_unit_tag\" value=\"wpcf7-f2539-o1\" \/>\n<input type=\"hidden\" name=\"_wpcf7_container_post\" value=\"0\" \/>\n<input type=\"hidden\" name=\"_wpcf7_posted_data_hash\" value=\"\" \/>\n<\/div>\n<p><label> V\u0100RDS (oblig\u0101ts lauks)<br \/>\n<span class=\"wpcf7-form-control-wrap\" data-name=\"your-name\"><input size=\"40\" class=\"wpcf7-form-control wpcf7-text wpcf7-validates-as-required\" aria-required=\"true\" aria-invalid=\"false\" value=\"\" type=\"text\" name=\"your-name\" \/><\/span> <\/label><br \/>\n<label> E-PASTS (oblig\u0101ts lauks)<br \/>\n<span class=\"wpcf7-form-control-wrap\" data-name=\"your-email\"><input size=\"40\" class=\"wpcf7-form-control wpcf7-text wpcf7-email wpcf7-validates-as-required wpcf7-validates-as-email\" aria-required=\"true\" aria-invalid=\"false\" value=\"\" type=\"email\" name=\"your-email\" \/><\/span> <\/label><br \/>\n<label> T\u0100LRUNIS<br \/>\n<span class=\"wpcf7-form-control-wrap\" data-name=\"tel-641\"><input size=\"40\" class=\"wpcf7-form-control wpcf7-text wpcf7-tel wpcf7-validates-as-tel\" aria-invalid=\"false\" value=\"\" type=\"tel\" name=\"tel-641\" \/><\/span> <\/label><br \/>\n<label> JAUT\u0100JUMS<br \/>\n<span class=\"wpcf7-form-control-wrap\" data-name=\"your-message\"><textarea cols=\"40\" rows=\"10\" class=\"wpcf7-form-control wpcf7-textarea\" aria-invalid=\"false\" name=\"your-message\"><\/textarea><\/span> <\/label>\n<\/p>\n<p><input class=\"wpcf7-form-control has-spinner wpcf7-submit\" type=\"submit\" value=\"NOS\u016aT\u012aT\" \/>\n<\/p><div class=\"fusion-alert alert custom alert-custom fusion-alert-center wpcf7-response-output alert-dismissable\" style=\"--awb-border-size:1px;\" role=\"alert\"><div class=\"fusion-alert-content-wrapper\"><span class=\"fusion-alert-content\"><\/span><\/div><button type=\"button\" class=\"close toggle-alert\" data-dismiss=\"alert\" aria-label=\"Close\">&times;<\/button><\/div>\n<\/form>\n<\/div>\n<div class=\"fusion-clearfix\"><\/div><\/div><\/div><\/div><\/div><\/div><\/p>\n","protected":false},"excerpt":{"rendered":"","protected":false},"author":1,"featured_media":0,"parent":1412,"menu_order":0,"comment_status":"closed","ping_status":"closed","template":"side-navigation.php","meta":{"om_disable_all_campaigns":false,"footnotes":""},"class_list":["post-11301","page","type-page","status-publish","hentry"],"aioseo_notices":[],"_links":{"self":[{"href":"https:\/\/www.rulonas.com\/lv\/wp-json\/wp\/v2\/pages\/11301","targetHints":{"allow":["GET"]}}],"collection":[{"href":"https:\/\/www.rulonas.com\/lv\/wp-json\/wp\/v2\/pages"}],"about":[{"href":"https:\/\/www.rulonas.com\/lv\/wp-json\/wp\/v2\/types\/page"}],"author":[{"embeddable":true,"href":"https:\/\/www.rulonas.com\/lv\/wp-json\/wp\/v2\/users\/1"}],"replies":[{"embeddable":true,"href":"https:\/\/www.rulonas.com\/lv\/wp-json\/wp\/v2\/comments?post=11301"}],"version-history":[{"count":2,"href":"https:\/\/www.rulonas.com\/lv\/wp-json\/wp\/v2\/pages\/11301\/revisions"}],"predecessor-version":[{"id":11306,"href":"https:\/\/www.rulonas.com\/lv\/wp-json\/wp\/v2\/pages\/11301\/revisions\/11306"}],"up":[{"embeddable":true,"href":"https:\/\/www.rulonas.com\/lv\/wp-json\/wp\/v2\/pages\/1412"}],"wp:attachment":[{"href":"https:\/\/www.rulonas.com\/lv\/wp-json\/wp\/v2\/media?parent=11301"}],"curies":[{"name":"wp","href":"https:\/\/api.w.org\/{rel}","templated":true}]}}