{"id":11001,"date":"2024-02-26T14:30:39","date_gmt":"2024-02-26T12:30:39","guid":{"rendered":"https:\/\/www.rulonas.com\/services\/"},"modified":"2024-08-15T11:03:58","modified_gmt":"2024-08-15T09:03:58","slug":"pakalpojumi","status":"publish","type":"page","link":"https:\/\/www.rulonas.com\/lv\/pakalpojumi\/","title":{"rendered":"Pakalpojumi"},"content":{"rendered":"<p><div class=\"fusion-fullwidth fullwidth-box fusion-builder-row-1 fusion-flex-container has-pattern-background has-mask-background nonhundred-percent-fullwidth non-hundred-percent-height-scrolling\" style=\"--awb-border-radius-top-left:0px;--awb-border-radius-top-right:0px;--awb-border-radius-bottom-right:0px;--awb-border-radius-bottom-left:0px;--awb-padding-right:10%;--awb-padding-left:10%;--awb-padding-right-medium:30px;--awb-padding-left-medium:30px;--awb-margin-top:40px;--awb-margin-bottom:40px;\" ><div class=\"fusion-builder-row fusion-row fusion-flex-align-items-center\" style=\"max-width:104%;margin-left: calc(-4% \/ 2 );margin-right: calc(-4% \/ 2 );\"><div class=\"fusion-layout-column fusion_builder_column fusion-builder-column-0 fusion_builder_column_1_2 1_2 fusion-flex-column\" style=\"--awb-bg-size:cover;--awb-width-large:50%;--awb-margin-top-large:0px;--awb-spacing-right-large:3.84%;--awb-margin-bottom-large:20px;--awb-spacing-left-large:3.84%;--awb-width-medium:100%;--awb-order-medium:0;--awb-spacing-right-medium:1.92%;--awb-spacing-left-medium:1.92%;--awb-width-small:100%;--awb-order-small:0;--awb-spacing-right-small:1.92%;--awb-spacing-left-small:1.92%;\"><div class=\"fusion-column-wrapper fusion-column-has-shadow fusion-flex-justify-content-flex-start fusion-content-layout-column\"><div class=\"fusion-title title fusion-title-1 fusion-sep-none fusion-title-text fusion-title-size-two\"><h2 class=\"title-heading-left\" style=\"margin:0;\">\u0100tra pieg\u0101de un izcila klientu apkalpo\u0161ana<\/h2><\/div><div class=\"fusion-text fusion-text-1\" style=\"--awb-font-size:16px;--awb-line-height:1.72;--awb-letter-spacing:0.015em;--awb-text-transform:var(--awb-typography4-text-transform);--awb-margin-top:30px;--awb-text-font-family:&quot;Open Sans&quot;;--awb-text-font-style:normal;--awb-text-font-weight:400;\"><p>No br\u012b\u017ea, kad sazin\u0101sieties ar mums, pirms m\u0113s nos\u016bt\u012bsim visu inform\u0101ciju par cen\u0101m un m\u016bsu pied\u0101v\u0101jumu, k\u0101 ar\u012b paredzamo pieg\u0101des laiku, paies da\u017eas stundas. P\u0113c pas\u016bt\u012bjuma veik\u0161anas m\u0113s organiz\u0113jam materi\u0101lu iepako\u0161anu un transport\u0113\u0161anu, lai nodro\u0161in\u0101tu dro\u0161u un savlaic\u012bgu pieg\u0101di.<\/p>\n<p>Visa procesa laik\u0101 m\u016bsu komanda inform\u0113s j\u016bs par j\u016bsu pas\u016bt\u012bjuma izpildes gaitu. Ja jums rodas jaut\u0101jumi par m\u016bsu pakalpojumiem, jebkur\u0101 laik\u0101 varat sazin\u0101ties ar mums.<\/p>\n<\/div><\/div><\/div><div class=\"fusion-layout-column fusion_builder_column fusion-builder-column-1 fusion_builder_column_1_2 1_2 fusion-flex-column\" style=\"--awb-bg-size:cover;--awb-width-large:50%;--awb-margin-top-large:0px;--awb-spacing-right-large:3.84%;--awb-margin-bottom-large:20px;--awb-spacing-left-large:3.84%;--awb-width-medium:100%;--awb-order-medium:0;--awb-spacing-right-medium:1.92%;--awb-spacing-left-medium:1.92%;--awb-width-small:100%;--awb-order-small:0;--awb-spacing-right-small:1.92%;--awb-spacing-left-small:1.92%;\"><div class=\"fusion-column-wrapper fusion-column-has-shadow fusion-flex-justify-content-flex-start fusion-content-layout-column\"><div class=\"fusion-image-element \" style=\"--awb-aspect-ratio:4 \/ 3;--awb-caption-title-font-family:var(--h2_typography-font-family);--awb-caption-title-font-weight:var(--h2_typography-font-weight);--awb-caption-title-font-style:var(--h2_typography-font-style);--awb-caption-title-size:var(--h2_typography-font-size);--awb-caption-title-transform:var(--h2_typography-text-transform);--awb-caption-title-line-height:var(--h2_typography-line-height);--awb-caption-title-letter-spacing:var(--h2_typography-letter-spacing);--awb-filter:saturate(0%);--awb-filter-transition:filter 0.3s ease;--awb-filter-hover:saturate(0%);\"><span class=\" fusion-imageframe imageframe-none imageframe-1 hover-type-none has-aspect-ratio\" class=\"image-magnify\" class=\"image-scroll\"><img decoding=\"async\" width=\"500\" height=\"500\" alt=\"customer support worker smiling\" title=\"170202-2r\" src=\"https:\/\/www.rulonas.com\/wp-content\/uploads\/metal-preparations-are-ready-following-stage-processing.jpg\" class=\"img-responsive wp-image-10442 img-with-aspect-ratio\" \/><\/span><\/div><\/div><\/div><\/div><\/div><div class=\"fusion-fullwidth fullwidth-box fusion-builder-row-2 fusion-flex-container has-pattern-background has-mask-background nonhundred-percent-fullwidth non-hundred-percent-height-scrolling\" style=\"--awb-border-radius-top-left:0px;--awb-border-radius-top-right:0px;--awb-border-radius-bottom-right:0px;--awb-border-radius-bottom-left:0px;--awb-padding-right:10%;--awb-padding-left:10%;--awb-padding-right-medium:30px;--awb-padding-left-medium:30px;\" ><div class=\"fusion-builder-row fusion-row fusion-flex-align-items-center fusion-flex-justify-content-center\" style=\"max-width:104%;margin-left: calc(-4% \/ 2 );margin-right: calc(-4% \/ 2 );\"><div class=\"fusion-layout-column fusion_builder_column fusion-builder-column-2 fusion_builder_column_1_2 1_2 fusion-flex-column\" style=\"--awb-bg-size:cover;--awb-width-large:50%;--awb-margin-top-large:0px;--awb-spacing-right-large:3.84%;--awb-margin-bottom-large:20px;--awb-spacing-left-large:3.84%;--awb-width-medium:100%;--awb-order-medium:1;--awb-spacing-right-medium:1.92%;--awb-spacing-left-medium:1.92%;--awb-width-small:100%;--awb-order-small:0;--awb-spacing-right-small:1.92%;--awb-spacing-left-small:1.92%;\"><div class=\"fusion-column-wrapper fusion-column-has-shadow fusion-flex-justify-content-flex-start fusion-content-layout-column\"><div class=\"fusion-image-element \" style=\"--awb-aspect-ratio:4 \/ 3;--awb-caption-title-font-family:var(--h2_typography-font-family);--awb-caption-title-font-weight:var(--h2_typography-font-weight);--awb-caption-title-font-style:var(--h2_typography-font-style);--awb-caption-title-size:var(--h2_typography-font-size);--awb-caption-title-transform:var(--h2_typography-text-transform);--awb-caption-title-line-height:var(--h2_typography-line-height);--awb-caption-title-letter-spacing:var(--h2_typography-letter-spacing);--awb-filter:saturate(0%);--awb-filter-transition:filter 0.3s ease;--awb-filter-hover:saturate(0%);\"><span class=\" fusion-imageframe imageframe-none imageframe-2 hover-type-none has-aspect-ratio\" class=\"image-magnify\" class=\"image-scroll\"><img decoding=\"async\" width=\"886\" height=\"886\" alt=\"steel fittings on a production line\" title=\"170202-1d\" src=\"https:\/\/www.rulonas.com\/wp-content\/uploads\/services-002.jpg\" class=\"img-responsive wp-image-10430 img-with-aspect-ratio\" \/><\/span><\/div><\/div><\/div><div class=\"fusion-layout-column fusion_builder_column fusion-builder-column-3 fusion_builder_column_1_2 1_2 fusion-flex-column\" style=\"--awb-bg-size:cover;--awb-width-large:50%;--awb-margin-top-large:0px;--awb-spacing-right-large:3.84%;--awb-margin-bottom-large:20px;--awb-spacing-left-large:3.84%;--awb-width-medium:100%;--awb-order-medium:0;--awb-spacing-right-medium:1.92%;--awb-spacing-left-medium:1.92%;--awb-width-small:100%;--awb-order-small:0;--awb-spacing-right-small:1.92%;--awb-spacing-left-small:1.92%;\"><div class=\"fusion-column-wrapper fusion-column-has-shadow fusion-flex-justify-content-flex-start fusion-content-layout-column\"><div class=\"fusion-title title fusion-title-2 fusion-sep-none fusion-title-text fusion-title-size-two\"><h2 class=\"title-heading-left\" style=\"margin:0;\">&#8220;Rulonas&#8221; sniedz pakalpojumus p\u0113c piepras\u012bjuma<\/h2><\/div><div class=\"fusion-text fusion-text-2\" style=\"--awb-font-size:16px;--awb-line-height:1.72;--awb-letter-spacing:0.015em;--awb-text-transform:var(--awb-typography4-text-transform);--awb-margin-top:30px;--awb-text-font-family:&quot;Open Sans&quot;;--awb-text-font-style:normal;--awb-text-font-weight:400;\"><p>Esam met\u0101lprodukcijas izplat\u012bt\u0101ji, t\u0101p\u0113c varam uzglab\u0101t j\u016bsu preces noliktav\u0101, pied\u0101v\u0101jot jums elast\u012bgu grafiku un pakalpojumus, ko neatrad\u012bsiet nekur citur.<\/p>\n<p>Saska\u0146\u0101 ar j\u016bsu piepras\u012bjumu varam ar\u012b uzkl\u0101t PVC aizsargpl\u0113ves uz ner\u016bs\u0113jo\u0161\u0101 t\u0113rauda loksn\u0113m vai izmantot lentz\u0101\u0123i, kas apr\u012bkots ar grie\u0161anas \u0161\u0137idrumu, lai sagrieztu garus izstr\u0101d\u0101jumus, piem\u0113ram, stie\u0146us, kuru diametrs ir no 60 l\u012bdz 250 mm.<\/p>\n<\/div><\/div><\/div><\/div><\/div><div class=\"fusion-fullwidth fullwidth-box fusion-builder-row-3 fusion-flex-container has-pattern-background has-mask-background nonhundred-percent-fullwidth non-hundred-percent-height-scrolling\" style=\"--awb-border-radius-top-left:0px;--awb-border-radius-top-right:0px;--awb-border-radius-bottom-right:0px;--awb-border-radius-bottom-left:0px;--awb-padding-top:80px;--awb-padding-bottom:80px;\" ><div class=\"fusion-builder-row fusion-row fusion-flex-align-items-flex-start\" style=\"max-width:104%;margin-left: calc(-4% \/ 2 );margin-right: calc(-4% \/ 2 );\"><div class=\"fusion-layout-column fusion_builder_column fusion-builder-column-4 fusion_builder_column_1_1 1_1 fusion-flex-column fusion-flex-align-self-flex-start fusion-column-no-min-height\" style=\"--awb-padding-right:30px;--awb-padding-left:30px;--awb-bg-blend:overlay;--awb-bg-size:cover;--awb-width-large:100%;--awb-margin-top-large:0px;--awb-spacing-right-large:1.92%;--awb-margin-bottom-large:0px;--awb-spacing-left-large:1.92%;--awb-width-medium:100%;--awb-spacing-right-medium:1.92%;--awb-spacing-left-medium:1.92%;--awb-width-small:100%;--awb-spacing-right-small:1.92%;--awb-spacing-left-small:1.92%;\"><div class=\"fusion-column-wrapper fusion-flex-justify-content-flex-start fusion-content-layout-column\"><div class=\"fusion-text fusion-text-3 fusion-text-no-margin\" style=\"--awb-margin-bottom:40px;\"><h2 style=\"text-align: center;\">Str\u0101d\u0101sim kop\u0101!<\/h2>\n<p style=\"font-size: 18px;\" align=\"center\">M\u016bsu pakalpojumi pal\u012bdz ietaup\u012bt laiku un uzlabot efektivit\u0101ti. Veiciet pas\u016bt\u012bjumu \u0161eit, lai s\u0101ktu darbu!<\/p>\n<\/div><div style=\"text-align:center;\"><a class=\"fusion-button button-flat button-xlarge button-custom fusion-button-default button-1 fusion-button-default-span \" style=\"--button_accent_color:#ffffff;--button_accent_hover_color:#ffffff;--button_border_hover_color:#ffffff;--button_border_width-top:0px;--button_border_width-right:0px;--button_border_width-bottom:0px;--button_border_width-left:0px;--button_gradient_top_color:#61ada5;--button_gradient_bottom_color:#61ada5;--button_gradient_top_color_hover:#67b2aa;--button_gradient_bottom_color_hover:#67b2aa;\" target=\"_self\" href=\"\/lv\/kontktinformacija\/#inquiryLV\"><span class=\"fusion-button-text\">S\u016bt\u012bt piepras\u012bjumu<\/span><\/a><\/div><div class=\"fusion-image-element \" style=\"text-align:center;--awb-margin-top:60px;--awb-caption-title-font-family:var(--h2_typography-font-family);--awb-caption-title-font-weight:var(--h2_typography-font-weight);--awb-caption-title-font-style:var(--h2_typography-font-style);--awb-caption-title-size:var(--h2_typography-font-size);--awb-caption-title-transform:var(--h2_typography-text-transform);--awb-caption-title-line-height:var(--h2_typography-line-height);--awb-caption-title-letter-spacing:var(--h2_typography-letter-spacing);\"><span class=\" fusion-imageframe imageframe-glow imageframe-3 hover-type-none fusion-animated\" style=\"border-radius:8px;-webkit-box-shadow: 0 0 7px rgba(186,186,186,0.3);box-shadow: 0 0 7px rgba(186,186,186,0.3);\" data-animationType=\"fadeInLeft\" data-animationDuration=\"0.5\" data-animationOffset=\"top-into-view\" class=\"image-magnify\" class=\"image-scroll\"><img decoding=\"async\" width=\"886\" height=\"886\" alt=\"Map with points showing Rulonas sale locations\" title=\"170205-3d\" src=\"https:\/\/www.rulonas.com\/wp-content\/uploads\/map-6.jpg\" class=\"img-responsive wp-image-10566\"\/><\/span><\/div><\/div><\/div><\/div><\/div><\/p>\n","protected":false},"excerpt":{"rendered":"","protected":false},"author":1,"featured_media":0,"parent":0,"menu_order":0,"comment_status":"closed","ping_status":"closed","template":"","meta":{"om_disable_all_campaigns":false,"footnotes":""},"class_list":["post-11001","page","type-page","status-publish","hentry"],"aioseo_notices":[],"_links":{"self":[{"href":"https:\/\/www.rulonas.com\/lv\/wp-json\/wp\/v2\/pages\/11001","targetHints":{"allow":["GET"]}}],"collection":[{"href":"https:\/\/www.rulonas.com\/lv\/wp-json\/wp\/v2\/pages"}],"about":[{"href":"https:\/\/www.rulonas.com\/lv\/wp-json\/wp\/v2\/types\/page"}],"author":[{"embeddable":true,"href":"https:\/\/www.rulonas.com\/lv\/wp-json\/wp\/v2\/users\/1"}],"replies":[{"embeddable":true,"href":"https:\/\/www.rulonas.com\/lv\/wp-json\/wp\/v2\/comments?post=11001"}],"version-history":[{"count":3,"href":"https:\/\/www.rulonas.com\/lv\/wp-json\/wp\/v2\/pages\/11001\/revisions"}],"predecessor-version":[{"id":11033,"href":"https:\/\/www.rulonas.com\/lv\/wp-json\/wp\/v2\/pages\/11001\/revisions\/11033"}],"wp:attachment":[{"href":"https:\/\/www.rulonas.com\/lv\/wp-json\/wp\/v2\/media?parent=11001"}],"curies":[{"name":"wp","href":"https:\/\/api.w.org\/{rel}","templated":true}]}}