{"id":3648,"date":"2023-08-29T13:24:42","date_gmt":"2023-08-29T11:24:42","guid":{"rendered":"https:\/\/www.rulonas.com\/exploring-the-applications-of-aluminium-alloy-aw5754\/"},"modified":"2023-08-29T14:26:21","modified_gmt":"2023-08-29T12:26:21","slug":"aliuminio-lydinio-aw5754-taikymai","status":"publish","type":"page","link":"https:\/\/www.rulonas.com\/lt\/aliuminio-lydinio-aw5754-taikymai\/","title":{"rendered":"Aliuminio lydinio AW5754 Taikymai"},"content":{"rendered":"<p><div id=\"products\" class=\"fusion-container-anchor\"><div class=\"fusion-fullwidth fullwidth-box fusion-builder-row-1 fusion-flex-container narrow-wrapper hundred-percent-fullwidth non-hundred-percent-height-scrolling\" style=\"--awb-border-radius-top-left:0px;--awb-border-radius-top-right:0px;--awb-border-radius-bottom-right:0px;--awb-border-radius-bottom-left:0px;--awb-padding-top:60px;--awb-padding-right:15%;--awb-padding-bottom:30px;--awb-padding-left:15%;--awb-padding-right-medium:5%;--awb-padding-left-medium:5%;--awb-background-color:rgba(255,242,242,0);\" ><div class=\"fusion-builder-row fusion-row fusion-flex-align-items-flex-start\" style=\"width:104% !important;max-width:104% !important;margin-left: calc(-4% \/ 2 );margin-right: calc(-4% \/ 2 );\"><div class=\"fusion-layout-column fusion_builder_column fusion-builder-column-0 fusion_builder_column_1_1 1_1 fusion-flex-column\" style=\"--awb-bg-size:cover;--awb-width-large:100%;--awb-margin-top-large:0px;--awb-spacing-right-large:1.92%;--awb-margin-bottom-large:20px;--awb-spacing-left-large:1.92%;--awb-width-medium:100%;--awb-order-medium:0;--awb-spacing-right-medium:1.92%;--awb-spacing-left-medium:1.92%;--awb-width-small:100%;--awb-order-small:0;--awb-spacing-right-small:1.92%;--awb-spacing-left-small:1.92%;\"><div class=\"fusion-column-wrapper fusion-column-has-shadow fusion-flex-justify-content-flex-start fusion-content-layout-column\"><div class=\"fusion-title title fusion-title-1 fusion-title-center fusion-title-text fusion-title-size-one\"><div class=\"title-sep-container title-sep-container-left\"><div class=\"title-sep sep-single sep-solid\" style=\"border-color:#e0dede;\"><\/div><\/div><span class=\"awb-title-spacer\"><\/span><h1 class=\"title-heading-center\" style=\"margin:0;\">Aliuminio lydinio AW5754 Taikymai<\/h1><span class=\"awb-title-spacer\"><\/span><div class=\"title-sep-container title-sep-container-right\"><div class=\"title-sep sep-single sep-solid\" style=\"border-color:#e0dede;\"><\/div><\/div><\/div><div class=\"fusion-text fusion-text-1\" style=\"--awb-font-size:var(--awb-typography3-font-size);--awb-margin-top:30px;\"><p style=\"text-align: center;\">Aliuminio lydinys AW5754 yra universali med\u017eiaga, kuri turi pla\u010di\u0105 pritaikymo srit\u012f \u012fvairiose pramon\u0117s \u0161akose. Jo specifin\u0117s charakteristikos ir savyb\u0117s daro j\u012f puikiu pasirinkimu \u012fvairiems naudojimo tikslams.<\/p>\n<\/div><\/div><\/div><div class=\"fusion-layout-column fusion_builder_column fusion-builder-column-1 fusion_builder_column_1_2 1_2 fusion-flex-column\" style=\"--awb-bg-size:cover;--awb-width-large:50%;--awb-margin-top-large:0px;--awb-spacing-right-large:3.84%;--awb-margin-bottom-large:20px;--awb-spacing-left-large:3.84%;--awb-width-medium:100%;--awb-order-medium:0;--awb-spacing-right-medium:1.92%;--awb-spacing-left-medium:1.92%;--awb-width-small:100%;--awb-order-small:0;--awb-spacing-right-small:1.92%;--awb-spacing-left-small:1.92%;\"><div class=\"fusion-column-wrapper fusion-column-has-shadow fusion-flex-justify-content-flex-start fusion-content-layout-column\"><div class=\"fusion-text fusion-text-2\"><h3>\u012evadas \u012f Aliuminio lydin\u012f AW5754<\/h3>\n<p>Aliuminio lydinys AW5754 priklauso 5000 serijos lydiniams ir yra \u017einomas d\u0117l puikaus stiprumo, korozijos atsparumo ir formuojamumo derinio. \u0160is lydinys yra sudarytas i\u0161 magnio, kuris yra pagrindinis lydinio elemento, prisidedantis prie jo didelio stiprumo ir patobulinto korozijos atsparumo.<\/p>\n<h3>Taikymai Transporto Srityje<\/h3>\n<p>Vienas i\u0161 svarbiausi\u0173 lydinio AW5754 pritaikym\u0173 yra transporto sektoriuje. D\u0117l puikaus atsparumo korozijai jis yra ideali med\u017eiaga gaminant dalis, veikian\u010dias at\u0161iaurioje aplinkoje, pavyzd\u017eiui, j\u016br\u0173 laivus, sunkve\u017eimi\u0173 k\u0117bulus ir priekabas. Didelis lydinio stiprumo ir svorio santykis prisideda prie degal\u0173 vartojimo efektyvumo ir atsparumo apkrovoms.<\/p>\n<\/div><\/div><\/div><div class=\"fusion-layout-column fusion_builder_column fusion-builder-column-2 fusion_builder_column_1_2 1_2 fusion-flex-column\" style=\"--awb-bg-size:cover;--awb-width-large:50%;--awb-margin-top-large:0px;--awb-spacing-right-large:3.84%;--awb-margin-bottom-large:20px;--awb-spacing-left-large:3.84%;--awb-width-medium:100%;--awb-order-medium:0;--awb-spacing-right-medium:1.92%;--awb-spacing-left-medium:1.92%;--awb-width-small:100%;--awb-order-small:0;--awb-spacing-right-small:1.92%;--awb-spacing-left-small:1.92%;\"><div class=\"fusion-column-wrapper fusion-column-has-shadow fusion-flex-justify-content-flex-start fusion-content-layout-column\"><div class=\"fusion-text fusion-text-3\"><h3>J\u016br\u0173 Pramon\u0117<\/h3>\n<p>Aliuminio lydinio AW5754 korozijos atsparumas taip pat daro j\u012f pageidaujamu pasirinkimu j\u016br\u0173 pramon\u0117je. Jis da\u017eniausiai naudojamas statant val\u010di\u0173 korpusus, denius ir kitas konstrukcijas, kurios lie\u010diasi su s\u016briu vandeniu. Jo ilgaam\u017ei\u0161kumas u\u017etikrina ilgaam\u017ei\u0161kum\u0105 ir suma\u017eina prie\u017ei\u016bros poreik\u012f.<\/p>\n<h3>Automobilio Detal\u0117s<\/h3>\n<p>Automobili\u0173 pramon\u0117je lydinys AW5754 naudojamas \u012fvairioms detal\u0117ms d\u0117l puikaus formvimo ir atsparumo korozijai. Jis da\u017enai naudojamas gaminti k\u0117bulo dalis, duris ir kitas i\u0161orines detales, kurios turi atlaikyti skirtingas oro s\u0105lygas.<\/p>\n<\/div><\/div><\/div><div class=\"fusion-layout-column fusion_builder_column fusion-builder-column-3 fusion_builder_column_1_1 1_1 fusion-flex-column\" style=\"--awb-bg-blend:overlay;--awb-bg-size:cover;--awb-width-large:100%;--awb-margin-top-large:0px;--awb-spacing-right-large:1.92%;--awb-margin-bottom-large:20px;--awb-spacing-left-large:1.92%;--awb-width-medium:100%;--awb-spacing-right-medium:1.92%;--awb-spacing-left-medium:1.92%;--awb-width-small:100%;--awb-spacing-right-small:1.92%;--awb-spacing-left-small:1.92%;\"><div class=\"fusion-column-wrapper fusion-flex-justify-content-flex-start fusion-content-layout-column\"><div class=\"fusion-image-element \" style=\"text-align:center;--awb-aspect-ratio:21 \/ 9;--awb-object-position:46% 22%;--awb-margin-top:30px;--awb-margin-bottom:0px;--awb-caption-title-font-family:var(--h2_typography-font-family);--awb-caption-title-font-weight:var(--h2_typography-font-weight);--awb-caption-title-font-style:var(--h2_typography-font-style);--awb-caption-title-size:var(--h2_typography-font-size);--awb-caption-title-transform:var(--h2_typography-text-transform);--awb-caption-title-line-height:var(--h2_typography-line-height);--awb-caption-title-letter-spacing:var(--h2_typography-letter-spacing);\"><span class=\" fusion-imageframe imageframe-none imageframe-1 hover-type-none has-aspect-ratio\" class=\"image-magnify\" class=\"image-scroll\"><img decoding=\"async\" width=\"2560\" height=\"1714\" title=\"pexels-pixabay-158571-scaled\" src=\"https:\/\/www.rulonas.com\/wp-content\/uploads\/pexels-pixabay-158571-scaled-1.webp\" class=\"img-responsive wp-image-3606 img-with-aspect-ratio\" alt srcset=\"https:\/\/www.rulonas.com\/wp-content\/uploads\/pexels-pixabay-158571-scaled-1-200x134.webp 200w, https:\/\/www.rulonas.com\/wp-content\/uploads\/pexels-pixabay-158571-scaled-1-300x201.webp 300w, https:\/\/www.rulonas.com\/wp-content\/uploads\/pexels-pixabay-158571-scaled-1-400x268.webp 400w, https:\/\/www.rulonas.com\/wp-content\/uploads\/pexels-pixabay-158571-scaled-1-500x335.webp 500w, https:\/\/www.rulonas.com\/wp-content\/uploads\/pexels-pixabay-158571-scaled-1-600x402.webp 600w, https:\/\/www.rulonas.com\/wp-content\/uploads\/pexels-pixabay-158571-scaled-1-700x469.webp 700w, https:\/\/www.rulonas.com\/wp-content\/uploads\/pexels-pixabay-158571-scaled-1-768x514.webp 768w, https:\/\/www.rulonas.com\/wp-content\/uploads\/pexels-pixabay-158571-scaled-1-800x536.webp 800w, https:\/\/www.rulonas.com\/wp-content\/uploads\/pexels-pixabay-158571-scaled-1-1024x686.webp 1024w, https:\/\/www.rulonas.com\/wp-content\/uploads\/pexels-pixabay-158571-scaled-1-1200x803.webp 1200w, https:\/\/www.rulonas.com\/wp-content\/uploads\/pexels-pixabay-158571-scaled-1-1536x1028.webp 1536w, https:\/\/www.rulonas.com\/wp-content\/uploads\/pexels-pixabay-158571-scaled-1.webp 2560w\" sizes=\"(max-width: 1024px) 100vw, (max-width: 850px) 100vw, 2560px\" \/><\/span><\/div><\/div><\/div><div class=\"fusion-layout-column fusion_builder_column fusion-builder-column-4 fusion_builder_column_1_2 1_2 fusion-flex-column\" style=\"--awb-bg-blend:overlay;--awb-bg-size:cover;--awb-width-large:50%;--awb-margin-top-large:0px;--awb-spacing-right-large:3.84%;--awb-margin-bottom-large:20px;--awb-spacing-left-large:3.84%;--awb-width-medium:100%;--awb-spacing-right-medium:1.92%;--awb-spacing-left-medium:1.92%;--awb-width-small:100%;--awb-spacing-right-small:1.92%;--awb-spacing-left-small:1.92%;\"><div class=\"fusion-column-wrapper fusion-flex-justify-content-flex-start fusion-content-layout-column\"><div class=\"fusion-text fusion-text-4\"><h3>Architekt\u016bra ir Statyba<\/h3>\n<p>Statybos pramon\u0117 gauna naudos i\u0161 lydinio AW5754 formuojamumo ir korozijos atsparumo. Jis naudojamas architekt\u016brin\u0117ms detal\u0117ms, tokioms kaip fasadai, stogai ir dekoratyvin\u0117s plok\u0161t\u0117s. Lydinio estetinis patrauklumas ir geb\u0117jimas i\u0161laikyti i\u0161vaizd\u0105 su laiku prisideda prie jo populiarumo statybos taikymuose.<\/p>\n<\/div><div class=\"fusion-text fusion-text-5\"><\/div><\/div><\/div><div class=\"fusion-layout-column fusion_builder_column fusion-builder-column-5 fusion_builder_column_1_2 1_2 fusion-flex-column\" style=\"--awb-bg-blend:overlay;--awb-bg-size:cover;--awb-width-large:50%;--awb-margin-top-large:0px;--awb-spacing-right-large:3.84%;--awb-margin-bottom-large:20px;--awb-spacing-left-large:3.84%;--awb-width-medium:100%;--awb-spacing-right-medium:1.92%;--awb-spacing-left-medium:1.92%;--awb-width-small:100%;--awb-spacing-right-small:1.92%;--awb-spacing-left-small:1.92%;\"><div class=\"fusion-column-wrapper fusion-flex-justify-content-flex-start fusion-content-layout-column\"><div class=\"fusion-title title fusion-title-2 fusion-sep-none fusion-title-text fusion-title-size-three\" style=\"--awb-margin-bottom:20px;\"><h3 class=\"title-heading-left\" style=\"margin:0;\"><h3>Industrija ir Aparatai<\/h3><\/h3><\/div><div class=\"fusion-text fusion-text-6\"><p>Aliuminio lydin\u012f AW5754 taiko \u012fvairiuose pramon\u0117s \u012frenginiuose ir mechanizmuose d\u0117l stiprumo ir korozijos atsparumo derinio. Jis naudojamas gamybos procesuose, cheminiuose \u012frenginiuose ir saugojimo talpyklose.<\/p>\n<\/div><div class=\"fusion-text fusion-text-7\"><\/div><\/div><\/div><\/div><\/div><\/div><div class=\"fusion-fullwidth fullwidth-box fusion-builder-row-2 fusion-flex-container has-pattern-background has-mask-background narrow-wrapper nonhundred-percent-fullwidth non-hundred-percent-height-scrolling\" style=\"--awb-border-radius-top-left:0px;--awb-border-radius-top-right:0px;--awb-border-radius-bottom-right:0px;--awb-border-radius-bottom-left:0px;--awb-padding-right:15%;--awb-padding-left:15%;--awb-padding-right-medium:5%;--awb-padding-left-medium:5%;\" ><div class=\"fusion-builder-row fusion-row fusion-flex-align-items-flex-start\" style=\"max-width:104%;margin-left: calc(-4% \/ 2 );margin-right: calc(-4% \/ 2 );\"><div class=\"fusion-layout-column fusion_builder_column fusion-builder-column-6 fusion_builder_column_1_1 1_1 fusion-flex-column\" style=\"--awb-bg-size:cover;--awb-width-large:100%;--awb-margin-top-large:0px;--awb-spacing-right-large:1.92%;--awb-margin-bottom-large:20px;--awb-spacing-left-large:1.92%;--awb-width-medium:100%;--awb-order-medium:0;--awb-spacing-right-medium:1.92%;--awb-spacing-left-medium:1.92%;--awb-width-small:100%;--awb-order-small:0;--awb-spacing-right-small:1.92%;--awb-spacing-left-small:1.92%;\"><div class=\"fusion-column-wrapper fusion-column-has-shadow fusion-flex-justify-content-flex-start fusion-content-layout-column\"><div class=\"fusion-title title fusion-title-3 fusion-title-text fusion-title-size-three\" style=\"--awb-margin-bottom:20px;\"><div class=\"title-sep-container title-sep-container-left fusion-no-large-visibility fusion-no-medium-visibility fusion-no-small-visibility\"><div class=\"title-sep sep-single sep-solid\" style=\"border-color:#e0dede;\"><\/div><\/div><span class=\"awb-title-spacer fusion-no-large-visibility fusion-no-medium-visibility fusion-no-small-visibility\"><\/span><h3 class=\"title-heading-left\" style=\"margin:0;\">Susisiekite su mumis<\/h3><span class=\"awb-title-spacer\"><\/span><div class=\"title-sep-container title-sep-container-right\"><div class=\"title-sep sep-single sep-solid\" style=\"border-color:#e0dede;\"><\/div><\/div><\/div>\n<div class=\"wpcf7 no-js\" id=\"wpcf7-f1611-o1\" lang=\"en-US\" dir=\"ltr\">\n<div class=\"screen-reader-response\"><p role=\"status\" aria-live=\"polite\" aria-atomic=\"true\"><\/p> <ul><\/ul><\/div>\n<form action=\"\/lt\/wp-json\/wp\/v2\/pages\/3648#wpcf7-f1611-o1\" method=\"post\" class=\"wpcf7-form init\" aria-label=\"Contact form\" novalidate=\"novalidate\" data-status=\"init\">\n<div style=\"display: none;\">\n<input type=\"hidden\" name=\"_wpcf7\" value=\"1611\" \/>\n<input type=\"hidden\" name=\"_wpcf7_version\" value=\"5.7.5.1\" \/>\n<input type=\"hidden\" name=\"_wpcf7_locale\" value=\"en_US\" \/>\n<input type=\"hidden\" name=\"_wpcf7_unit_tag\" value=\"wpcf7-f1611-o1\" \/>\n<input type=\"hidden\" name=\"_wpcf7_container_post\" value=\"0\" \/>\n<input type=\"hidden\" name=\"_wpcf7_posted_data_hash\" value=\"\" \/>\n<\/div>\n<p><label> Vardas (privalomas laukelis)<br \/>\n<span class=\"wpcf7-form-control-wrap\" data-name=\"your-name\"><input size=\"40\" class=\"wpcf7-form-control wpcf7-text wpcf7-validates-as-required\" aria-required=\"true\" aria-invalid=\"false\" value=\"\" type=\"text\" name=\"your-name\" \/><\/span> <\/label><br \/>\n<label> El. pa\u0161tas (privalomas laukelis)<br \/>\n<span class=\"wpcf7-form-control-wrap\" data-name=\"your-email\"><input size=\"40\" class=\"wpcf7-form-control wpcf7-text wpcf7-email wpcf7-validates-as-required wpcf7-validates-as-email\" aria-required=\"true\" aria-invalid=\"false\" value=\"\" type=\"email\" name=\"your-email\" \/><\/span> <\/label><br \/>\n<label> Tema<br \/>\n<span class=\"wpcf7-form-control-wrap\" data-name=\"your-subject\"><input size=\"40\" class=\"wpcf7-form-control wpcf7-text\" aria-invalid=\"false\" value=\"\" type=\"text\" name=\"your-subject\" \/><\/span> <\/label><br \/>\n<label> \u017dinut\u0117<br \/>\n<span class=\"wpcf7-form-control-wrap\" data-name=\"your-message\"><textarea cols=\"40\" rows=\"10\" class=\"wpcf7-form-control wpcf7-textarea\" aria-invalid=\"false\" name=\"your-message\"><\/textarea><\/span> <\/label>\n<\/p>\n<p><input class=\"wpcf7-form-control has-spinner wpcf7-submit\" type=\"submit\" value=\"SI\u0172STI\" \/>\n<\/p><div class=\"fusion-alert alert custom alert-custom fusion-alert-center wpcf7-response-output alert-dismissable\" style=\"--awb-border-size:1px;\" role=\"alert\"><div class=\"fusion-alert-content-wrapper\"><span class=\"fusion-alert-content\"><\/span><\/div><button type=\"button\" class=\"close toggle-alert\" data-dismiss=\"alert\" aria-label=\"Close\">&times;<\/button><\/div>\n<\/form>\n<\/div>\n<\/div><\/div><\/div><\/div><div class=\"fusion-fullwidth fullwidth-box fusion-builder-row-3 fusion-flex-container has-pattern-background has-mask-background narrow-wrapper nonhundred-percent-fullwidth non-hundred-percent-height-scrolling\" style=\"--awb-border-radius-top-left:0px;--awb-border-radius-top-right:0px;--awb-border-radius-bottom-right:0px;--awb-border-radius-bottom-left:0px;--awb-padding-right:15%;--awb-padding-left:15%;--awb-padding-right-medium:5%;--awb-padding-left-medium:5%;\" ><div class=\"fusion-builder-row fusion-row fusion-flex-align-items-flex-start\" style=\"max-width:104%;margin-left: calc(-4% \/ 2 );margin-right: calc(-4% \/ 2 );\"><div class=\"fusion-layout-column fusion_builder_column fusion-builder-column-7 fusion_builder_column_1_1 1_1 fusion-flex-column\" style=\"--awb-bg-size:cover;--awb-width-large:100%;--awb-margin-top-large:0px;--awb-spacing-right-large:1.92%;--awb-margin-bottom-large:20px;--awb-spacing-left-large:1.92%;--awb-width-medium:100%;--awb-order-medium:0;--awb-spacing-right-medium:1.92%;--awb-spacing-left-medium:1.92%;--awb-width-small:100%;--awb-order-small:0;--awb-spacing-right-small:1.92%;--awb-spacing-left-small:1.92%;\"><div class=\"fusion-column-wrapper fusion-column-has-shadow fusion-flex-justify-content-flex-start fusion-content-layout-column\"><div class=\"fusion-separator fusion-full-width-sep\" style=\"align-self: center;margin-left: auto;margin-right: auto;margin-top:20px;margin-bottom:40px;width:100%;\"><div class=\"fusion-separator-border sep-single sep-solid\" style=\"--awb-height:20px;--awb-amount:20px;border-color:#e0dede;border-top-width:1px;\"><\/div><\/div><div class=\"fusion-text fusion-text-8\" style=\"--awb-content-alignment:center;--awb-font-size:17px;--awb-line-height:30px;--awb-margin-top:20px;--awb-text-font-family:&quot;Raleway&quot;;--awb-text-font-style:normal;--awb-text-font-weight:600;\"><h2>I\u0161vados<\/h2>\n<p>Aliuminio lydinio AW5754 i\u0161skirtin\u0117s savyb\u0117s padaro j\u012f universalia med\u017eiaga \u012fvairiems naudojimo tikslams. Nuo transporto iki j\u016br\u0173 pramon\u0117s, nuo architekt\u016bros iki pramonini\u0173 \u012frengini\u0173, jo stiprumas, korozijos atsparumas ir formuojamumas prisideda prie jo populiarumo ir veiksmingumo. Lydinio geb\u0117jimas atlaikyti i\u0161\u0161\u016bkius i\u0161laikant savo vientisum\u0105 daro j\u012f vertingu pasirinkimu moderniame gamyboje ir statyboje.<\/p>\n<\/div><\/div><\/div><\/div><\/div><\/p>\n","protected":false},"excerpt":{"rendered":"","protected":false},"author":1,"featured_media":0,"parent":0,"menu_order":0,"comment_status":"closed","ping_status":"closed","template":"","meta":{"om_disable_all_campaigns":false,"footnotes":""},"class_list":["post-3648","page","type-page","status-publish","hentry"],"aioseo_notices":[],"_links":{"self":[{"href":"https:\/\/www.rulonas.com\/lt\/wp-json\/wp\/v2\/pages\/3648","targetHints":{"allow":["GET"]}}],"collection":[{"href":"https:\/\/www.rulonas.com\/lt\/wp-json\/wp\/v2\/pages"}],"about":[{"href":"https:\/\/www.rulonas.com\/lt\/wp-json\/wp\/v2\/types\/page"}],"author":[{"embeddable":true,"href":"https:\/\/www.rulonas.com\/lt\/wp-json\/wp\/v2\/users\/1"}],"replies":[{"embeddable":true,"href":"https:\/\/www.rulonas.com\/lt\/wp-json\/wp\/v2\/comments?post=3648"}],"version-history":[{"count":2,"href":"https:\/\/www.rulonas.com\/lt\/wp-json\/wp\/v2\/pages\/3648\/revisions"}],"predecessor-version":[{"id":3650,"href":"https:\/\/www.rulonas.com\/lt\/wp-json\/wp\/v2\/pages\/3648\/revisions\/3650"}],"wp:attachment":[{"href":"https:\/\/www.rulonas.com\/lt\/wp-json\/wp\/v2\/media?parent=3648"}],"curies":[{"name":"wp","href":"https:\/\/api.w.org\/{rel}","templated":true}]}}