{"id":3645,"date":"2023-08-29T13:24:42","date_gmt":"2023-08-29T11:24:42","guid":{"rendered":"https:\/\/www.rulonas.com\/exploring-the-versatile-applications-of-aluminium-alloy-aw1050\/"},"modified":"2023-08-29T14:26:54","modified_gmt":"2023-08-29T12:26:54","slug":"ivairios-panaudojimo-galimybes-naudojant-aliuminio-lydini-aw1050","status":"publish","type":"page","link":"https:\/\/www.rulonas.com\/lt\/ivairios-panaudojimo-galimybes-naudojant-aliuminio-lydini-aw1050\/","title":{"rendered":"\u012evairios Panaudojimo Galimyb\u0117s naudojant Aliuminio Lydin\u012f AW1050"},"content":{"rendered":"<p><div id=\"products\" class=\"fusion-container-anchor\"><div class=\"fusion-fullwidth fullwidth-box fusion-builder-row-1 fusion-flex-container narrow-wrapper hundred-percent-fullwidth non-hundred-percent-height-scrolling\" style=\"--awb-border-radius-top-left:0px;--awb-border-radius-top-right:0px;--awb-border-radius-bottom-right:0px;--awb-border-radius-bottom-left:0px;--awb-padding-top:60px;--awb-padding-right:15%;--awb-padding-bottom:30px;--awb-padding-left:15%;--awb-padding-right-medium:5%;--awb-padding-left-medium:5%;--awb-background-color:rgba(255,242,242,0);\" ><div class=\"fusion-builder-row fusion-row fusion-flex-align-items-flex-start\" style=\"width:104% !important;max-width:104% !important;margin-left: calc(-4% \/ 2 );margin-right: calc(-4% \/ 2 );\"><div class=\"fusion-layout-column fusion_builder_column fusion-builder-column-0 fusion_builder_column_1_1 1_1 fusion-flex-column\" style=\"--awb-bg-size:cover;--awb-width-large:100%;--awb-margin-top-large:0px;--awb-spacing-right-large:1.92%;--awb-margin-bottom-large:20px;--awb-spacing-left-large:1.92%;--awb-width-medium:100%;--awb-order-medium:0;--awb-spacing-right-medium:1.92%;--awb-spacing-left-medium:1.92%;--awb-width-small:100%;--awb-order-small:0;--awb-spacing-right-small:1.92%;--awb-spacing-left-small:1.92%;\"><div class=\"fusion-column-wrapper fusion-column-has-shadow fusion-flex-justify-content-flex-start fusion-content-layout-column\"><div class=\"fusion-title title fusion-title-1 fusion-title-center fusion-title-text fusion-title-size-one\"><div class=\"title-sep-container title-sep-container-left\"><div class=\"title-sep sep-single sep-solid\" style=\"border-color:#e0dede;\"><\/div><\/div><span class=\"awb-title-spacer\"><\/span><h1 class=\"title-heading-center\" style=\"margin:0;\">\u012evairios Panaudojimo Galimyb\u0117s naudojant Aliuminio Lydin\u012f AW1050<\/h1><span class=\"awb-title-spacer\"><\/span><div class=\"title-sep-container title-sep-container-right\"><div class=\"title-sep sep-single sep-solid\" style=\"border-color:#e0dede;\"><\/div><\/div><\/div><div class=\"fusion-text fusion-text-1\" style=\"--awb-font-size:var(--awb-typography3-font-size);--awb-margin-top:30px;\"><p style=\"text-align: center;\">Aliuminis, metalas, \u017einomas d\u0117l savo ypating\u0173 savybi\u0173, d\u0117l savo i\u0161skirtinio universalumo yra nepakei\u010diamas \u012fvairi\u0173 pramon\u0117s \u0161ak\u0173 dalis. Tarp \u012fvairaus aliuminio lydini\u0173 spektro, AW1050 lydinys i\u0161siskiria kaip populiari pasirinkimo galimyb\u0117 d\u0117l savo specifini\u0173 charakteristik\u0173 ir tinkamumo \u012fvairioms panaudojimo sritims.<\/p>\n<\/div><div class=\"fusion-separator fusion-full-width-sep\" style=\"align-self: center;margin-left: auto;margin-right: auto;margin-top:20px;margin-bottom:30px;width:100%;\"><div class=\"fusion-separator-border sep-single sep-solid\" style=\"--awb-height:20px;--awb-amount:20px;border-color:#e0dede;border-top-width:1px;\"><\/div><\/div><div class=\"fusion-title title fusion-title-2 fusion-sep-none fusion-title-center fusion-title-text fusion-title-size-two\" style=\"--awb-font-size:30px;\"><h2 class=\"title-heading-center\" style=\"margin:0;font-size:1em;\">AW1050<\/h2><\/div><div class=\"fusion-text fusion-text-2\" style=\"--awb-margin-top:20px;\"><p style=\"text-align: center;\">Aliuminio lydinys AW1050, da\u017enai vadinamas 1050A, yra komerci\u0161kai grynas aliuminis, priklausantis 1000 serijos lydiniams. \u0160is lydinys yra \u017einomas d\u0117l puikaus korozijos atsparumo, didelio \u0161iluminio ir elektros laidumo, taip pat lengvo apdirbimo. \u0160ios savyb\u0117s daro AW1050 itin pageidaujamu med\u017eiagos pasirinkimu \u012fvairiose pramon\u0117s \u0161akose.<\/p>\n<\/div><\/div><\/div><div class=\"fusion-layout-column fusion_builder_column fusion-builder-column-1 fusion_builder_column_1_1 1_1 fusion-flex-column\" style=\"--awb-bg-blend:overlay;--awb-bg-size:cover;--awb-width-large:100%;--awb-margin-top-large:0px;--awb-spacing-right-large:1.92%;--awb-margin-bottom-large:20px;--awb-spacing-left-large:1.92%;--awb-width-medium:100%;--awb-spacing-right-medium:1.92%;--awb-spacing-left-medium:1.92%;--awb-width-small:100%;--awb-spacing-right-small:1.92%;--awb-spacing-left-small:1.92%;\"><div class=\"fusion-column-wrapper fusion-flex-justify-content-flex-start fusion-content-layout-column\"><div class=\"fusion-image-element \" style=\"text-align:center;--awb-aspect-ratio:21 \/ 9;--awb-object-position:53% 29%;--awb-margin-top:30px;--awb-margin-bottom:0px;--awb-caption-title-font-family:var(--h2_typography-font-family);--awb-caption-title-font-weight:var(--h2_typography-font-weight);--awb-caption-title-font-style:var(--h2_typography-font-style);--awb-caption-title-size:var(--h2_typography-font-size);--awb-caption-title-transform:var(--h2_typography-text-transform);--awb-caption-title-line-height:var(--h2_typography-line-height);--awb-caption-title-letter-spacing:var(--h2_typography-letter-spacing);\"><span class=\" fusion-imageframe imageframe-none imageframe-1 hover-type-none has-aspect-ratio\" class=\"image-magnify\" class=\"image-scroll\"><img decoding=\"async\" width=\"2000\" height=\"1333\" title=\"pexels-cottonbro-studio-5532713\" src=\"https:\/\/www.rulonas.com\/wp-content\/uploads\/pexels-cottonbro-studio-5532713.webp\" class=\"img-responsive wp-image-3614 img-with-aspect-ratio\" alt srcset=\"https:\/\/www.rulonas.com\/wp-content\/uploads\/pexels-cottonbro-studio-5532713-200x133.webp 200w, https:\/\/www.rulonas.com\/wp-content\/uploads\/pexels-cottonbro-studio-5532713-300x200.webp 300w, https:\/\/www.rulonas.com\/wp-content\/uploads\/pexels-cottonbro-studio-5532713-400x267.webp 400w, https:\/\/www.rulonas.com\/wp-content\/uploads\/pexels-cottonbro-studio-5532713-500x333.webp 500w, https:\/\/www.rulonas.com\/wp-content\/uploads\/pexels-cottonbro-studio-5532713-600x400.webp 600w, https:\/\/www.rulonas.com\/wp-content\/uploads\/pexels-cottonbro-studio-5532713-700x467.webp 700w, https:\/\/www.rulonas.com\/wp-content\/uploads\/pexels-cottonbro-studio-5532713-768x512.webp 768w, https:\/\/www.rulonas.com\/wp-content\/uploads\/pexels-cottonbro-studio-5532713-800x533.webp 800w, https:\/\/www.rulonas.com\/wp-content\/uploads\/pexels-cottonbro-studio-5532713-1024x682.webp 1024w, https:\/\/www.rulonas.com\/wp-content\/uploads\/pexels-cottonbro-studio-5532713-1200x800.webp 1200w, https:\/\/www.rulonas.com\/wp-content\/uploads\/pexels-cottonbro-studio-5532713-1536x1024.webp 1536w, https:\/\/www.rulonas.com\/wp-content\/uploads\/pexels-cottonbro-studio-5532713.webp 2000w\" sizes=\"(max-width: 1024px) 100vw, (max-width: 850px) 100vw, 2000px\" \/><\/span><\/div><\/div><\/div><div class=\"fusion-layout-column fusion_builder_column fusion-builder-column-2 fusion_builder_column_1_2 1_2 fusion-flex-column\" style=\"--awb-bg-size:cover;--awb-width-large:50%;--awb-margin-top-large:0px;--awb-spacing-right-large:3.84%;--awb-margin-bottom-large:20px;--awb-spacing-left-large:3.84%;--awb-width-medium:100%;--awb-order-medium:0;--awb-spacing-right-medium:1.92%;--awb-spacing-left-medium:1.92%;--awb-width-small:100%;--awb-order-small:0;--awb-spacing-right-small:1.92%;--awb-spacing-left-small:1.92%;\"><div class=\"fusion-column-wrapper fusion-column-has-shadow fusion-flex-justify-content-flex-start fusion-content-layout-column\"><div class=\"fusion-text fusion-text-3\"><h3>1. Architekt\u016bra ir Statyba<\/h3>\n<p>Statybos pramon\u0117je AW1050 da\u017enai naudojamas dengiant stogus, lietaus nuvedimo sistemas ir fasad\u0173 apdailai. D\u0117l jo lengvumo, patvarumo ir korozijos atsparumo, \u0161is lydinys yra itin tinkamas \u0161ioms sritims. Be to, jo plasti\u0161kumas leid\u017eia kurti sud\u0117tingus architekt\u016brinius dizainus, tod\u0117l jis yra m\u0117gstamas tarp architekt\u0173 ir dizaineri\u0173.<\/p>\n<\/div><\/div><\/div><div class=\"fusion-layout-column fusion_builder_column fusion-builder-column-3 fusion_builder_column_1_2 1_2 fusion-flex-column\" style=\"--awb-bg-size:cover;--awb-width-large:50%;--awb-margin-top-large:0px;--awb-spacing-right-large:3.84%;--awb-margin-bottom-large:20px;--awb-spacing-left-large:3.84%;--awb-width-medium:100%;--awb-order-medium:0;--awb-spacing-right-medium:1.92%;--awb-spacing-left-medium:1.92%;--awb-width-small:100%;--awb-order-small:0;--awb-spacing-right-small:1.92%;--awb-spacing-left-small:1.92%;\"><div class=\"fusion-column-wrapper fusion-column-has-shadow fusion-flex-justify-content-flex-start fusion-content-layout-column\"><div class=\"fusion-text fusion-text-4\"><h3>2. Elektronika ir Elektros In\u017einerija<\/h3>\n<p>AW1050 auk\u0161tas elektros laidumas daro j\u012f puikia pasirinkimo galimybe elektronikos ir elektros in\u017einerijos srityje, tokiose srityse kaip kondensatoriai ir elektroniniai komponentai. Jo geb\u0117jimas efektyviai laiduoti elektros srov\u0119 i\u0161laikant stabilum\u0105 daro j\u012f nei\u0161vengiamu med\u017eiagos pasirinkimu elektronikos srityje.<\/p>\n<\/div><\/div><\/div><div class=\"fusion-layout-column fusion_builder_column fusion-builder-column-4 fusion_builder_column_1_2 1_2 fusion-flex-column\" style=\"--awb-bg-size:cover;--awb-width-large:50%;--awb-margin-top-large:0px;--awb-spacing-right-large:3.84%;--awb-margin-bottom-large:20px;--awb-spacing-left-large:3.84%;--awb-width-medium:100%;--awb-order-medium:0;--awb-spacing-right-medium:1.92%;--awb-spacing-left-medium:1.92%;--awb-width-small:100%;--awb-order-small:0;--awb-spacing-right-small:1.92%;--awb-spacing-left-small:1.92%;\"><div class=\"fusion-column-wrapper fusion-column-has-shadow fusion-flex-justify-content-flex-start fusion-content-layout-column\"><div class=\"fusion-text fusion-text-5\"><h3>3. Pakavimas<\/h3>\n<p>Maisto ir g\u0117rim\u0173 pramon\u0117 gauna naudos i\u0161 AW1050 korozijos atsparumo savybi\u0173, jis pla\u010diai naudojamas maisto ir g\u0117rim\u0173 talpykl\u0173 gamyboje. Jo inertin\u0117 prigimtis u\u017etikrina, kad turinys lieka nepavojingas ir tinkamas vartojimui.<\/p>\n<\/div><\/div><\/div><div class=\"fusion-layout-column fusion_builder_column fusion-builder-column-5 fusion_builder_column_1_2 1_2 fusion-flex-column\" style=\"--awb-bg-size:cover;--awb-width-large:50%;--awb-margin-top-large:0px;--awb-spacing-right-large:3.84%;--awb-margin-bottom-large:20px;--awb-spacing-left-large:3.84%;--awb-width-medium:100%;--awb-order-medium:0;--awb-spacing-right-medium:1.92%;--awb-spacing-left-medium:1.92%;--awb-width-small:100%;--awb-order-small:0;--awb-spacing-right-small:1.92%;--awb-spacing-left-small:1.92%;\"><div class=\"fusion-column-wrapper fusion-column-has-shadow fusion-flex-justify-content-flex-start fusion-content-layout-column\"><div class=\"fusion-text fusion-text-6\"><h3>4. Transportas<\/h3>\n<p>AW1050 randa savo viet\u0105 transporto sektoriuje, ypa\u010d gaminant lengvas ir ekonomi\u0161kas transporto priemones. D\u0117l savo stiprumo ir ma\u017eo svorio jis tinkamas naudoti, pavyzd\u017eiui, kuro bakuose, radiatoriuose ir k\u0117bulo plok\u0161t\u0117se.<\/p>\n<\/div><\/div><\/div><div class=\"fusion-layout-column fusion_builder_column fusion-builder-column-6 fusion_builder_column_1_2 1_2 fusion-flex-column\" style=\"--awb-bg-size:cover;--awb-width-large:50%;--awb-margin-top-large:0px;--awb-spacing-right-large:3.84%;--awb-margin-bottom-large:20px;--awb-spacing-left-large:3.84%;--awb-width-medium:100%;--awb-order-medium:0;--awb-spacing-right-medium:1.92%;--awb-spacing-left-medium:1.92%;--awb-width-small:100%;--awb-order-small:0;--awb-spacing-right-small:1.92%;--awb-spacing-left-small:1.92%;\"><div class=\"fusion-column-wrapper fusion-column-has-shadow fusion-flex-justify-content-flex-start fusion-content-layout-column\"><div class=\"fusion-text fusion-text-7\"><h3>5. Pramoniniai Panaudojimai<\/h3>\n<p>Pramon\u0117s \u0161akos, kurios naudojasi \u0161ilumokai\u010diais, chemine apdirbimo \u012franga ir j\u016brini\u0173 komponent\u0173 gamyba, taip pat gauna naudos i\u0161 AW1050 savybi\u0173. Jo atsparumas korozijai skirtingose aplinkose ir lengvumas apdirbti daro j\u012f patikimu pasirinkimu sud\u0117tingiems pramoniniams panaudojimams.<\/p>\n<\/div><\/div><\/div><div class=\"fusion-layout-column fusion_builder_column fusion-builder-column-7 fusion_builder_column_1_2 1_2 fusion-flex-column\" style=\"--awb-bg-size:cover;--awb-width-large:50%;--awb-margin-top-large:0px;--awb-spacing-right-large:3.84%;--awb-margin-bottom-large:20px;--awb-spacing-left-large:3.84%;--awb-width-medium:100%;--awb-order-medium:0;--awb-spacing-right-medium:1.92%;--awb-spacing-left-medium:1.92%;--awb-width-small:100%;--awb-order-small:0;--awb-spacing-right-small:1.92%;--awb-spacing-left-small:1.92%;\"><div class=\"fusion-column-wrapper fusion-column-has-shadow fusion-flex-justify-content-flex-start fusion-content-layout-column\"><div class=\"fusion-text fusion-text-8\"><h3>6. Reklama ir Ekspozicijos<\/h3>\n<p>AW1050 plasti\u0161kumas leid\u017eia kurti k\u016brybi\u0161kus formatus ir tai daro j\u012f puikia med\u017eiaga reklamos \u017eenklams, ekspozicijoms ir prekybos parodoms. Jo geb\u0117jimas i\u0161laikyti \u0161var\u0173 ir poliruot\u0105 i\u0161vaizd\u0105 prisideda prie patraukli\u0173 ekspozicij\u0173 k\u016brimo.<\/p>\n<\/div><\/div><\/div><\/div><\/div><\/div><div class=\"fusion-fullwidth fullwidth-box fusion-builder-row-2 fusion-flex-container has-pattern-background has-mask-background narrow-wrapper nonhundred-percent-fullwidth non-hundred-percent-height-scrolling\" style=\"--awb-border-radius-top-left:0px;--awb-border-radius-top-right:0px;--awb-border-radius-bottom-right:0px;--awb-border-radius-bottom-left:0px;--awb-padding-right:15%;--awb-padding-left:15%;--awb-padding-right-medium:5%;--awb-padding-left-medium:5%;\" ><div class=\"fusion-builder-row fusion-row fusion-flex-align-items-flex-start\" style=\"max-width:104%;margin-left: calc(-4% \/ 2 );margin-right: calc(-4% \/ 2 );\"><div class=\"fusion-layout-column fusion_builder_column fusion-builder-column-8 fusion_builder_column_1_1 1_1 fusion-flex-column\" style=\"--awb-bg-size:cover;--awb-width-large:100%;--awb-margin-top-large:0px;--awb-spacing-right-large:1.92%;--awb-margin-bottom-large:20px;--awb-spacing-left-large:1.92%;--awb-width-medium:100%;--awb-order-medium:0;--awb-spacing-right-medium:1.92%;--awb-spacing-left-medium:1.92%;--awb-width-small:100%;--awb-order-small:0;--awb-spacing-right-small:1.92%;--awb-spacing-left-small:1.92%;\"><div class=\"fusion-column-wrapper fusion-column-has-shadow fusion-flex-justify-content-flex-start fusion-content-layout-column\"><div class=\"fusion-separator fusion-full-width-sep\" style=\"align-self: center;margin-left: auto;margin-right: auto;margin-top:20px;margin-bottom:40px;width:100%;\"><div class=\"fusion-separator-border sep-single sep-solid\" style=\"--awb-height:20px;--awb-amount:20px;border-color:#e0dede;border-top-width:1px;\"><\/div><\/div><div class=\"fusion-text fusion-text-9\" style=\"--awb-content-alignment:center;--awb-font-size:17px;--awb-line-height:30px;--awb-margin-top:20px;--awb-text-font-family:&quot;Raleway&quot;;--awb-text-font-style:normal;--awb-text-font-weight:600;\"><p>Aliuminio lydinio AW1050 universalumas atveria duris daugybei pritaikym\u0173 \u012fvairiose pramon\u0117s \u0161akose. D\u0117l lengvo, atsparaus korozijai ir lengvai apdirbam\u0173 savybi\u0173 jis yra patikimas med\u017eiag\u0173 pasirinkimas projektams nuo architekt\u016bros iki elektronikos. Tur\u0117damas daugyb\u0119 privalum\u0173, AW1050 ir toliau prisideda prie pa\u017eangos ir naujovi\u0173 \u012fvairiuose sektoriuose, \u012frodydamas savo, kaip pagrindin\u0117s med\u017eiagos, svarb\u0105 \u0161iuolaikiniame pasaulyje.<\/p>\n<\/div><\/div><\/div><\/div><\/div><div class=\"fusion-fullwidth fullwidth-box fusion-builder-row-3 fusion-flex-container has-pattern-background has-mask-background narrow-wrapper nonhundred-percent-fullwidth non-hundred-percent-height-scrolling\" style=\"--awb-border-radius-top-left:0px;--awb-border-radius-top-right:0px;--awb-border-radius-bottom-right:0px;--awb-border-radius-bottom-left:0px;--awb-padding-right:15%;--awb-padding-left:15%;--awb-padding-right-medium:5%;--awb-padding-left-medium:5%;\" ><div class=\"fusion-builder-row fusion-row fusion-flex-align-items-flex-start\" style=\"max-width:104%;margin-left: calc(-4% \/ 2 );margin-right: calc(-4% \/ 2 );\"><div class=\"fusion-layout-column fusion_builder_column fusion-builder-column-9 fusion_builder_column_1_1 1_1 fusion-flex-column\" style=\"--awb-bg-size:cover;--awb-width-large:100%;--awb-margin-top-large:0px;--awb-spacing-right-large:1.92%;--awb-margin-bottom-large:20px;--awb-spacing-left-large:1.92%;--awb-width-medium:100%;--awb-order-medium:0;--awb-spacing-right-medium:1.92%;--awb-spacing-left-medium:1.92%;--awb-width-small:100%;--awb-order-small:0;--awb-spacing-right-small:1.92%;--awb-spacing-left-small:1.92%;\"><div class=\"fusion-column-wrapper fusion-column-has-shadow fusion-flex-justify-content-flex-start fusion-content-layout-column\"><div class=\"fusion-title title fusion-title-3 fusion-title-text fusion-title-size-three\" style=\"--awb-margin-bottom:20px;\"><div class=\"title-sep-container title-sep-container-left fusion-no-large-visibility fusion-no-medium-visibility fusion-no-small-visibility\"><div class=\"title-sep sep-single sep-solid\" style=\"border-color:#e0dede;\"><\/div><\/div><span class=\"awb-title-spacer fusion-no-large-visibility fusion-no-medium-visibility fusion-no-small-visibility\"><\/span><h3 class=\"title-heading-left\" style=\"margin:0;\">Susisiekite su mumis<\/h3><span class=\"awb-title-spacer\"><\/span><div class=\"title-sep-container title-sep-container-right\"><div class=\"title-sep sep-single sep-solid\" style=\"border-color:#e0dede;\"><\/div><\/div><\/div>\n<div class=\"wpcf7 no-js\" id=\"wpcf7-f1611-o1\" lang=\"en-US\" dir=\"ltr\">\n<div class=\"screen-reader-response\"><p role=\"status\" aria-live=\"polite\" aria-atomic=\"true\"><\/p> <ul><\/ul><\/div>\n<form action=\"\/lt\/wp-json\/wp\/v2\/pages\/3645#wpcf7-f1611-o1\" method=\"post\" class=\"wpcf7-form init\" aria-label=\"Contact form\" novalidate=\"novalidate\" data-status=\"init\">\n<div style=\"display: none;\">\n<input type=\"hidden\" name=\"_wpcf7\" value=\"1611\" \/>\n<input type=\"hidden\" name=\"_wpcf7_version\" value=\"5.7.5.1\" \/>\n<input type=\"hidden\" name=\"_wpcf7_locale\" value=\"en_US\" \/>\n<input type=\"hidden\" name=\"_wpcf7_unit_tag\" value=\"wpcf7-f1611-o1\" \/>\n<input type=\"hidden\" name=\"_wpcf7_container_post\" value=\"0\" \/>\n<input type=\"hidden\" name=\"_wpcf7_posted_data_hash\" value=\"\" \/>\n<\/div>\n<p><label> Vardas (privalomas laukelis)<br \/>\n<span class=\"wpcf7-form-control-wrap\" data-name=\"your-name\"><input size=\"40\" class=\"wpcf7-form-control wpcf7-text wpcf7-validates-as-required\" aria-required=\"true\" aria-invalid=\"false\" value=\"\" type=\"text\" name=\"your-name\" \/><\/span> <\/label><br \/>\n<label> El. pa\u0161tas (privalomas laukelis)<br \/>\n<span class=\"wpcf7-form-control-wrap\" data-name=\"your-email\"><input size=\"40\" class=\"wpcf7-form-control wpcf7-text wpcf7-email wpcf7-validates-as-required wpcf7-validates-as-email\" aria-required=\"true\" aria-invalid=\"false\" value=\"\" type=\"email\" name=\"your-email\" \/><\/span> <\/label><br \/>\n<label> Tema<br \/>\n<span class=\"wpcf7-form-control-wrap\" data-name=\"your-subject\"><input size=\"40\" class=\"wpcf7-form-control wpcf7-text\" aria-invalid=\"false\" value=\"\" type=\"text\" name=\"your-subject\" \/><\/span> <\/label><br \/>\n<label> \u017dinut\u0117<br \/>\n<span class=\"wpcf7-form-control-wrap\" data-name=\"your-message\"><textarea cols=\"40\" rows=\"10\" class=\"wpcf7-form-control wpcf7-textarea\" aria-invalid=\"false\" name=\"your-message\"><\/textarea><\/span> <\/label>\n<\/p>\n<p><input class=\"wpcf7-form-control has-spinner wpcf7-submit\" type=\"submit\" value=\"SI\u0172STI\" \/>\n<\/p><div class=\"fusion-alert alert custom alert-custom fusion-alert-center wpcf7-response-output alert-dismissable\" style=\"--awb-border-size:1px;\" role=\"alert\"><div class=\"fusion-alert-content-wrapper\"><span class=\"fusion-alert-content\"><\/span><\/div><button type=\"button\" class=\"close toggle-alert\" data-dismiss=\"alert\" aria-label=\"Close\">&times;<\/button><\/div>\n<\/form>\n<\/div>\n<\/div><\/div><\/div><\/div><\/p>\n","protected":false},"excerpt":{"rendered":"","protected":false},"author":1,"featured_media":0,"parent":0,"menu_order":0,"comment_status":"closed","ping_status":"closed","template":"","meta":{"om_disable_all_campaigns":false,"footnotes":""},"class_list":["post-3645","page","type-page","status-publish","hentry"],"aioseo_notices":[],"_links":{"self":[{"href":"https:\/\/www.rulonas.com\/lt\/wp-json\/wp\/v2\/pages\/3645","targetHints":{"allow":["GET"]}}],"collection":[{"href":"https:\/\/www.rulonas.com\/lt\/wp-json\/wp\/v2\/pages"}],"about":[{"href":"https:\/\/www.rulonas.com\/lt\/wp-json\/wp\/v2\/types\/page"}],"author":[{"embeddable":true,"href":"https:\/\/www.rulonas.com\/lt\/wp-json\/wp\/v2\/users\/1"}],"replies":[{"embeddable":true,"href":"https:\/\/www.rulonas.com\/lt\/wp-json\/wp\/v2\/comments?post=3645"}],"version-history":[{"count":2,"href":"https:\/\/www.rulonas.com\/lt\/wp-json\/wp\/v2\/pages\/3645\/revisions"}],"predecessor-version":[{"id":3647,"href":"https:\/\/www.rulonas.com\/lt\/wp-json\/wp\/v2\/pages\/3645\/revisions\/3647"}],"wp:attachment":[{"href":"https:\/\/www.rulonas.com\/lt\/wp-json\/wp\/v2\/media?parent=3645"}],"curies":[{"name":"wp","href":"https:\/\/api.w.org\/{rel}","templated":true}]}}