{"id":3642,"date":"2023-08-29T13:24:41","date_gmt":"2023-08-29T11:24:41","guid":{"rendered":"https:\/\/www.rulonas.com\/the-advantages-of-aluminium-in-modern-architecture\/"},"modified":"2023-08-29T14:26:43","modified_gmt":"2023-08-29T12:26:43","slug":"aliuminio-privalumai-modernioje-architekturoje","status":"publish","type":"page","link":"https:\/\/www.rulonas.com\/lt\/aliuminio-privalumai-modernioje-architekturoje\/","title":{"rendered":"Aliuminio Privalumai Modernioje Architekt\u016broje"},"content":{"rendered":"<p><div id=\"products\" class=\"fusion-container-anchor\"><div class=\"fusion-fullwidth fullwidth-box fusion-builder-row-1 fusion-flex-container narrow-wrapper hundred-percent-fullwidth non-hundred-percent-height-scrolling\" style=\"--awb-border-radius-top-left:0px;--awb-border-radius-top-right:0px;--awb-border-radius-bottom-right:0px;--awb-border-radius-bottom-left:0px;--awb-padding-top:60px;--awb-padding-right:15%;--awb-padding-bottom:30px;--awb-padding-left:15%;--awb-padding-right-medium:5%;--awb-padding-left-medium:5%;--awb-background-color:rgba(255,242,242,0);\" ><div class=\"fusion-builder-row fusion-row fusion-flex-align-items-flex-start\" style=\"width:104% !important;max-width:104% !important;margin-left: calc(-4% \/ 2 );margin-right: calc(-4% \/ 2 );\"><div class=\"fusion-layout-column fusion_builder_column fusion-builder-column-0 fusion_builder_column_1_1 1_1 fusion-flex-column\" style=\"--awb-bg-size:cover;--awb-width-large:100%;--awb-margin-top-large:0px;--awb-spacing-right-large:1.92%;--awb-margin-bottom-large:20px;--awb-spacing-left-large:1.92%;--awb-width-medium:100%;--awb-order-medium:0;--awb-spacing-right-medium:1.92%;--awb-spacing-left-medium:1.92%;--awb-width-small:100%;--awb-order-small:0;--awb-spacing-right-small:1.92%;--awb-spacing-left-small:1.92%;\"><div class=\"fusion-column-wrapper fusion-column-has-shadow fusion-flex-justify-content-flex-start fusion-content-layout-column\"><div class=\"fusion-title title fusion-title-1 fusion-title-center fusion-title-text fusion-title-size-one\"><div class=\"title-sep-container title-sep-container-left\"><div class=\"title-sep sep-single sep-solid\" style=\"border-color:#e0dede;\"><\/div><\/div><span class=\"awb-title-spacer\"><\/span><h1 class=\"title-heading-center\" style=\"margin:0;\">Aliuminio Privalumai Modernioje Architekt\u016broje<\/h1><span class=\"awb-title-spacer\"><\/span><div class=\"title-sep-container title-sep-container-right\"><div class=\"title-sep sep-single sep-solid\" style=\"border-color:#e0dede;\"><\/div><\/div><\/div><div class=\"fusion-text fusion-text-1\" style=\"--awb-font-size:var(--awb-typography3-font-size);--awb-margin-top:30px;\"><p style=\"text-align: center;\">Modernios architekt\u016bros kontekste aliuminis pasirod\u0117 kaip revoliucijos \u017eenklas, si\u016blantis daugyb\u0119 privalum\u0173, kurie pakeit\u0117 b\u016bd\u0105, kaip yra projektuojami ir statomi pastatai. Nuo dangorai\u017ei\u0173 iki inovatyvi\u0173 gyvenam\u0173j\u0173 erdvi\u0173, aliuminio unikalios savyb\u0117s performuoja architekt\u016bros peiza\u017e\u0105. Pa\u017evelkime \u012f \u012fsp\u016bdingus privalumus, kuriuos aliuminis \u012fne\u0161a \u012f \u0161iuolaikin\u0119 architekt\u016br\u0105.<\/p>\n<\/div><\/div><\/div><div class=\"fusion-layout-column fusion_builder_column fusion-builder-column-1 fusion_builder_column_1_2 1_2 fusion-flex-column\" style=\"--awb-bg-size:cover;--awb-width-large:50%;--awb-margin-top-large:0px;--awb-spacing-right-large:3.84%;--awb-margin-bottom-large:20px;--awb-spacing-left-large:3.84%;--awb-width-medium:100%;--awb-order-medium:0;--awb-spacing-right-medium:1.92%;--awb-spacing-left-medium:1.92%;--awb-width-small:100%;--awb-order-small:0;--awb-spacing-right-small:1.92%;--awb-spacing-left-small:1.92%;\"><div class=\"fusion-column-wrapper fusion-column-has-shadow fusion-flex-justify-content-flex-start fusion-content-layout-column\"><div class=\"fusion-text fusion-text-2\"><h3>Ma\u017eas Svoris ir Stiprumas<\/h3>\n<p>Aliuminio stulbinanti stiprumo ir svorio santykio proporcija yra dovana architektams ir in\u017einieriams. Jo lengvas svoris daro j\u012f geriausiu pasirinkimu statant auk\u0161tus pastatus, ma\u017einant bendr\u0105 apkrov\u0105 ir i\u0161laikant strukt\u016brin\u012f vientisum\u0105. \u0160is privalumas ne tik supaprastina statyb\u0105, bet ir ma\u017eina pamat\u0173 ir konstrukcijos reikalavimus.<\/p>\n<h3>Patvarumas ir Korozijos Atsparumas<\/h3>\n<p>Esant sud\u0117tingoms oro s\u0105lygoms, aliuminis i\u0161lieka tvirtas. Jo nat\u016bralus oksido sluoksnis sukuria apsaugin\u012f barjer\u0105 nuo korozijos, u\u017etikrinant ilgaam\u017ei\u0161kum\u0105 ir minimal\u0173 prie\u017ei\u016bros poreik\u012f. \u0160is patvarumas ypa\u010d vertingas pastatams, esantiems paj\u016bryje ar regionuose su nepalankiais klimatais.<\/p>\n<\/div><\/div><\/div><div class=\"fusion-layout-column fusion_builder_column fusion-builder-column-2 fusion_builder_column_1_2 1_2 fusion-flex-column\" style=\"--awb-bg-size:cover;--awb-width-large:50%;--awb-margin-top-large:0px;--awb-spacing-right-large:3.84%;--awb-margin-bottom-large:20px;--awb-spacing-left-large:3.84%;--awb-width-medium:100%;--awb-order-medium:0;--awb-spacing-right-medium:1.92%;--awb-spacing-left-medium:1.92%;--awb-width-small:100%;--awb-order-small:0;--awb-spacing-right-small:1.92%;--awb-spacing-left-small:1.92%;\"><div class=\"fusion-column-wrapper fusion-column-has-shadow fusion-flex-justify-content-flex-start fusion-content-layout-column\"><div class=\"fusion-text fusion-text-3\"><h3>Dizaino Universalumas<\/h3>\n<p>Aliuminio plasti\u0161kumas leid\u017eia architektams \u012fsivaizduoti ir kurti sud\u0117tingus dizainus, kurie anks\u010diau buvo laikomi ne\u012fmanomi. Metalas gali b\u016bti lengvai panaudojamas \u012fvairioms formoms, leid\u017eiant sukurti i\u0161skirtinius fasadus, lenktus pavir\u0161ius ir menines detali\u0173 puo\u0161menas, kurios prideda charakterio moderniems pastatams.<\/p>\n<h3>Energetin\u0117 Efektyvumas<\/h3>\n<p>Tvarumas yra \u0161iuolaikin\u0117s architekt\u016bros praktikos pagrindas, o aliuminis puikiai dera su \u0161ia nuostata. D\u0117l puikaus \u0161ilumos laidumo jis yra patikimas pasirinkimas energi\u0161kai efektyviems pastatams. Aliuminio langai, durys ir u\u017euolaidin\u0117s sienel\u0117s veiksmingai apsaugo nuo \u0161ilumos nuostoli\u0173, tod\u0117l suma\u017e\u0117ja energijos s\u0105naudos.<\/p>\n<\/div><\/div><\/div><div class=\"fusion-layout-column fusion_builder_column fusion-builder-column-3 fusion_builder_column_1_1 1_1 fusion-flex-column\" style=\"--awb-bg-blend:overlay;--awb-bg-size:cover;--awb-width-large:100%;--awb-margin-top-large:0px;--awb-spacing-right-large:1.92%;--awb-margin-bottom-large:20px;--awb-spacing-left-large:1.92%;--awb-width-medium:100%;--awb-spacing-right-medium:1.92%;--awb-spacing-left-medium:1.92%;--awb-width-small:100%;--awb-spacing-right-small:1.92%;--awb-spacing-left-small:1.92%;\"><div class=\"fusion-column-wrapper fusion-flex-justify-content-flex-start fusion-content-layout-column\"><div class=\"fusion-image-element \" style=\"text-align:center;--awb-aspect-ratio:21 \/ 9;--awb-object-position:34% 77%;--awb-margin-top:30px;--awb-margin-bottom:0px;--awb-caption-title-font-family:var(--h2_typography-font-family);--awb-caption-title-font-weight:var(--h2_typography-font-weight);--awb-caption-title-font-style:var(--h2_typography-font-style);--awb-caption-title-size:var(--h2_typography-font-size);--awb-caption-title-transform:var(--h2_typography-text-transform);--awb-caption-title-line-height:var(--h2_typography-line-height);--awb-caption-title-letter-spacing:var(--h2_typography-letter-spacing);\"><span class=\" fusion-imageframe imageframe-none imageframe-1 hover-type-none has-aspect-ratio\" class=\"image-magnify\" class=\"image-scroll\"><img decoding=\"async\" width=\"1920\" height=\"1319\" title=\"europe-1911782_1920\" src=\"https:\/\/www.rulonas.com\/wp-content\/uploads\/europe-1911782_1920.webp\" class=\"img-responsive wp-image-3623 img-with-aspect-ratio\" alt srcset=\"https:\/\/www.rulonas.com\/wp-content\/uploads\/europe-1911782_1920-200x137.webp 200w, https:\/\/www.rulonas.com\/wp-content\/uploads\/europe-1911782_1920-300x206.webp 300w, https:\/\/www.rulonas.com\/wp-content\/uploads\/europe-1911782_1920-400x275.webp 400w, https:\/\/www.rulonas.com\/wp-content\/uploads\/europe-1911782_1920-500x343.webp 500w, https:\/\/www.rulonas.com\/wp-content\/uploads\/europe-1911782_1920-600x412.webp 600w, https:\/\/www.rulonas.com\/wp-content\/uploads\/europe-1911782_1920-700x481.webp 700w, https:\/\/www.rulonas.com\/wp-content\/uploads\/europe-1911782_1920-768x528.webp 768w, https:\/\/www.rulonas.com\/wp-content\/uploads\/europe-1911782_1920-800x550.webp 800w, https:\/\/www.rulonas.com\/wp-content\/uploads\/europe-1911782_1920-1024x703.webp 1024w, https:\/\/www.rulonas.com\/wp-content\/uploads\/europe-1911782_1920-1200x824.webp 1200w, https:\/\/www.rulonas.com\/wp-content\/uploads\/europe-1911782_1920-1536x1055.webp 1536w, https:\/\/www.rulonas.com\/wp-content\/uploads\/europe-1911782_1920.webp 1920w\" sizes=\"(max-width: 1024px) 100vw, (max-width: 850px) 100vw, 1920px\" \/><\/span><\/div><\/div><\/div><div class=\"fusion-layout-column fusion_builder_column fusion-builder-column-4 fusion_builder_column_1_2 1_2 fusion-flex-column\" style=\"--awb-bg-blend:overlay;--awb-bg-size:cover;--awb-width-large:50%;--awb-margin-top-large:0px;--awb-spacing-right-large:3.84%;--awb-margin-bottom-large:20px;--awb-spacing-left-large:3.84%;--awb-width-medium:100%;--awb-spacing-right-medium:1.92%;--awb-spacing-left-medium:1.92%;--awb-width-small:100%;--awb-spacing-right-small:1.92%;--awb-spacing-left-small:1.92%;\"><div class=\"fusion-column-wrapper fusion-flex-justify-content-flex-start fusion-content-layout-column\"><div class=\"fusion-text fusion-text-4\"><h3>Ekologi\u0161ki \u012fgaliojimai<\/h3>\n<p>Aliuminis yra be galo perdirbamas neprarandant savo savybi\u0173, tod\u0117l tai yra tvarus pasirinkimas ekologi\u0161kiems architektams. Jo perdirbimo procesas reikalauja \u017eymiai ma\u017eiau energijos, palyginti su pradine gamyba, derinant su \u017eiedin\u0117s ekonomikos principais ir suma\u017einant ekologin\u012f p\u0117dsak\u0105.<\/p>\n<\/div><div class=\"fusion-title title fusion-title-2 fusion-sep-none fusion-title-text fusion-title-size-three\" style=\"--awb-margin-bottom:20px;\"><h3 class=\"title-heading-left\" style=\"margin:0;\">Ma\u017eas Prie\u017ei\u016bros Poreikis<\/h3><\/div><div class=\"fusion-text fusion-text-5\"><p>Gyvenimas dinami\u0161kuose miesto aplinkose gali b\u016bti i\u0161\u0161\u016bkis prie\u017ei\u016bros at\u017evilgiu. Aliuminio korozijos atsparumas ir minimalus prie\u017ei\u016bros poreikis palengvina \u0161iuos r\u016bpes\u010dius, sutaupant tiek laiko, tiek i\u0161tekli\u0173 pastato naudingumui.<\/p>\n<\/div><div class=\"fusion-text fusion-text-6\"><\/div><\/div><\/div><div class=\"fusion-layout-column fusion_builder_column fusion-builder-column-5 fusion_builder_column_1_2 1_2 fusion-flex-column\" style=\"--awb-bg-blend:overlay;--awb-bg-size:cover;--awb-width-large:50%;--awb-margin-top-large:0px;--awb-spacing-right-large:3.84%;--awb-margin-bottom-large:20px;--awb-spacing-left-large:3.84%;--awb-width-medium:100%;--awb-spacing-right-medium:1.92%;--awb-spacing-left-medium:1.92%;--awb-width-small:100%;--awb-spacing-right-small:1.92%;--awb-spacing-left-small:1.92%;\"><div class=\"fusion-column-wrapper fusion-flex-justify-content-flex-start fusion-content-layout-column\"><div class=\"fusion-title title fusion-title-3 fusion-sep-none fusion-title-text fusion-title-size-three\" style=\"--awb-margin-bottom:20px;\"><h3 class=\"title-heading-left\" style=\"margin:0;\">Technologij\u0173 Integracija<\/h3><\/div><div class=\"fusion-text fusion-text-7\"><p>\u0160iuolaikin\u0117 architekt\u016bra da\u017enai \u012ftraukia pa\u017eangias technologijas, siekiant pagerinti gyvenimo patirt\u012f. Aliuminis lengvai prisitaiko prie \u0161i\u0173 technologij\u0173 pa\u017eangos, leid\u017eiant skland\u017eiai integruoti i\u0161mani\u0105sias sistemas, energij\u0105 taupan\u010di\u0105 ap\u0161vietim\u0105 ir interaktyvius pastato elementus.<\/p>\n<\/div><div class=\"fusion-title title fusion-title-4 fusion-sep-none fusion-title-text fusion-title-size-three\" style=\"--awb-margin-bottom:20px;\"><h3 class=\"title-heading-left\" style=\"margin:0;\">Dizaino Lankstumas<\/h3><\/div><div class=\"fusion-text fusion-text-8\"><p>Architekt\u016bros tendencijos greitai kinta, reikalaujant prisitaikyti prie kintan\u010di\u0173 dizaino pageidavim\u0173. Aliuminio nat\u016brali lankstumo savyb\u0117 leid\u017eia architektams prisitaikyti prie kintan\u010di\u0173 dizaino nuostat\u0173 ir \u012ftraukti naujoves, nesutrikdinant strukt\u016brinio vientisumo.<\/p>\n<\/div><div class=\"fusion-text fusion-text-9\"><\/div><\/div><\/div><\/div><\/div><\/div><div class=\"fusion-fullwidth fullwidth-box fusion-builder-row-2 fusion-flex-container has-pattern-background has-mask-background narrow-wrapper nonhundred-percent-fullwidth non-hundred-percent-height-scrolling\" style=\"--awb-border-radius-top-left:0px;--awb-border-radius-top-right:0px;--awb-border-radius-bottom-right:0px;--awb-border-radius-bottom-left:0px;--awb-padding-right:15%;--awb-padding-left:15%;--awb-padding-right-medium:5%;--awb-padding-left-medium:5%;\" ><div class=\"fusion-builder-row fusion-row fusion-flex-align-items-flex-start\" style=\"max-width:104%;margin-left: calc(-4% \/ 2 );margin-right: calc(-4% \/ 2 );\"><div class=\"fusion-layout-column fusion_builder_column fusion-builder-column-6 fusion_builder_column_1_1 1_1 fusion-flex-column\" style=\"--awb-bg-size:cover;--awb-width-large:100%;--awb-margin-top-large:0px;--awb-spacing-right-large:1.92%;--awb-margin-bottom-large:20px;--awb-spacing-left-large:1.92%;--awb-width-medium:100%;--awb-order-medium:0;--awb-spacing-right-medium:1.92%;--awb-spacing-left-medium:1.92%;--awb-width-small:100%;--awb-order-small:0;--awb-spacing-right-small:1.92%;--awb-spacing-left-small:1.92%;\"><div class=\"fusion-column-wrapper fusion-column-has-shadow fusion-flex-justify-content-flex-start fusion-content-layout-column\"><div class=\"fusion-title title fusion-title-5 fusion-title-text fusion-title-size-three\" style=\"--awb-margin-bottom:20px;\"><div class=\"title-sep-container title-sep-container-left fusion-no-large-visibility fusion-no-medium-visibility fusion-no-small-visibility\"><div class=\"title-sep sep-single sep-solid\" style=\"border-color:#e0dede;\"><\/div><\/div><span class=\"awb-title-spacer fusion-no-large-visibility fusion-no-medium-visibility fusion-no-small-visibility\"><\/span><h3 class=\"title-heading-left\" style=\"margin:0;\">Susisiekite su mumis<\/h3><span class=\"awb-title-spacer\"><\/span><div class=\"title-sep-container title-sep-container-right\"><div class=\"title-sep sep-single sep-solid\" style=\"border-color:#e0dede;\"><\/div><\/div><\/div>\n<div class=\"wpcf7 no-js\" id=\"wpcf7-f1611-o1\" lang=\"en-US\" dir=\"ltr\">\n<div class=\"screen-reader-response\"><p role=\"status\" aria-live=\"polite\" aria-atomic=\"true\"><\/p> <ul><\/ul><\/div>\n<form action=\"\/lt\/wp-json\/wp\/v2\/pages\/3642#wpcf7-f1611-o1\" method=\"post\" class=\"wpcf7-form init\" aria-label=\"Contact form\" novalidate=\"novalidate\" data-status=\"init\">\n<div style=\"display: none;\">\n<input type=\"hidden\" name=\"_wpcf7\" value=\"1611\" \/>\n<input type=\"hidden\" name=\"_wpcf7_version\" value=\"5.7.5.1\" \/>\n<input type=\"hidden\" name=\"_wpcf7_locale\" value=\"en_US\" \/>\n<input type=\"hidden\" name=\"_wpcf7_unit_tag\" value=\"wpcf7-f1611-o1\" \/>\n<input type=\"hidden\" name=\"_wpcf7_container_post\" value=\"0\" \/>\n<input type=\"hidden\" name=\"_wpcf7_posted_data_hash\" value=\"\" \/>\n<\/div>\n<p><label> Vardas (privalomas laukelis)<br \/>\n<span class=\"wpcf7-form-control-wrap\" data-name=\"your-name\"><input size=\"40\" class=\"wpcf7-form-control wpcf7-text wpcf7-validates-as-required\" aria-required=\"true\" aria-invalid=\"false\" value=\"\" type=\"text\" name=\"your-name\" \/><\/span> <\/label><br \/>\n<label> El. pa\u0161tas (privalomas laukelis)<br \/>\n<span class=\"wpcf7-form-control-wrap\" data-name=\"your-email\"><input size=\"40\" class=\"wpcf7-form-control wpcf7-text wpcf7-email wpcf7-validates-as-required wpcf7-validates-as-email\" aria-required=\"true\" aria-invalid=\"false\" value=\"\" type=\"email\" name=\"your-email\" \/><\/span> <\/label><br \/>\n<label> Tema<br \/>\n<span class=\"wpcf7-form-control-wrap\" data-name=\"your-subject\"><input size=\"40\" class=\"wpcf7-form-control wpcf7-text\" aria-invalid=\"false\" value=\"\" type=\"text\" name=\"your-subject\" \/><\/span> <\/label><br \/>\n<label> \u017dinut\u0117<br \/>\n<span class=\"wpcf7-form-control-wrap\" data-name=\"your-message\"><textarea cols=\"40\" rows=\"10\" class=\"wpcf7-form-control wpcf7-textarea\" aria-invalid=\"false\" name=\"your-message\"><\/textarea><\/span> <\/label>\n<\/p>\n<p><input class=\"wpcf7-form-control has-spinner wpcf7-submit\" type=\"submit\" value=\"SI\u0172STI\" \/>\n<\/p><div class=\"fusion-alert alert custom alert-custom fusion-alert-center wpcf7-response-output alert-dismissable\" style=\"--awb-border-size:1px;\" role=\"alert\"><div class=\"fusion-alert-content-wrapper\"><span class=\"fusion-alert-content\"><\/span><\/div><button type=\"button\" class=\"close toggle-alert\" data-dismiss=\"alert\" aria-label=\"Close\">&times;<\/button><\/div>\n<\/form>\n<\/div>\n<\/div><\/div><\/div><\/div><div class=\"fusion-fullwidth fullwidth-box fusion-builder-row-3 fusion-flex-container has-pattern-background has-mask-background narrow-wrapper nonhundred-percent-fullwidth non-hundred-percent-height-scrolling\" style=\"--awb-border-radius-top-left:0px;--awb-border-radius-top-right:0px;--awb-border-radius-bottom-right:0px;--awb-border-radius-bottom-left:0px;--awb-padding-right:15%;--awb-padding-left:15%;--awb-padding-right-medium:5%;--awb-padding-left-medium:5%;\" ><div class=\"fusion-builder-row fusion-row fusion-flex-align-items-flex-start\" style=\"max-width:104%;margin-left: calc(-4% \/ 2 );margin-right: calc(-4% \/ 2 );\"><div class=\"fusion-layout-column fusion_builder_column fusion-builder-column-7 fusion_builder_column_1_1 1_1 fusion-flex-column\" style=\"--awb-bg-size:cover;--awb-width-large:100%;--awb-margin-top-large:0px;--awb-spacing-right-large:1.92%;--awb-margin-bottom-large:20px;--awb-spacing-left-large:1.92%;--awb-width-medium:100%;--awb-order-medium:0;--awb-spacing-right-medium:1.92%;--awb-spacing-left-medium:1.92%;--awb-width-small:100%;--awb-order-small:0;--awb-spacing-right-small:1.92%;--awb-spacing-left-small:1.92%;\"><div class=\"fusion-column-wrapper fusion-column-has-shadow fusion-flex-justify-content-flex-start fusion-content-layout-column\"><div class=\"fusion-separator fusion-full-width-sep\" style=\"align-self: center;margin-left: auto;margin-right: auto;margin-top:20px;margin-bottom:40px;width:100%;\"><div class=\"fusion-separator-border sep-single sep-solid\" style=\"--awb-height:20px;--awb-amount:20px;border-color:#e0dede;border-top-width:1px;\"><\/div><\/div><div class=\"fusion-text fusion-text-10\" style=\"--awb-content-alignment:center;--awb-font-size:17px;--awb-line-height:30px;--awb-margin-top:20px;--awb-text-font-family:&quot;Raleway&quot;;--awb-text-font-style:normal;--awb-text-font-weight:600;\"><h2>Atskleid\u017eiant Architekt\u016brin\u012f Potencial\u0105<\/h2>\n<p>Nuo ikonini\u0173 dangorai\u017ei\u0173 iki ekologi\u0161k\u0173 nam\u0173 \u2013 aliuminio prana\u0161umai atv\u0117r\u0117 architekt\u016brinio potencialo pasaul\u012f. \u012emon\u0117s RULONAS auk\u0161tos kokyb\u0117s aliuminio gamini\u0173 asortimentas, \u012fskaitant lak\u0161tus ir profilius suteikia architektams ir statybininkams galimyb\u0119 formuoti rytojaus horizontus. I\u0161tirkite neribotas aliuminio architekt\u016bros galimybes kartu su mumis ir kurkite strukt\u016bras, kurios skland\u017eiai derina naujoves, tvarum\u0105 ir estetik\u0105.<\/p>\n<\/div><\/div><\/div><\/div><\/div><\/p>\n","protected":false},"excerpt":{"rendered":"","protected":false},"author":1,"featured_media":0,"parent":0,"menu_order":0,"comment_status":"closed","ping_status":"closed","template":"","meta":{"om_disable_all_campaigns":false,"footnotes":""},"class_list":["post-3642","page","type-page","status-publish","hentry"],"aioseo_notices":[],"_links":{"self":[{"href":"https:\/\/www.rulonas.com\/lt\/wp-json\/wp\/v2\/pages\/3642","targetHints":{"allow":["GET"]}}],"collection":[{"href":"https:\/\/www.rulonas.com\/lt\/wp-json\/wp\/v2\/pages"}],"about":[{"href":"https:\/\/www.rulonas.com\/lt\/wp-json\/wp\/v2\/types\/page"}],"author":[{"embeddable":true,"href":"https:\/\/www.rulonas.com\/lt\/wp-json\/wp\/v2\/users\/1"}],"replies":[{"embeddable":true,"href":"https:\/\/www.rulonas.com\/lt\/wp-json\/wp\/v2\/comments?post=3642"}],"version-history":[{"count":2,"href":"https:\/\/www.rulonas.com\/lt\/wp-json\/wp\/v2\/pages\/3642\/revisions"}],"predecessor-version":[{"id":3644,"href":"https:\/\/www.rulonas.com\/lt\/wp-json\/wp\/v2\/pages\/3642\/revisions\/3644"}],"wp:attachment":[{"href":"https:\/\/www.rulonas.com\/lt\/wp-json\/wp\/v2\/media?parent=3642"}],"curies":[{"name":"wp","href":"https:\/\/api.w.org\/{rel}","templated":true}]}}