{"id":3494,"date":"2023-06-20T16:20:36","date_gmt":"2023-06-20T14:20:36","guid":{"rendered":"https:\/\/www.rulonas.com\/privacy-policy\/"},"modified":"2023-06-21T17:26:59","modified_gmt":"2023-06-21T15:26:59","slug":"privacy-policy","status":"publish","type":"page","link":"https:\/\/www.rulonas.com\/lt\/privacy-policy\/","title":{"rendered":"Privacy Policy"},"content":{"rendered":"<div class=\"fusion-fullwidth fullwidth-box fusion-builder-row-1 fusion-flex-container nonhundred-percent-fullwidth non-hundred-percent-height-scrolling\" style=\"--awb-border-radius-top-left:0px;--awb-border-radius-top-right:0px;--awb-border-radius-bottom-right:0px;--awb-border-radius-bottom-left:0px;--awb-padding-right:8%;--awb-padding-left:8%;--awb-padding-right-medium:30px;--awb-padding-left-medium:30px;\" ><div class=\"fusion-builder-row fusion-row fusion-flex-align-items-flex-start\" style=\"max-width:104%;margin-left: calc(-4% \/ 2 );margin-right: calc(-4% \/ 2 );\"><div class=\"fusion-layout-column fusion_builder_column fusion-builder-column-0 fusion_builder_column_1_1 1_1 fusion-flex-column\" style=\"--awb-bg-blend:overlay;--awb-bg-size:cover;--awb-width-large:100%;--awb-margin-top-large:0px;--awb-spacing-right-large:1.92%;--awb-margin-bottom-large:0px;--awb-spacing-left-large:1.92%;--awb-width-medium:100%;--awb-spacing-right-medium:1.92%;--awb-spacing-left-medium:1.92%;--awb-width-small:100%;--awb-spacing-right-small:1.92%;--awb-spacing-left-small:1.92%;\"><div class=\"fusion-column-wrapper fusion-flex-justify-content-flex-start fusion-content-layout-column\"><div class=\"fusion-text fusion-text-1\"><h1 style=\"--fontSize: 34; line-height: 1.41;\" data-fontsize=\"34\" data-lineheight=\"47.9333px\" class=\"fusion-responsive-typography-calculated\">PRIVATUMO POLITIKA (VARTOTOJ\u0172 TAISYKL\u0116S)<\/h1>\n<ul>\n<li><b>1. Privatumo politikos taikymas.<\/b>\n<ul>\n<li>1.1. \u0160i privatumo politika apibr\u0117\u017eia s\u0105lygas, kurios taikomos visiems interneto svetain\u0117s <a href=\"https:\/\/www.rulonas.com\/lt\/\">www.rulonas.com<\/a> (toliau &#8211; Interneto svetain\u0117) lankytojams.<\/li>\n<li>1.2. Laikoma, kad Lankytojas susipa\u017e\u012fsta su \u0161ia Privatumo politika, kai jis apsilanko Interneto svetain\u0117je.<\/li>\n<li>1.3. Pirm\u0105 kart\u0105 apsilank\u0119s Interneto svetain\u0117je Lankytojas privalo i\u0161reik\u0161ti savo nuomon\u0119 d\u0117l Interneto svetain\u0117s administracijos galimybi\u0173 rinkti, kaupti ir naudoti Lankytojo asmens duomenis (i\u0161reik\u0161ti savo sutikim\u0105 arba nesutikim\u0105).<\/li>\n<li>1.4. Lankytojo, nesutikimas neriboja Lankytojo galimybi\u0173 naudotis Interneto svetain\u0117s paslaugomis, teikiant kurias n\u0117ra naudojami asmens duomenys.<\/li>\n<li>1.5. Lankytojas pateikia savo asmens duomenis sukurdamas asmenin\u0119 Paskyr\u0105.<\/li>\n<\/ul>\n<\/li>\n<li><b>2. Renkama informacija.<\/b>\n<ul>\n<li>2.1. Teikdami paslaugas, \u201cRULONAS\u201c UAB, \u012fmon\u0117s kodas 300082121 adresas: Ateities pl. 54 , LT-52105 Kaunas , telefonas <a href=\"tel:+370 37 213 371\">+370 37 213 371<\/a>; e-pa\u0161tas <a href=\"mailto:info@rulonas.com\">info@rulonas.com<\/a>;<\/li>\n<li>2.2. (toliau &#8211; Paslaug\u0173 teik\u0117jas) renkame tokius asmens duomenis:<\/li>\n<li>2.2.1. Vard\u0105 Pavard\u0119;<\/li>\n<li>2.2.2. Elektroninio pa\u0161to adres\u0105;<\/li>\n<li>2.2.3. Informacij\u0105 apie J\u016bs\u0173 kompiuter\u012f;<\/li>\n<li>2.2.4. J\u016bs\u0173 apsilankymus ir naudojim\u0105si Interneto svetaine;<\/li>\n<li>2.2.5. J\u016bs\u0173 IP adres\u0105;<\/li>\n<li>2.2.6. Prisijungimo prie Interneto svetain\u0117s laik\u0105 ir dat\u0105;<\/li>\n<li>2.2.7. Kit\u0105 informacij\u0105, kuri\u0105 J\u016bs galite pateikti mums bet kuriuo metu, naudodamiesi m\u016bs\u0173 Interneto svetaine, teikiamomis paslaugomis ar su mumis bendraudami.<\/li>\n<li>2.3. Nurodyti asmens duomenys, i\u0161skyrus asmens kod\u0105, gali b\u016bti tvarkomi tiesiogin\u0117s rinkodaros<\/li>\n<li>tikslais.<\/li>\n<\/ul>\n<\/li>\n<li><b>3. Slapuk\u0173 naudojimas.<\/b>\n<ul>\n<li>3.1. Slapukas tai \u2013 informacija, kuri\u0105 interneto serveris siun\u010dia \u012f interneto nar\u0161ykl\u0119 ir, kuri yra saugoma nar\u0161ykl\u0117je. \u0160i informacija yra siun\u010diama \u012f interneto server\u012f kiekvien\u0105 kart\u0105, kai nar\u0161ykl\u0117 pra\u0161o atidaryti puslap\u012f i\u0161 serverio. Tai leid\u017eia interneto serveriui nustatyti ir steb\u0117ti interneto nar\u0161ykl\u0119.<\/li>\n<li>3.2. Siekdami analizuoti naudojim\u0105si \u0161ia Interneto svetaine, mes naudojame \u201eGoogle Analytics\u201c ar kitus pana\u0161aus pob\u016bd\u017eio \u012frankius.<\/li>\n<li>3.3. \u0160ie \u012frankiai generuoja statistikos ir kit\u0105 informacij\u0105 apie Interneto svetain\u0117s naudojim\u0105 pagal slapukus, kurie yra saugomi vartotoj\u0173 kompiuteriuose.<\/li>\n<li>3.4. Informacija, surinkta apie apsilankymus Interneto svetain\u0117je, yra naudojama ataskait\u0173 apie Interneto svetain\u0117s naudojim\u0105 k\u016brimui.<\/li>\n<li>3.5. \u0160i\u0105 informacij\u0105 saugo Google ar kitas paslaugos teik\u0117jas.<\/li>\n<li>3.6. Slapukai taip pat yra naudojami tam, kad atpa\u017einti Jus, kaip ankstesn\u012f Interneto svetain\u0117s lankytoj\u0105.<\/li>\n<li>3.7. Prisijungdami prie M\u016bs\u0173 Interneto svetain\u0117s, turite nurodyti \u201esutinkate\u201c ar \u201enesutinkate\u201c su slapuk\u0173 naudojimu.<\/li>\n<li>3.8. J\u016bs galite atmesti slapukus. Atkreipkite d\u0117mes\u012f, kad slapuk\u0173 atmetimas gali tur\u0117ti neigiam\u0105 poveik\u012f Interneto svetain\u0117s naudojimui ir teikiam\u0173 paslaug\u0173 prieinamumui.<\/li>\n<li>3.9. Tuo atveju, jeigu sutikote su slapuk\u0173 naudojimu, o v\u0117liau J\u016bs\u0173 nuomon\u0117 pasikeis ir nor\u0117site savo sutikim\u0105 at\u0161aukti, pra\u0161ome informuoti mus e-pa\u0161to adresu info@rulonas.com;<\/li>\n<\/ul>\n<\/li>\n<li><b>4. J\u016bs\u0173 asmens duomen\u0173 naudojimas.<\/b>\n<ul>\n<li>4.1. Teikdami paslaugas, gav\u0119 i\u0161 J\u016bs\u0173 sutikim\u0105 d\u0117l J\u016bs\u0173 asmens duomen\u0173 rinkimo, kaupimo ir naudojimo, \u0161iuos duomenis galim naudoti, be atskiro J\u016bs\u0173 sutikimo, tik savo paties pana\u0161i\u0173 paslaug\u0173 rinkodarai.<\/li>\n<li>4.2. M\u016bs\u0173 renkami asmens duomenys yra naudojami i\u0161skirtinai \u0161ioje Privatumo politikoje nurodytiems tikslams.<\/li>\n<li>4.3. Duomenys bus naudojami tam, kad:<\/li>\n<li>4.3.1. Suteikti Jums galimyb\u0119 naudotis m\u016bs\u0173 Interneto svetaine ir teikiamomis paslaugomis;<\/li>\n<li>4.3.2. Sudaryti su Jumis sutart\u012f ir j\u0105 vykdyti;<\/li>\n<li>4.3.3. I\u0161ra\u0161yti ir i\u0161si\u0173sti Jums finansinius dokumentus;<\/li>\n<li>4.3.4. Administruoti \u012fsiskolinimus;<\/li>\n<li>4.3.5. Si\u0173sti Jums prane\u0161imus, korespondencij\u0105, naujienas ir kit\u0105 su m\u016bs\u0173 teikiamomis paslaugomis susijusi\u0105 informacij\u0105.<\/li>\n<\/ul>\n<\/li>\n<li><b>5. J\u016bs\u0173 asmens duomen\u0173 saugumas.<\/b>\n<ul>\n<li>5.1. J\u016bs\u0173 asmens duomenys bus tvarkomi laikantis Lietuvos Respublikos asmens duomen\u0173 teisin\u0117s apsaugos \u012fstatymo bei kit\u0173 teis\u0117s akt\u0173 nustatyt\u0173 reikalavim\u0173.<\/li>\n<li>5.2. Tvarkydami J\u016bs\u0173 asmens duomenis, mes \u012fgyvendiname organizacines ir technines priemones, kurios u\u017etikrina asmens duomen\u0173 apsaug\u0105 nuo atsitiktinio ar neteis\u0117to sunaikinimo, pakeitimo, atskleidimo, taip pat nuo bet kokio kito neteis\u0117to tvarkymo.<\/li>\n<\/ul>\n<\/li>\n<li><b>6. Jaunesnio negu 16 met\u0173 asmens duomen\u0173 tvarkymas.<\/b>\n<ul>\n<li>6.1. Jaunesnio negu 16 met\u0173 asmens duomenys n\u0117ra renkami, kaupiami arba naudojami. Atsi\u017evelgiant \u012f tai, jaunesniam negu 16 met\u0173 asmeniui teikiamos tik tos paslaugos, teikiant kurias n\u0117ra reikalingi asmens duomenys.<\/li>\n<\/ul>\n<\/li>\n<li><b>7. Duomenys, kurie n\u0117ra renkami.<\/b>\n<ul>\n<li>7.1. Esant bet kokioms s\u0105lygoms, duomenys susij\u0119 su J\u016bs\u0173 rasine ar etnine kilme, politiniais, religiniais, filosofiniais ar kitais \u012fsitikinimais, naryste profesin\u0117se s\u0105jungose, sveikata, lytiniu gyvenimu \u2013 n\u0117ra renkami, kaupiami arba naudojami.<\/li>\n<\/ul>\n<\/li>\n<li><b>8. Asmens duomen\u0173 teikimas ir duomen\u0173 gavimas i\u0161 tre\u010di\u0173j\u0173 asmen\u0173, esan\u010di\u0173 Lietuvos Respublikoje.<\/b>\n<ul>\n<li>8.1. Ta apimtimi, kiek tai yra b\u016btina tam, kad suteiktume Jums paslaugas, mes galime atskleisti J\u016bs\u0173 asmenin\u0119 informacij\u0105 \u2013 m\u016bs\u0173 darbuotojams, vadybininkams, tarpininkams, tiek\u0117jams ar subrangovams.<\/li>\n<li>8.2. Mes galime atskleisti informacij\u0105 apie Jus kai:<\/li>\n<li>8.2.1. B\u016btina u\u017ekirsti keli\u0105 suk\u010diavimui, neteis\u0117tam m\u016bs\u0173 Produkt\u0173 naudojimui, m\u016bs\u0173 s\u0105lyg\u0173 ir politikos pa\u017eeidimams ar kitai \u017ealingai ar neteis\u0117tai veiklai bei juos nustatyti ir su jais kovoti;<\/li>\n<li>8.2.2. Tai privalome pataryti remiantis \u012fstatym\u0173 nuostatomis;<\/li>\n<li>8.2.3. Siekiame apginti savo teises ir teis\u0117tus interesus.<\/li>\n<li>8.3. Tuo atveju, jeigu J\u016bs\u0173 asmens duomenys bus gauti i\u0161 tre\u010di\u0173j\u0173 asmen\u0173, mes informuosime Jus apie \u0161i\u0173 duomen\u0173 gavim\u0105. \u0160ie asmens duomenys, i\u0161skyrus duomenis, kurie yra vie\u0161ai paskelbti, be J\u016bs\u0173 sutikimo nebus tvarkomi.<\/li>\n<li>8.4. J\u016bs\u0173 asmens duomenys, i\u0161skyrus atvejus nurodytus 8.1., 8.2. punktuose ir duomenys, kurie yra vie\u0161ai paskelbti, gali b\u016bti perduoti tretiesiems asmenims, tik esant J\u016bs\u0173 sutikimui.<\/li>\n<li>8.5. Apie ketinim\u0105 perduoti J\u016bs\u0173 asmens duomenis tretiesiems asmenims, i\u0161skyrus duomenis, kurie yra vie\u0161ai paskelbti arba perduodami \u012fstatym\u0173 nustatyta tvarka, J\u016bs busite informuoti ne v\u0117liau kaip iki to momento, kai duomenys bus teikiami pirm\u0105 kart\u0105.<\/li>\n<\/ul>\n<\/li>\n<li><b>9. Asmens duomen\u0173 teikimas duomen\u0173 gav\u0117jams, esantiems u\u017esienio valstyb\u0117se.<\/b>\n<ul>\n<li>9.1. Asmens duomenys duomen\u0173 gav\u0117jams, esantiems Europos S\u0105jungos valstyb\u0117se nar\u0117se ir kitose Europos ekonomin\u0117s erdv\u0117s valstyb\u0117se, teikiami tomis pa\u010diomis s\u0105lygomis ir tvarka kaip ir duomen\u0173 gav\u0117jams, esantiems Lietuvos Respublikoje.<\/li>\n<\/ul>\n<\/li>\n<li><b>10. Asmens duomen\u0173 saugojimas ir sunaikinimas.<\/b>\n<ul>\n<li>10.1. Asmens duomenys saugomi ne ilgiau, nei to reikalauja duomen\u0173 tvarkymo tikslai arba iki J\u016bs\u0173 Paskyros i\u0161trynimo (priklausomai nuo to, kas \u012fvyksta anks\u010diau).Duomen\u0173 reikalingumas nustatomas kiekvienu atskiru atveju ir priklauso nuo duomen\u0173 pob\u016bd\u017eio, nuo to, kod\u0117l jie renkami ir tvarkomi.<\/li>\n<li>10.2. Kai i\u0161trinsite savo Paskyr\u0105, mes i\u0161trinsime ir J\u016bs\u0173 pateikt\u0105 informacij\u0105. \u0160ios informacijos v\u0117liau negal\u0117site atkurti.<\/li>\n<li>10.3. Jei nenorite i\u0161trinti savo paskyros, ta\u010diau norite laikinai nebenaudoti Interneto svetain\u0117s, galite savo Paskyr\u0105 i\u0161aktyvinti.<\/li>\n<li>10.4. Savo Paskyr\u0105 bet kuriuo metu galite i\u0161trinti apsilankydami Interneto svetain\u0117je.<\/li>\n<li>10.5. Privatumo politikos 2.1. punkte nurodyti duomenys saugomi vienerius metus nuo paskutinio apsilankymo Interneto svetain\u0117je dienos.<\/li>\n<li>10.6. Su\u0117jus 10.2. punkte nurodytam terminui arba kai asmens duomenys taps nebereikalingi j\u0173 tvarkymo tikslams, arba J\u016bs panaikinsite sutikim\u0105 naudoti J\u016bs\u0173 asmens duomenis rinkodaros tikslais, jie bus saugiai sunaikinami, i\u0161skyrus tuos, kurie \u012fstatym\u0173 nustatytais atvejais turi b\u016bti perduoti valstybiniams archyvams.<\/li>\n<li>10.7. Paskyroje, kuri buvo i\u0161jungta d\u0117l s\u0105lyg\u0173 pa\u017eeidimo, sukauptus duomenys saugome ma\u017eiausiai metus, tam, kad u\u017ekirstume keli\u0105 pakartotiniam piktnaud\u017eiavimui ar kitiems s\u0105lyg\u0173 pa\u017eeidimams.<\/li>\n<li>10.8. Duomenys, reikalingi administruojant \u012fsiskolinimus, saugomi iki \u012fsiskolinimo i\u0161ie\u0161kojimo, ta\u010diau ne ilgiau kaip de\u0161imt met\u0173.<\/li>\n<\/ul>\n<\/li>\n<li><b>11. J\u016bs\u0173 teis\u0117s.<\/b>\n<ul>\n<li>11.1. Dav\u0119 sutikim\u0105 tvarkyti J\u016bs\u0173 asmens duomenis, J\u016bs turite teis\u0119 bet kuriuo metu j\u012f at\u0161aukti. Nor\u0117dami savo sutikim\u0105 at\u0161aukti, pra\u0161ome informuoti mus e-pa\u0161to adresu info@rulonas.com Atkreiptinas d\u0117mesys, kad Sutikimo at\u0161aukimas nedaro poveikio sutikimu pagr\u012fsto duomen\u0173 tvarkymo, atlikto iki sutikimo at\u0161aukimo, teis\u0117tumui.<\/li>\n<li>11.2. J\u016bs galite bet kuriuo metu at\u0161aukti sutikim\u0105 gauti naujienas ir informacij\u0105 i\u0161 M\u016bs\u0173, prane\u0161dami mums elektroniniu pa\u0161tu arba paspausdami interaktyvi\u0105 nuorod\u0105 gauto prane\u0161imo apa\u010dioje d\u0117l pageidavimo ateityje negauti tiesiogin\u0117s rinkodaros prane\u0161im\u0173.<\/li>\n<li>11.3. J\u016bs turite teis\u0119 susipa\u017einti su m\u016bs\u0173 surinktais duomenimis apie Jus. Taip pat turite teis\u0119 gauti informacij\u0105 apie tai, kaip J\u016bs\u0173 asmens duomenys yra tvarkomi. Nor\u0117dami gauti \u0161i\u0105 informacij\u0105, pra\u0161ome susisiekti su mumis e-pa\u0161to adresu info@rulonas.com .\u012e tokius pra\u0161ymus mes atsakome teis\u0117s akt\u0173 nustatyta tvarka ir terminais stengdamiesi pateikti Jums informacij\u0105 kiek \u012fmanoma grei\u010diau, bet ne v\u0117liau kaip per 30 dien\u0173 nuo J\u016bs\u0173 pra\u0161ymo gavimo.<\/li>\n<li>11.4. J\u016bs turite teis\u0119 reikalauti i\u0161taisyti neteisingus, nei\u0161samius, netikslius savo asmens duomenis. Taip pat galite reikalauti sustabdyti, i\u0161skyrus saugojim\u0105, savo asmens duomen\u0173 tvarkymo veiksmus, kai duomenys tvarkomi nesilaikant \u012fstatym\u0173 ir \u0161ios Privatumo politikos s\u0105lyg\u0173.<\/li>\n<li>11.5. Gavus J\u016bs\u0173 pra\u0161ym\u0105 atlikti tam tikrus veiksmus, jeigu mums kilo \u012ftarim\u0173 d\u0117l besikreipian\u010diojo asmens tapatyb\u0117s, mes turime teis\u0119 papra\u0161yti besikreipian\u010diojo asmens tapatyb\u0117s dokumento ar jo kopijos.<\/li>\n<\/ul>\n<\/li>\n<li><b>12. Atsakomyb\u0117.<\/b>\n<ul>\n<li>12.1. J\u016bs esate atsakingi u\u017e savo slapta\u017eod\u017eio ir vartotojo duomen\u0173 konfidencialum\u0105 ir u\u017e bet kuriuos veiksmus (duomen\u0173 perdavim\u0105, pateiktus u\u017esakymus ar kt.), kurie m\u016bs\u0173 Interneto svetain\u0117je atliekami prisijungus naudojant J\u016bs\u0173 prisijungimo duomenis.<\/li>\n<li>12.2. J\u016bs negalite atskleisti savo slapta\u017eod\u017eio tretiems asmenims.<\/li>\n<li>12.3. Jei m\u016bs\u0173 Interneto svetain\u0117je teikiamomis paslaugomis naudojasi tre\u010diasis asmuo, prisijung\u0119s prie Interneto svetain\u0117s naudodamasis J\u016bs\u0173 prisijungimo duomenimis, mes laikome, kad prisijung\u0117te J\u016bs.<\/li>\n<li>12.4. Jei prarandate prisijungimo duomenis, J\u016bs privalote nedelsiant informuoti apie tai mus pa\u0161tu, telefonu, faksu ar elektroniniu pa\u0161tu.<\/li>\n<li>12.5. J\u016bs esate atsakingas, u\u017e pateikt\u0173 duomen\u0173 teisingum\u0105 ir i\u0161samum\u0105.<\/li>\n<li>13. Privatumo politikos pakeitimai.<\/li>\n<li>13.1. Mes galime bet kada atnaujinti ar pakeisti \u0161i\u0105 Privatumo politik\u0105. Tokia atnaujinta ar pakeista Privatumo politika \u012fsigalios nuo jos paskelbimo m\u016bs\u0173 Interneto svetain\u0117je.<\/li>\n<li>13.2. Jei bus padaryti esminiai Privatumo politikos pakeitimai, apie tai bus prane\u0161ama Internetin\u0117je svetain\u0117je.<\/li>\n<\/ul>\n<\/li>\n<li><b>14. M\u016bs\u0173 kontaktin\u0117 informacija.<\/b>\n<ul>\n<li>Pavadinimas: \u201eRULONAS\u201c UAB,<\/li>\n<li>\u012emon\u0117s kodas: 300082121;<\/li>\n<li>Adresas: Ateities pl. 54, LT-52105 Kaunas;<\/li>\n<li>Telefonas <a href=\"tel:+370 37 213 371\">+370 37 213 371<\/a><\/li>\n<li>info@ rulonas.com;<\/li>\n<\/ul>\n<\/li>\n<\/ul>\n<\/div><\/div><\/div><\/div><\/div>\n","protected":false},"excerpt":{"rendered":"","protected":false},"author":1,"featured_media":0,"parent":0,"menu_order":0,"comment_status":"closed","ping_status":"closed","template":"","meta":{"om_disable_all_campaigns":false,"footnotes":""},"class_list":["post-3494","page","type-page","status-publish","hentry"],"aioseo_notices":[],"_links":{"self":[{"href":"https:\/\/www.rulonas.com\/lt\/wp-json\/wp\/v2\/pages\/3494","targetHints":{"allow":["GET"]}}],"collection":[{"href":"https:\/\/www.rulonas.com\/lt\/wp-json\/wp\/v2\/pages"}],"about":[{"href":"https:\/\/www.rulonas.com\/lt\/wp-json\/wp\/v2\/types\/page"}],"author":[{"embeddable":true,"href":"https:\/\/www.rulonas.com\/lt\/wp-json\/wp\/v2\/users\/1"}],"replies":[{"embeddable":true,"href":"https:\/\/www.rulonas.com\/lt\/wp-json\/wp\/v2\/comments?post=3494"}],"version-history":[{"count":2,"href":"https:\/\/www.rulonas.com\/lt\/wp-json\/wp\/v2\/pages\/3494\/revisions"}],"predecessor-version":[{"id":3507,"href":"https:\/\/www.rulonas.com\/lt\/wp-json\/wp\/v2\/pages\/3494\/revisions\/3507"}],"wp:attachment":[{"href":"https:\/\/www.rulonas.com\/lt\/wp-json\/wp\/v2\/media?parent=3494"}],"curies":[{"name":"wp","href":"https:\/\/api.w.org\/{rel}","templated":true}]}}