{"id":1328,"date":"2017-06-22T08:24:00","date_gmt":"2017-06-22T06:24:00","guid":{"rendered":"https:\/\/www.rulonas.com?page_id=1328"},"modified":"2024-08-15T10:57:07","modified_gmt":"2024-08-15T08:57:07","slug":"apie-mus","status":"publish","type":"page","link":"https:\/\/www.rulonas.com\/lt\/apie-mus\/","title":{"rendered":"Apie mus"},"content":{"rendered":"<p><div class=\"fusion-fullwidth fullwidth-box fusion-builder-row-1 fusion-flex-container has-pattern-background has-mask-background nonhundred-percent-fullwidth non-hundred-percent-height-scrolling fusion-animated\" style=\"--awb-border-radius-top-left:0px;--awb-border-radius-top-right:0px;--awb-border-radius-bottom-right:0px;--awb-border-radius-bottom-left:0px;--awb-padding-top:60px;--awb-padding-right:20%;--awb-padding-left:20%;--awb-padding-right-medium:5%;--awb-padding-left-medium:5%;--awb-padding-right-small:5%;--awb-padding-left-small:5%;\" data-animationType=\"fadeIn\" data-animationDuration=\"0.6\" data-animationOffset=\"top-into-view\" ><div class=\"fusion-builder-row fusion-row fusion-flex-align-items-flex-start\" style=\"max-width:104%;margin-left: calc(-4% \/ 2 );margin-right: calc(-4% \/ 2 );\"><div class=\"fusion-layout-column fusion_builder_column fusion-builder-column-0 fusion_builder_column_1_1 1_1 fusion-flex-column\" style=\"--awb-bg-size:cover;--awb-width-large:100%;--awb-margin-top-large:0px;--awb-spacing-right-large:1.92%;--awb-margin-bottom-large:20px;--awb-spacing-left-large:1.92%;--awb-width-medium:100%;--awb-order-medium:0;--awb-spacing-right-medium:1.92%;--awb-spacing-left-medium:1.92%;--awb-width-small:100%;--awb-order-small:0;--awb-spacing-right-small:1.92%;--awb-spacing-left-small:1.92%;\"><div class=\"fusion-column-wrapper fusion-column-has-shadow fusion-flex-justify-content-flex-start fusion-content-layout-column\"><div class=\"fusion-title title fusion-title-1 fusion-sep-none fusion-title-center fusion-title-text fusion-title-size-two\"><h2 class=\"title-heading-center\" style=\"margin:0;\">M\u016bs\u0173 strategija ir po\u017ei\u016bris mums peln\u0117 ilgalaik\u0119 partneryst\u0119<\/h2><\/div><div class=\"fusion-text fusion-text-1\" style=\"--awb-font-size:16px;--awb-line-height:1.72;--awb-letter-spacing:0.015em;--awb-text-transform:var(--awb-typography4-text-transform);--awb-margin-top:30px;--awb-text-font-family:&quot;Open Sans&quot;;--awb-text-font-style:normal;--awb-text-font-weight:400;\"><p style=\"text-align: center;\">Bendradarbiaujame su galutiniais vartotojais, platintojais ir aptarnavimo centrais, kad i\u0161laikytume ma\u017eas prid\u0117tines i\u0161laidas ir u\u017etikrintume lankstum\u0105 bei operatyvum\u0105. M\u016bs\u0173 integruota tiekimo grandin\u0117, paremta auk\u0161to lygio patirtimi finans\u0173, rizikos valdymo, logistikos ir technologij\u0173 srityse, leid\u017eia j\u016bs\u0173 verslui klest\u0117ti.<\/p>\n<p style=\"text-align: center;\">Klientai, tiek\u0117jai ir transporto \u012fmon\u0117s, m\u016bs\u0173 komand\u0105, apib\u016bdina kaip patikim\u0105. Si\u016blydami auk\u0161tos kokyb\u0117s ner\u016bdijan\u010diojo plieno ir aliuminio gaminius bei individual\u0173 aptarnavim\u0105, mes u\u017emezgame ilgalaik\u0119 partneryst\u0119 ir siekiame abipusio augimo.<\/p>\n<\/div><div class=\"fusion-image-element \" style=\"text-align:center;--awb-margin-top:60px;--awb-margin-bottom:60px;--awb-max-width:200px;--awb-caption-title-font-family:var(--h2_typography-font-family);--awb-caption-title-font-weight:var(--h2_typography-font-weight);--awb-caption-title-font-style:var(--h2_typography-font-style);--awb-caption-title-size:var(--h2_typography-font-size);--awb-caption-title-transform:var(--h2_typography-text-transform);--awb-caption-title-line-height:var(--h2_typography-line-height);--awb-caption-title-letter-spacing:var(--h2_typography-letter-spacing);\"><span class=\" fusion-imageframe imageframe-none imageframe-1 hover-type-none\" class=\"image-magnify\" class=\"image-scroll\"><img decoding=\"async\" width=\"360\" height=\"382\" alt=\"Rulonas transparent logo\" title=\"logoppt\" src=\"https:\/\/www.rulonas.com\/wp-content\/uploads\/logoppt-1.png\" class=\"img-responsive wp-image-2802\" srcset=\"https:\/\/www.rulonas.com\/wp-content\/uploads\/logoppt-1-200x212.png 200w, https:\/\/www.rulonas.com\/wp-content\/uploads\/logoppt-1.png 360w\" sizes=\"(max-width: 1024px) 100vw, (max-width: 850px) 100vw, 360px\" \/><\/span><\/div><\/div><\/div><\/div><\/div><div class=\"fusion-fullwidth fullwidth-box fusion-builder-row-2 fusion-flex-container has-pattern-background has-mask-background fusion-parallax-none nonhundred-percent-fullwidth non-hundred-percent-height-scrolling fusion-animated\" style=\"--awb-border-radius-top-left:0px;--awb-border-radius-top-right:0px;--awb-border-radius-bottom-right:0px;--awb-border-radius-bottom-left:0px;--awb-padding-top:70px;--awb-padding-right:25%;--awb-padding-bottom:70px;--awb-padding-left:25%;--awb-padding-right-medium:5%;--awb-padding-left-medium:5%;--awb-padding-right-small:5%;--awb-padding-left-small:5%;--awb-background-color:var(--awb-custom12);--awb-background-image:url(&quot;https:\/\/www.rulonas.com\/wp-content\/uploads\/24.jpg&quot;);--awb-background-size:cover;\" data-animationType=\"fadeIn\" data-animationDuration=\"0.6\" data-animationOffset=\"top-into-view\" ><div class=\"fusion-builder-row fusion-row fusion-flex-align-items-flex-start\" style=\"max-width:104%;margin-left: calc(-4% \/ 2 );margin-right: calc(-4% \/ 2 );\"><div class=\"fusion-layout-column fusion_builder_column fusion-builder-column-1 fusion_builder_column_1_1 1_1 fusion-flex-column\" style=\"--awb-bg-size:cover;--awb-width-large:100%;--awb-margin-top-large:0px;--awb-spacing-right-large:1.92%;--awb-margin-bottom-large:20px;--awb-spacing-left-large:1.92%;--awb-width-medium:100%;--awb-order-medium:0;--awb-spacing-right-medium:1.92%;--awb-spacing-left-medium:1.92%;--awb-width-small:100%;--awb-order-small:0;--awb-spacing-right-small:1.92%;--awb-spacing-left-small:1.92%;\"><div class=\"fusion-column-wrapper fusion-column-has-shadow fusion-flex-justify-content-flex-start fusion-content-layout-column\"><div class=\"fusion-title title fusion-title-2 fusion-sep-none fusion-title-center fusion-title-text fusion-title-size-two\" style=\"--awb-text-color:#ffffff;--awb-font-size:40px;\"><h2 class=\"title-heading-center\" style=\"margin:0;font-size:1em;\">Mes laikom\u0117s savo pa\u017ead\u0173<\/h2><\/div><div class=\"fusion-text fusion-text-2\" style=\"--awb-font-size:20px;--awb-line-height:1.72;--awb-letter-spacing:0.015em;--awb-text-transform:var(--awb-typography4-text-transform);--awb-text-color:#ffffff;--awb-margin-top:30px;--awb-text-font-family:&quot;Open Sans&quot;;--awb-text-font-style:normal;--awb-text-font-weight:400;\"><p style=\"text-align: center;\">\u201eRulonas\u201c \u012fsipareigoja klientams tiekti tik auk\u0161\u010diausios kokyb\u0117s plien\u0105. Mes perkame plien\u0105 i\u0161 geriausi\u0173 gamykl\u0173 ir serviso centr\u0173 visame pasaulyje bei pristatome gaminius laiku.<\/p>\n<p style=\"text-align: center;\">\u0160iam tikslui pasiekti pasitelkiame \u2013 tiek savo prekes esan\u010dias sand\u0117lyje, tiek savo partneri\u0173 tinklu, esan\u010diu u\u017esienyje. Taip pat teikiame transportavimo ir pristatymo paslaugas. \u201eRulono\u201c komanda taip pat si\u016blo stryp\u0173 nuo 60 mm iki 250 mm skersmens pjaustym\u0105 ir pagal poreik\u012f gali padengti lak\u0161tus PVC pl\u0117vele.<\/p>\n<\/div><\/div><\/div><\/div><\/div><div class=\"fusion-fullwidth fullwidth-box fusion-builder-row-3 fusion-flex-container has-pattern-background has-mask-background nonhundred-percent-fullwidth non-hundred-percent-height-scrolling\" style=\"--awb-border-radius-top-left:0px;--awb-border-radius-top-right:0px;--awb-border-radius-bottom-right:0px;--awb-border-radius-bottom-left:0px;--awb-padding-top:80px;--awb-padding-bottom:80px;\" ><div class=\"fusion-builder-row fusion-row fusion-flex-align-items-flex-start\" style=\"max-width:104%;margin-left: calc(-4% \/ 2 );margin-right: calc(-4% \/ 2 );\"><div class=\"fusion-layout-column fusion_builder_column fusion-builder-column-2 fusion_builder_column_1_1 1_1 fusion-flex-column fusion-flex-align-self-flex-start fusion-column-no-min-height\" style=\"--awb-padding-right:30px;--awb-padding-left:30px;--awb-bg-blend:overlay;--awb-bg-size:cover;--awb-width-large:100%;--awb-margin-top-large:0px;--awb-spacing-right-large:1.92%;--awb-margin-bottom-large:0px;--awb-spacing-left-large:1.92%;--awb-width-medium:100%;--awb-spacing-right-medium:1.92%;--awb-spacing-left-medium:1.92%;--awb-width-small:100%;--awb-spacing-right-small:1.92%;--awb-spacing-left-small:1.92%;\"><div class=\"fusion-column-wrapper fusion-flex-justify-content-flex-start fusion-content-layout-column\"><div class=\"fusion-text fusion-text-3 fusion-text-no-margin\" style=\"--awb-margin-bottom:40px;\"><h2 style=\"text-align: center;\">Palaikykime ry\u0161\u012f!<\/h2>\n<p style=\"font-size: 18px;\" align=\"center\">Dabar \u012fsigykite ner\u016bdijan\u010dio plieno, aliuminio, jungiam\u0173j\u0173 detali\u0173 ir kit\u0173 med\u017eiag\u0173 savo projektui.<br \/>\nPrane\u0161kite mums, koki\u0173 produkt\u0173 jums reikia, ir mes su jumis susisieksime per 24 valandas!<\/p>\n<\/div><div style=\"text-align:center;\"><a class=\"fusion-button button-flat button-xlarge button-custom fusion-button-default button-1 fusion-button-default-span \" style=\"--button_accent_color:#ffffff;--button_accent_hover_color:#ffffff;--button_border_hover_color:#ffffff;--button_border_width-top:0px;--button_border_width-right:0px;--button_border_width-bottom:0px;--button_border_width-left:0px;--button_gradient_top_color:#61ada5;--button_gradient_bottom_color:#61ada5;--button_gradient_top_color_hover:#67b2aa;--button_gradient_bottom_color_hover:#67b2aa;\" target=\"_self\" href=\"\/lt\/kontaktai\/#inquiryLT\"><span class=\"fusion-button-text\">Si\u0173sti u\u017eklaus\u0105<\/span><\/a><\/div><div class=\"fusion-image-element \" style=\"text-align:center;--awb-margin-top:60px;--awb-caption-title-font-family:var(--h2_typography-font-family);--awb-caption-title-font-weight:var(--h2_typography-font-weight);--awb-caption-title-font-style:var(--h2_typography-font-style);--awb-caption-title-size:var(--h2_typography-font-size);--awb-caption-title-transform:var(--h2_typography-text-transform);--awb-caption-title-line-height:var(--h2_typography-line-height);--awb-caption-title-letter-spacing:var(--h2_typography-letter-spacing);\"><span class=\" fusion-imageframe imageframe-glow imageframe-2 hover-type-none fusion-animated\" style=\"border-radius:8px;-webkit-box-shadow: 0 0 7px rgba(186,186,186,0.3);box-shadow: 0 0 7px rgba(186,186,186,0.3);\" data-animationType=\"fadeInLeft\" data-animationDuration=\"0.5\" data-animationOffset=\"top-into-view\" class=\"image-magnify\" class=\"image-scroll\"><img decoding=\"async\" width=\"886\" height=\"886\" alt=\"Map with points showing Rulonas sale locations\" title=\"170205-3d\" src=\"https:\/\/www.rulonas.com\/wp-content\/uploads\/map-6.jpg\" class=\"img-responsive wp-image-10567\"\/><\/span><\/div><\/div><\/div><\/div><\/div><\/p>\n","protected":false},"excerpt":{"rendered":"","protected":false},"author":1,"featured_media":0,"parent":0,"menu_order":1,"comment_status":"open","ping_status":"closed","template":"","meta":{"om_disable_all_campaigns":false,"footnotes":""},"class_list":["post-1328","page","type-page","status-publish","hentry"],"aioseo_notices":[],"_links":{"self":[{"href":"https:\/\/www.rulonas.com\/lt\/wp-json\/wp\/v2\/pages\/1328","targetHints":{"allow":["GET"]}}],"collection":[{"href":"https:\/\/www.rulonas.com\/lt\/wp-json\/wp\/v2\/pages"}],"about":[{"href":"https:\/\/www.rulonas.com\/lt\/wp-json\/wp\/v2\/types\/page"}],"author":[{"embeddable":true,"href":"https:\/\/www.rulonas.com\/lt\/wp-json\/wp\/v2\/users\/1"}],"replies":[{"embeddable":true,"href":"https:\/\/www.rulonas.com\/lt\/wp-json\/wp\/v2\/comments?post=1328"}],"version-history":[{"count":9,"href":"https:\/\/www.rulonas.com\/lt\/wp-json\/wp\/v2\/pages\/1328\/revisions"}],"predecessor-version":[{"id":11127,"href":"https:\/\/www.rulonas.com\/lt\/wp-json\/wp\/v2\/pages\/1328\/revisions\/11127"}],"wp:attachment":[{"href":"https:\/\/www.rulonas.com\/lt\/wp-json\/wp\/v2\/media?parent=1328"}],"curies":[{"name":"wp","href":"https:\/\/api.w.org\/{rel}","templated":true}]}}