{"id":11009,"date":"2024-02-26T14:30:15","date_gmt":"2024-02-26T12:30:15","guid":{"rendered":"https:\/\/www.rulonas.com\/industries\/"},"modified":"2024-08-15T10:57:45","modified_gmt":"2024-08-15T08:57:45","slug":"pramones-sakos","status":"publish","type":"page","link":"https:\/\/www.rulonas.com\/lt\/pramones-sakos\/","title":{"rendered":"Pramon\u0117s \u0161akos"},"content":{"rendered":"<p><div class=\"fusion-fullwidth fullwidth-box fusion-builder-row-1 fusion-flex-container has-pattern-background has-mask-background nonhundred-percent-fullwidth non-hundred-percent-height-scrolling\" style=\"--awb-border-radius-top-left:0px;--awb-border-radius-top-right:0px;--awb-border-radius-bottom-right:0px;--awb-border-radius-bottom-left:0px;--awb-padding-right:10%;--awb-padding-left:10%;--awb-padding-right-medium:30px;--awb-padding-left-medium:30px;--awb-margin-top:40px;--awb-margin-bottom:40px;\" ><div class=\"fusion-builder-row fusion-row fusion-flex-align-items-center\" style=\"max-width:104%;margin-left: calc(-4% \/ 2 );margin-right: calc(-4% \/ 2 );\"><div class=\"fusion-layout-column fusion_builder_column fusion-builder-column-0 fusion_builder_column_1_1 1_1 fusion-flex-column\" style=\"--awb-bg-size:cover;--awb-width-large:100%;--awb-margin-top-large:0px;--awb-spacing-right-large:1.92%;--awb-margin-bottom-large:20px;--awb-spacing-left-large:1.92%;--awb-width-medium:100%;--awb-order-medium:0;--awb-spacing-right-medium:1.92%;--awb-spacing-left-medium:1.92%;--awb-width-small:100%;--awb-order-small:0;--awb-spacing-right-small:1.92%;--awb-spacing-left-small:1.92%;\"><div class=\"fusion-column-wrapper fusion-column-has-shadow fusion-flex-justify-content-flex-start fusion-content-layout-column\"><div class=\"fusion-flip-boxes flip-boxes row fusion-columns-2 flip-effect-3d equal-heights rul-flip-boxes\" style=\"--awb-flip-duration:0.5s;\"><div class=\"fusion-flip-box-wrapper fusion-column col-lg-6 col-md-6 col-sm-6\"><div class=\"fusion-flip-box flip-up\" tabindex=\"0\"><div class=\"flip-box-inner-wrapper\"><div class=\"flip-box-front\" style=\"--awb-title-front-color:#ffffff;--awb-background-image-front:url(&#039;https:\/\/www.rulonas.com\/wp-content\/uploads\/empty-conveyor-belts-set-against-hazy-factory-backdrop-2-min.jpg&#039;);\"><div class=\"flip-box-front-inner\"><h2 class=\"flip-box-heading without-text\">\u012eranga pramonei<\/h2><\/div><\/div><div class=\"flip-box-back\" style=\"--awb-background-color-back:#070707;\"><div class=\"flip-box-back-inner\"><h3 class=\"flip-box-heading-back\">\u012eranga pramonei<\/h3>\n<div class=\"ewa-rteLine\">\n<div class=\"ewa-rteLine\">Pramon\u0117s \u012frengini\u0173 gamyboje ner\u016bdijantis plienas ir aliuminis yra labai svarb\u016bs gaminant patvari\u0105 \u012frang\u0105 \u012fvairiose gamybos linijose. Ner\u016bdijan\u010dio plieno atsparumas korozijai idealiai tinka \u017euvies perdirbimo, m\u0117sos ruo\u0161imo, pakavimo, i\u0161pilstymo ir farmacijos pramonei. Aliuminio universalumas padeda gaminti d\u0117\u017e\u0117ms gabenti skirtus konvejerius, taip pat kepimo, g\u0117rim\u0173 pakavimo ir automobili\u0173 surinkimo \u012frang\u0105. \u0160ios med\u017eiagos atlieka pagrindin\u012f vaidmen\u012f u\u017etikrinant \u012fvairi\u0173 pramon\u0117s proces\u0173 patikimum\u0105 ir efektyvum\u0105.<\/div>\n<\/div>\n<\/div><\/div><\/div><\/div><\/div><div class=\"fusion-flip-box-wrapper fusion-column col-lg-6 col-md-6 col-sm-6\"><div class=\"fusion-flip-box flip-up\" tabindex=\"0\"><div class=\"flip-box-inner-wrapper\"><div class=\"flip-box-front\" style=\"--awb-title-front-color:#ffffff;--awb-background-image-front:url(&#039;https:\/\/www.rulonas.com\/wp-content\/uploads\/production-chrome-background-with-pipes-wires-metal-pipes-closeup-industrial-plant-inside-view-rectangular-metal-pipes-steel-materials-construction-supplies-min.jpg&#039;);\"><div class=\"flip-box-front-inner\"><h2 class=\"flip-box-heading without-text\">Maisto pramon\u0117<\/h2><\/div><\/div><div class=\"flip-box-back\" style=\"--awb-background-color-back:#070707;\"><div class=\"flip-box-back-inner\"><h3 class=\"flip-box-heading-back\">Maisto pramon\u0117<\/h3>\n<div class=\"ewa-rteLine\">\n<div class=\"ewa-rteLine\">Ner\u016bdijantis plienas ir aliuminis kartu su jungiamosiomis detal\u0117mis yra vyraujan\u010dios med\u017eiagos, i\u0161 kuri\u0173 gaminama \u012franga ir pavir\u0161iai. D\u0117l atsparumo korozijai ner\u016bdijantis plienas idealiai tinka maisto perdirbimo ma\u0161inoms, virtuv\u0117s pavir\u0161iams ir sand\u0117liavimo \u012frenginiams, tokiu b\u016bdu u\u017etikrinant higien\u0105 ir ilgaam\u017ei\u0161kum\u0105. Aliuminis da\u017enai naudojamas lengvoms ir lengvai dezinfekuojamoms maisto talpykloms ir pakavimo \u012frangai gaminti, o jungiamosios detal\u0117s atlieka svarb\u0173 vaidmen\u012f kuriant patikimas ir \u0161varias jungtis maisto perdirbimo aplinkoje.<\/div>\n<\/div>\n<\/div><\/div><\/div><\/div><\/div><div class=\"fusion-flip-box-wrapper fusion-column col-lg-6 col-md-6 col-sm-6\"><div class=\"fusion-flip-box flip-up\" tabindex=\"0\"><div class=\"flip-box-inner-wrapper\"><div class=\"flip-box-front\" style=\"--awb-title-front-color:#ffffff;--awb-background-image-front:url(&#039;https:\/\/www.rulonas.com\/wp-content\/uploads\/Layer-0-min.jpg&#039;);\"><div class=\"flip-box-front-inner\"><h2 class=\"flip-box-heading without-text\">Laivyba ir j\u016br\u0173 pramon\u0117<\/h2><\/div><\/div><div class=\"flip-box-back\" style=\"--awb-background-color-back:#070707;\"><div class=\"flip-box-back-inner\"><h3 class=\"flip-box-heading-back\">Laivyba ir j\u016br\u0173 pramon\u0117<\/h3>\n<div class=\"ewa-rteLine\">\n<div class=\"ewa-rteLine\">M\u016bs\u0173 ner\u016bdijantis plienas ir aliuminis bei j\u0173 jungiamosios detal\u0117s yra labai svarb\u016bs kuriant atsparias konstrukcijas. Ner\u016bdijantis plienas pasi\u017eymi ypatingu gyvybi\u0161kai svarbi\u0173 komponent\u0173 atsparumu korozijai, o lengvas, bet tvirtas aliuminis padidina degal\u0173 naudojimo efektyvum\u0105. Tuo tarpu jungiamosios detal\u0117s u\u017etikrina tvirtas jungtis sud\u0117tingoje j\u016brin\u0117je aplinkoje.<\/div>\n<\/div>\n<\/div><\/div><\/div><\/div><\/div><div class=\"fusion-flip-box-wrapper fusion-column col-lg-6 col-md-6 col-sm-6\"><div class=\"fusion-flip-box flip-down\" tabindex=\"0\"><div class=\"flip-box-inner-wrapper\"><div class=\"flip-box-front\" style=\"--awb-title-front-color:#ffffff;--awb-background-image-front:url(&#039;https:\/\/www.rulonas.com\/wp-content\/uploads\/wooden-table-with-metal-legs-with-wooden-wall-min.jpg&#039;);\"><div class=\"flip-box-front-inner\"><h2 class=\"flip-box-heading without-text\">Bald\u0173 gamyba<\/h2><\/div><\/div><div class=\"flip-box-back\" style=\"--awb-background-color-back:#070707;\"><div class=\"flip-box-back-inner\"><h3 class=\"flip-box-heading-back\">Bald\u0173 gamyba<\/h3>\n<div class=\"ewa-rteLine\">\n<div class=\"ewa-rteLine\">Bald\u0173 gamybos pramon\u0117je ner\u016bdijantis plienas ir aliuminis atlieka pagrindinius vaidmenis kuriant stilingas ir patvarias detales. Ner\u016bdijantis plienas suteikia bald\u0173 r\u0117mams, kojel\u0117ms ir akcentams ne tik modernumo ir tvirtumo, bet ir yra atsparus korozijai. Aliuminis, vertinamas d\u0117l savo lengvo svorio savybi\u0173, da\u017enai naudojamas kuriant modernius ir universalius bald\u0173 dizainus.<\/div>\n<\/div>\n<\/div><\/div><\/div><\/div><\/div><div class=\"fusion-flip-box-wrapper fusion-column col-lg-6 col-md-6 col-sm-6\"><div class=\"fusion-flip-box flip-up\" tabindex=\"0\"><div class=\"flip-box-inner-wrapper\"><div class=\"flip-box-front\" style=\"--awb-title-front-color:#ffffff;--awb-background-image-front:url(&#039;https:\/\/www.rulonas.com\/wp-content\/uploads\/environmental-pollution-factory-exterior-night-min.jpg&#039;);\"><div class=\"flip-box-front-inner\"><h2 class=\"flip-box-heading without-text\">Duj\u0173 ir naftos pramon\u0117<\/h2><\/div><\/div><div class=\"flip-box-back\" style=\"--awb-background-color-back:#070707;\"><div class=\"flip-box-back-inner\"><h3 class=\"flip-box-heading-back\">Duj\u0173 ir naftos pramon\u0117<\/h3>\n<div class=\"ewa-rteLine\">\n<div class=\"ewa-rteLine\">Ner\u016bdijantis plienas ir aliuminis, taip pat specializuotos jungiamosios detal\u0117s yra labai svarb\u016bs d\u0117l savo tvirtumo ir atsparumo korozijai. Ner\u016bdijantis plienas pla\u010diai naudojamas vamzdynuose, laikymo talpyklose ir gr\u0119\u017eimo \u012frangoje, u\u017etikrinant ilgaam\u017ei\u0161kum\u0105 korozin\u0117je aplinkoje. Aliuminis, \u017einomas d\u0117l lengvo svorio savybi\u0173, naudojamas tokiose konstrukcijose kaip atviroje j\u016broje esan\u010dios platformos ir laivai. Jungtys atlieka svarb\u0173 vaidmen\u012f jungiant ir tvirtinant komponentus, u\u017etikrinant patikim\u0105 ir sandari\u0105 infrastrukt\u016br\u0105 duj\u0173 ir naftos gavybos ir perdirbimo operacij\u0173 metu.<\/div>\n<\/div>\n<\/div><\/div><\/div><\/div><\/div><div class=\"fusion-flip-box-wrapper fusion-column col-lg-6 col-md-6 col-sm-6\"><div class=\"fusion-flip-box flip-up\" tabindex=\"0\"><div class=\"flip-box-inner-wrapper\"><div class=\"flip-box-front\" style=\"--awb-title-front-color:#ffffff;--awb-background-image-front:url(&#039;https:\/\/www.rulonas.com\/wp-content\/uploads\/car-factory-with-lot-cars-assembly-line-min.jpg&#039;);\"><div class=\"flip-box-front-inner\"><h2 class=\"flip-box-heading without-text\">Automobili\u0173 pramon\u0117<\/h2><\/div><\/div><div class=\"flip-box-back\" style=\"--awb-background-color-back:#070707;\"><div class=\"flip-box-back-inner\"><h3 class=\"flip-box-heading-back\">Automobili\u0173 pramon\u0117<\/h3>\n<div class=\"ewa-rteLine\">Automobili\u0173 pramon\u0117je ner\u016bdijantis plienas ir aliuminis pla\u010diai naudojami d\u0117l savo unikali\u0173 savybi\u0173. Ner\u016bdijantis plienas d\u0117l atsparumo korozijai ir tvirtumo da\u017eniausiai naudojamas i\u0161metimo sistemose, variklio komponentuose ir konstrukciniuose elementuose. Tuo tarpu aliuminis &#8211; lengvose konstrukcijose, pavyzd\u017eiui, k\u0117bulo detal\u0117se, ratuose ir variklio dalyse, tod\u0117l pager\u0117ja transporto priemoni\u0173 degal\u0173 naudojimo efektyvumas ir bendros eksploatacin\u0117s savyb\u0117s.<\/div>\n<\/div><\/div><\/div><\/div><\/div><div class=\"fusion-flip-box-wrapper fusion-column col-lg-6 col-md-6 col-sm-6\"><div class=\"fusion-flip-box flip-up\" tabindex=\"0\"><div class=\"flip-box-inner-wrapper\"><div class=\"flip-box-front\" style=\"--awb-title-front-color:#ffffff;--awb-background-image-front:url(&#039;https:\/\/www.rulonas.com\/wp-content\/uploads\/beautiful-view-construction-site-city-during-sunset-min.jpg&#039;);\"><div class=\"flip-box-front-inner\"><h2 class=\"flip-box-heading without-text\">Statybos <\/h2><\/div><\/div><div class=\"flip-box-back\" style=\"--awb-background-color-back:#070707;\"><div class=\"flip-box-back-inner\"><h3 class=\"flip-box-heading-back\">Statybos <\/h3>\n<div class=\"ewa-rteLine\">\u00a0Rulono ner\u016bdijantis plienas ir aliuminis naudojami pastat\u0173 konstrukcijoms, fasadams ir tiltams. M\u016bs\u0173 si\u016blomi ner\u016bdijan\u010dio plieno alk\u016bn\u0117s, tri\u0161akiai ir reduktoriai pla\u010diai naudojami \u0161ildymo ir vandentiekio vamzdynuose. D\u0117l savo lengvumo aliuminis puikiai tinka ne\u0161iojam\u0105jai ir vizualinei reklaminei med\u017eiagai.<\/div>\n<\/div><\/div><\/div><\/div><\/div><div class=\"fusion-flip-box-wrapper fusion-column col-lg-6 col-md-6 col-sm-6\"><div class=\"fusion-flip-box flip-up\" tabindex=\"0\"><div class=\"flip-box-inner-wrapper\"><div class=\"flip-box-front\" style=\"--awb-title-front-color:#ffffff;--awb-background-image-front:url(&#039;https:\/\/www.rulonas.com\/wp-content\/uploads\/solar-energy-min.jpg&#039;);\"><div class=\"flip-box-front-inner\"><h2 class=\"flip-box-heading without-text\">Energetikos ir aplinkosaugos technologijos <\/h2><\/div><\/div><div class=\"flip-box-back\" style=\"--awb-background-color-back:#070707;\"><div class=\"flip-box-back-inner\"><h3 class=\"flip-box-heading-back\">Energetikos ir aplinkosaugos technologijos <\/h3>\n<div class=\"ewa-rteLine\">Energetikos ir aplinkosaugos technologij\u0173 srityje ner\u016bdijantis plienas ir aliuminis yra labai svarbios med\u017eiagos tvariai ir efektyviai \u012frangai gaminti. Atsparus korozijai ner\u016bdijantis plienas naudojamas atsinaujinan\u010diosios energijos infrastrukt\u016broje, pavyzd\u017eiui, v\u0117jo turbin\u0173 sudedamosiose dalyse ir saul\u0117s kolektori\u0173 laikikliuose. Aliuminis, pasi\u017eymintis lengvomis savyb\u0117mis, naudojamas energij\u0105 taupan\u010diose sistemose ir aplinkosaugos technologijose, taip prisidedant prie anglies dvideginio p\u0117dsako ma\u017einimo. \u0160ios med\u017eiagos atlieka svarb\u0173 vaidmen\u012f pl\u0117tojant technologijas, skatinan\u010dias \u0161varesn\u0119 ir tvaresn\u0119 ateit\u012f \u2013 nuo atliek\u0173 perdirbimo \u012f energij\u0105 \u012frengini\u0173 statybos iki ekologi\u0161k\u0173 \u0160VOK sistem\u0173 k\u016brimo.<\/div>\n<\/div><\/div><\/div><\/div><\/div><\/div><\/div><\/div><\/div><\/div><div class=\"fusion-fullwidth fullwidth-box fusion-builder-row-2 fusion-flex-container has-pattern-background has-mask-background nonhundred-percent-fullwidth non-hundred-percent-height-scrolling\" style=\"--awb-border-radius-top-left:0px;--awb-border-radius-top-right:0px;--awb-border-radius-bottom-right:0px;--awb-border-radius-bottom-left:0px;--awb-padding-top:0px;--awb-padding-bottom:80px;\" ><div class=\"fusion-builder-row fusion-row fusion-flex-align-items-flex-start\" style=\"max-width:104%;margin-left: calc(-4% \/ 2 );margin-right: calc(-4% \/ 2 );\"><div class=\"fusion-layout-column fusion_builder_column fusion-builder-column-1 fusion_builder_column_1_1 1_1 fusion-flex-column fusion-flex-align-self-flex-start fusion-column-no-min-height\" style=\"--awb-padding-right:30px;--awb-padding-left:30px;--awb-bg-blend:overlay;--awb-bg-size:cover;--awb-width-large:100%;--awb-margin-top-large:0px;--awb-spacing-right-large:1.92%;--awb-margin-bottom-large:0px;--awb-spacing-left-large:1.92%;--awb-width-medium:100%;--awb-spacing-right-medium:1.92%;--awb-spacing-left-medium:1.92%;--awb-width-small:100%;--awb-spacing-right-small:1.92%;--awb-spacing-left-small:1.92%;\"><div class=\"fusion-column-wrapper fusion-flex-justify-content-flex-start fusion-content-layout-column\"><div class=\"fusion-image-element \" style=\"text-align:center;--awb-margin-bottom:60px;--awb-max-width:160px;--awb-caption-title-font-family:var(--h2_typography-font-family);--awb-caption-title-font-weight:var(--h2_typography-font-weight);--awb-caption-title-font-style:var(--h2_typography-font-style);--awb-caption-title-size:var(--h2_typography-font-size);--awb-caption-title-transform:var(--h2_typography-text-transform);--awb-caption-title-line-height:var(--h2_typography-line-height);--awb-caption-title-letter-spacing:var(--h2_typography-letter-spacing);\"><span class=\" fusion-imageframe imageframe-none imageframe-1 hover-type-none\" class=\"image-magnify\" class=\"image-scroll\"><img decoding=\"async\" width=\"360\" height=\"382\" alt=\"Rulonas transparent logo\" title=\"logoppt\" src=\"https:\/\/www.rulonas.com\/wp-content\/uploads\/logoppt-1.png\" class=\"img-responsive wp-image-2802\" srcset=\"https:\/\/www.rulonas.com\/wp-content\/uploads\/logoppt-1-200x212.png 200w, https:\/\/www.rulonas.com\/wp-content\/uploads\/logoppt-1.png 360w\" sizes=\"(max-width: 1024px) 100vw, (max-width: 850px) 100vw, 360px\" \/><\/span><\/div><div class=\"fusion-text fusion-text-1 fusion-text-no-margin\" style=\"--awb-margin-bottom:40px;\"><h2 style=\"text-align: center;\">Padarykite poveik\u012f su \u201eRulonas\u201c<\/h2>\n<p style=\"font-size: 18px;\" align=\"center\">Ie\u0161kote patikimo plieno tiekimo partnerio, galin\u010dio pad\u0117ti jums augti j\u016bs\u0173 pramon\u0117s sektoriuje? U\u017esisakykite ner\u016bdijant\u012f plien\u0105 ir kitas med\u017eiagas i\u0161 \u201eRulono\u201c.<\/p>\n<\/div><div style=\"text-align:center;\"><a class=\"fusion-button button-flat button-xlarge button-custom fusion-button-default button-1 fusion-button-default-span \" style=\"--button_accent_color:#ffffff;--button_accent_hover_color:#ffffff;--button_border_hover_color:#ffffff;--button_border_width-top:0px;--button_border_width-right:0px;--button_border_width-bottom:0px;--button_border_width-left:0px;--button_gradient_top_color:#61ada5;--button_gradient_bottom_color:#61ada5;--button_gradient_top_color_hover:#67b2aa;--button_gradient_bottom_color_hover:#67b2aa;\" target=\"_self\" href=\"\/lt\/kontaktai\/#inquiryLT\"><span class=\"fusion-button-text\">Si\u0173sti u\u017eklaus\u0105<\/span><\/a><\/div><\/div><\/div><\/div><\/div><div class=\"fusion-fullwidth fullwidth-box fusion-builder-row-3 fusion-flex-container has-pattern-background has-mask-background nonhundred-percent-fullwidth non-hundred-percent-height-scrolling\" style=\"--awb-border-radius-top-left:0px;--awb-border-radius-top-right:0px;--awb-border-radius-bottom-right:0px;--awb-border-radius-bottom-left:0px;\" ><div class=\"fusion-builder-row fusion-row fusion-flex-align-items-flex-start\" style=\"max-width:104%;margin-left: calc(-4% \/ 2 );margin-right: calc(-4% \/ 2 );\"><div class=\"fusion-layout-column fusion_builder_column fusion-builder-column-2 fusion_builder_column_1_1 1_1 fusion-flex-column\" style=\"--awb-bg-size:cover;--awb-width-large:100%;--awb-margin-top-large:0px;--awb-spacing-right-large:1.92%;--awb-margin-bottom-large:20px;--awb-spacing-left-large:1.92%;--awb-width-medium:100%;--awb-order-medium:0;--awb-spacing-right-medium:1.92%;--awb-spacing-left-medium:1.92%;--awb-width-small:100%;--awb-order-small:0;--awb-spacing-right-small:1.92%;--awb-spacing-left-small:1.92%;\"><div class=\"fusion-column-wrapper fusion-column-has-shadow fusion-flex-justify-content-flex-start fusion-content-layout-column\"><\/div><\/div><\/div><\/div><\/p>\n","protected":false},"excerpt":{"rendered":"","protected":false},"author":1,"featured_media":0,"parent":0,"menu_order":0,"comment_status":"closed","ping_status":"closed","template":"","meta":{"om_disable_all_campaigns":false,"footnotes":""},"class_list":["post-11009","page","type-page","status-publish","hentry"],"aioseo_notices":[],"_links":{"self":[{"href":"https:\/\/www.rulonas.com\/lt\/wp-json\/wp\/v2\/pages\/11009","targetHints":{"allow":["GET"]}}],"collection":[{"href":"https:\/\/www.rulonas.com\/lt\/wp-json\/wp\/v2\/pages"}],"about":[{"href":"https:\/\/www.rulonas.com\/lt\/wp-json\/wp\/v2\/types\/page"}],"author":[{"embeddable":true,"href":"https:\/\/www.rulonas.com\/lt\/wp-json\/wp\/v2\/users\/1"}],"replies":[{"embeddable":true,"href":"https:\/\/www.rulonas.com\/lt\/wp-json\/wp\/v2\/comments?post=11009"}],"version-history":[{"count":4,"href":"https:\/\/www.rulonas.com\/lt\/wp-json\/wp\/v2\/pages\/11009\/revisions"}],"predecessor-version":[{"id":11031,"href":"https:\/\/www.rulonas.com\/lt\/wp-json\/wp\/v2\/pages\/11009\/revisions\/11031"}],"wp:attachment":[{"href":"https:\/\/www.rulonas.com\/lt\/wp-json\/wp\/v2\/media?parent=11009"}],"curies":[{"name":"wp","href":"https:\/\/api.w.org\/{rel}","templated":true}]}}