{"id":11016,"date":"2024-02-26T14:30:15","date_gmt":"2024-02-26T12:30:15","guid":{"rendered":"https:\/\/www.rulonas.com\/industries\/"},"modified":"2024-08-15T11:06:43","modified_gmt":"2024-08-15T09:06:43","slug":"toostusharud","status":"publish","type":"page","link":"https:\/\/www.rulonas.com\/et\/toostusharud\/","title":{"rendered":"T\u00f6\u00f6stusharud"},"content":{"rendered":"<p><div class=\"fusion-fullwidth fullwidth-box fusion-builder-row-1 fusion-flex-container has-pattern-background has-mask-background nonhundred-percent-fullwidth non-hundred-percent-height-scrolling\" style=\"--awb-border-radius-top-left:0px;--awb-border-radius-top-right:0px;--awb-border-radius-bottom-right:0px;--awb-border-radius-bottom-left:0px;--awb-padding-right:10%;--awb-padding-left:10%;--awb-padding-right-medium:30px;--awb-padding-left-medium:30px;--awb-margin-top:40px;--awb-margin-bottom:40px;\" ><div class=\"fusion-builder-row fusion-row fusion-flex-align-items-center\" style=\"max-width:104%;margin-left: calc(-4% \/ 2 );margin-right: calc(-4% \/ 2 );\"><div class=\"fusion-layout-column fusion_builder_column fusion-builder-column-0 fusion_builder_column_1_1 1_1 fusion-flex-column\" style=\"--awb-bg-size:cover;--awb-width-large:100%;--awb-margin-top-large:0px;--awb-spacing-right-large:1.92%;--awb-margin-bottom-large:20px;--awb-spacing-left-large:1.92%;--awb-width-medium:100%;--awb-order-medium:0;--awb-spacing-right-medium:1.92%;--awb-spacing-left-medium:1.92%;--awb-width-small:100%;--awb-order-small:0;--awb-spacing-right-small:1.92%;--awb-spacing-left-small:1.92%;\"><div class=\"fusion-column-wrapper fusion-column-has-shadow fusion-flex-justify-content-flex-start fusion-content-layout-column\"><div class=\"fusion-flip-boxes flip-boxes row fusion-columns-2 flip-effect-3d equal-heights rul-flip-boxes\" style=\"--awb-flip-duration:0.5s;\"><div class=\"fusion-flip-box-wrapper fusion-column col-lg-6 col-md-6 col-sm-6\"><div class=\"fusion-flip-box flip-up\" tabindex=\"0\"><div class=\"flip-box-inner-wrapper\"><div class=\"flip-box-front\" style=\"--awb-title-front-color:#ffffff;--awb-background-image-front:url(&#039;https:\/\/www.rulonas.com\/wp-content\/uploads\/empty-conveyor-belts-set-against-hazy-factory-backdrop-2-min.jpg&#039;);\"><div class=\"flip-box-front-inner\"><h2 class=\"flip-box-heading without-text\">Masinat\u00f6\u00f6stus<\/h2><\/div><\/div><div class=\"flip-box-back\" style=\"--awb-background-color-back:#070707;\"><div class=\"flip-box-back-inner\"><h3 class=\"flip-box-heading-back\">Masinat\u00f6\u00f6stus<\/h3>\n<div class=\"ewa-rteLine\">\n<div class=\"ewa-rteLine\">\u00a0Masinatootmises on roostevaba teras ja alumiinium h\u00e4davajalikud vastupidavate seadmete valmistamiseks erinevatel tootmisliinidel. Roostevaba terase korrosioonikindlus sobib ideaalselt kala t\u00f6\u00f6tlemise, liha ettevalmistamise, pakendamise, villimise ja farmaatsiaseadmete jaoks. Alumiiniumi kerget olemust kasutatakse kastide transportimiseks m\u00f5eldud konveierite, samuti k\u00fcpsetamiseseadmete, joogipakendite ja autode kokkupaneku jaoks.<br \/>\nNeed materjalid m\u00e4ngivad keskset rolli t\u00f6\u00f6kindluse ja t\u00f5hususe tagamisel mitmesugustes t\u00f6\u00f6stusprotsessides.<\/div>\n<\/div>\n<\/div><\/div><\/div><\/div><\/div><div class=\"fusion-flip-box-wrapper fusion-column col-lg-6 col-md-6 col-sm-6\"><div class=\"fusion-flip-box flip-up\" tabindex=\"0\"><div class=\"flip-box-inner-wrapper\"><div class=\"flip-box-front\" style=\"--awb-title-front-color:#ffffff;--awb-background-image-front:url(&#039;https:\/\/www.rulonas.com\/wp-content\/uploads\/production-chrome-background-with-pipes-wires-metal-pipes-closeup-industrial-plant-inside-view-rectangular-metal-pipes-steel-materials-construction-supplies-min.jpg&#039;);\"><div class=\"flip-box-front-inner\"><h2 class=\"flip-box-heading without-text\">Toidut\u00f6\u00f6stus<\/h2><\/div><\/div><div class=\"flip-box-back\" style=\"--awb-background-color-back:#070707;\"><div class=\"flip-box-back-inner\"><h3 class=\"flip-box-heading-back\">Toidut\u00f6\u00f6stus<\/h3>\n<div class=\"ewa-rteLine\">\n<div class=\"ewa-rteLine\">Roostevaba teras ja alumiinium koos liitmikega on seadmete ja pindade jaoks levinud materjalid. Roostevaba terase korrosioonikindlus muudab selle ideaalseks toiduainete t\u00f6\u00f6tlemise masinate, k\u00f6\u00f6gipindade ja hoiuruumide jaoks, tagades h\u00fcgieeni ja vastupidavuse. Alumiiniumi kasutatakse sageli kergete ja kergesti desinfitseeritavate toidukonteinerite ja pakkimisseadmete jaoks, kusjuures liitmikud m\u00e4ngivad rolli usaldusv\u00e4\u00e4rsete ja puhaste \u00fchenduste loomisel toiduainete t\u00f6\u00f6tlemise keskkondades.<\/div>\n<\/div>\n<\/div><\/div><\/div><\/div><\/div><div class=\"fusion-flip-box-wrapper fusion-column col-lg-6 col-md-6 col-sm-6\"><div class=\"fusion-flip-box flip-up\" tabindex=\"0\"><div class=\"flip-box-inner-wrapper\"><div class=\"flip-box-front\" style=\"--awb-title-front-color:#ffffff;--awb-background-image-front:url(&#039;https:\/\/www.rulonas.com\/wp-content\/uploads\/Layer-0-min.jpg&#039;);\"><div class=\"flip-box-front-inner\"><h2 class=\"flip-box-heading without-text\">Mere - ja Laevat\u00f6\u00f6stus<\/h2><\/div><\/div><div class=\"flip-box-back\" style=\"--awb-background-color-back:#070707;\"><div class=\"flip-box-back-inner\"><h3 class=\"flip-box-heading-back\">Mere - ja Laevat\u00f6\u00f6stus <\/h3>\n<div class=\"ewa-rteLine\">\n<div class=\"ewa-rteLine\">Meie roostevaba teras ja alumiinium koos nende liitmikega on vastupidavate konstruktsioonide loomisel \u00fcliolulised. Roostevaba teras paistab silma oluliste komponentide korrosioonikindlusega, samas kui alumiiniumi kerge, kuid vastupidav olemus suurendab k\u00fctuses\u00e4\u00e4stlikkust ning liitmikud tagavad p\u00fcsivad \u00fchendused n\u00f5udlikus merekeskkonnas.<\/div>\n<\/div>\n<\/div><\/div><\/div><\/div><\/div><div class=\"fusion-flip-box-wrapper fusion-column col-lg-6 col-md-6 col-sm-6\"><div class=\"fusion-flip-box flip-down\" tabindex=\"0\"><div class=\"flip-box-inner-wrapper\"><div class=\"flip-box-front\" style=\"--awb-title-front-color:#ffffff;--awb-background-image-front:url(&#039;https:\/\/www.rulonas.com\/wp-content\/uploads\/wooden-table-with-metal-legs-with-wooden-wall-min.jpg&#039;);\"><div class=\"flip-box-front-inner\"><h2 class=\"flip-box-heading without-text\">M\u00f6\u00f6blit\u00f6\u00f6stus<\/h2><\/div><\/div><div class=\"flip-box-back\" style=\"--awb-background-color-back:#070707;\"><div class=\"flip-box-back-inner\"><h3 class=\"flip-box-heading-back\">M\u00f6\u00f6blit\u00f6\u00f6stus<\/h3>\n<div class=\"ewa-rteLine\">\n<div class=\"ewa-rteLine\">Roostevaba teras ja alumiinium m\u00e4ngivad m\u00f6\u00f6blit\u00f6\u00f6stuses stiilsete ja vastupidavate detailide valmistamisel v\u00f5tmerolli. Roostevaba teras lisab m\u00f6\u00f6bliraamidele, jalgadele ja lisatarvikutele moodsat h\u00f5ngu, pakkudes nii tugevust kui ka korrosioonikindlust. Alumiiniumi, mida hinnatakse selle kergekaalulisuse poolest, kasutatakse laialdaselt kaasaegse ja mitmek\u00fclgse m\u00f6\u00f6blidisaini loomisel.<\/div>\n<\/div>\n<\/div><\/div><\/div><\/div><\/div><div class=\"fusion-flip-box-wrapper fusion-column col-lg-6 col-md-6 col-sm-6\"><div class=\"fusion-flip-box flip-up\" tabindex=\"0\"><div class=\"flip-box-inner-wrapper\"><div class=\"flip-box-front\" style=\"--awb-title-front-color:#ffffff;--awb-background-image-front:url(&#039;https:\/\/www.rulonas.com\/wp-content\/uploads\/environmental-pollution-factory-exterior-night-min.jpg&#039;);\"><div class=\"flip-box-front-inner\"><h2 class=\"flip-box-heading without-text\">Gaasi- ja naftat\u00f6\u00f6stus<\/h2><\/div><\/div><div class=\"flip-box-back\" style=\"--awb-background-color-back:#070707;\"><div class=\"flip-box-back-inner\"><h3 class=\"flip-box-heading-back\">Gaasi- ja naftat\u00f6\u00f6stus<\/h3>\n<div class=\"ewa-rteLine\">\n<div class=\"ewa-rteLine\">Roostevaba teras ja alumiinium koos spetsiaalsete liitmikega on nende vastupidavuse ja korrosioonikindluse t\u00f5ttu \u00fcliolulised. Roostevaba terast kasutatakse laialdaselt torustikes, mahutites ja puurimisseadmetes, tagades vastupidavuse s\u00f6\u00f6vitavas keskkonnas. Alumiinium, mis on tuntud oma kerge olemuse poolest, leiab rakendust sellistes konstruktsioonides nagu avamereplatvormid ja transpordilaevad. Liitmikud m\u00e4ngivad olulist rolli komponentide \u00fchendamisel ja kinnitamisel, tagades usaldusv\u00e4\u00e4rse ja lekkekindla infrastruktuuri kogu gaasi- ja naftatootmise ja -t\u00f6\u00f6tlemise k\u00e4igus.<\/div>\n<\/div>\n<\/div><\/div><\/div><\/div><\/div><div class=\"fusion-flip-box-wrapper fusion-column col-lg-6 col-md-6 col-sm-6\"><div class=\"fusion-flip-box flip-up\" tabindex=\"0\"><div class=\"flip-box-inner-wrapper\"><div class=\"flip-box-front\" style=\"--awb-title-front-color:#ffffff;--awb-background-image-front:url(&#039;https:\/\/www.rulonas.com\/wp-content\/uploads\/car-factory-with-lot-cars-assembly-line-min.jpg&#039;);\"><div class=\"flip-box-front-inner\"><h2 class=\"flip-box-heading without-text\">Autot\u00f6\u00f6stus<\/h2><\/div><\/div><div class=\"flip-box-back\" style=\"--awb-background-color-back:#070707;\"><div class=\"flip-box-back-inner\"><h3 class=\"flip-box-heading-back\">Autot\u00f6\u00f6stus<\/h3>\n<div class=\"ewa-rteLine\">Autot\u00f6\u00f6stuses kasutatakse roostevaba terast ja alumiiniumi laialdaselt nende ainulaadsete omaduste t\u00f5ttu. Roostevaba terast kasutatakse selle korrosioonikindluse ja tugevuse t\u00f5ttu tavaliselt v\u00e4ljalaskes\u00fcsteemides, mootorikomponentides ja konstruktsioonielementides. Alumiinium on eelistatud kergete rakenduste jaoks, nagu autokere paneelid, rattad ja mootoriosad, aidates parandada k\u00fctuses\u00e4\u00e4stlikkust ja s\u00f5idukite \u00fcldist j\u00f5udlust.<\/div>\n<\/div><\/div><\/div><\/div><\/div><div class=\"fusion-flip-box-wrapper fusion-column col-lg-6 col-md-6 col-sm-6\"><div class=\"fusion-flip-box flip-up\" tabindex=\"0\"><div class=\"flip-box-inner-wrapper\"><div class=\"flip-box-front\" style=\"--awb-title-front-color:#ffffff;--awb-background-image-front:url(&#039;https:\/\/www.rulonas.com\/wp-content\/uploads\/beautiful-view-construction-site-city-during-sunset-min.jpg&#039;);\"><div class=\"flip-box-front-inner\"><h2 class=\"flip-box-heading without-text\">Ehitus <\/h2><\/div><\/div><div class=\"flip-box-back\" style=\"--awb-background-color-back:#070707;\"><div class=\"flip-box-back-inner\"><h3 class=\"flip-box-heading-back\">Ehitus <\/h3>\n<div class=\"ewa-rteLine\">Rulonase roostevaba terast ja alumiiniumi kasutatakse karkasside ja fassaadide, sildade ehitamiseks. Meie roostevabast terasest p\u00f5lved, toruliitmikud ja reduktorid on kasutusel k\u00fctte- ja veetorustikes.<\/div>\n<div><\/div>\n<div class=\"ewa-rteLine\">Alumiiniumi kerge olemus muudab selle ideaalseks kaasaskantavate ja visuaalselt silmatorkavate reklaammaterjalide jaoks.<\/div>\n<\/div><\/div><\/div><\/div><\/div><div class=\"fusion-flip-box-wrapper fusion-column col-lg-6 col-md-6 col-sm-6\"><div class=\"fusion-flip-box flip-up\" tabindex=\"0\"><div class=\"flip-box-inner-wrapper\"><div class=\"flip-box-front\" style=\"--awb-title-front-color:#ffffff;--awb-background-image-front:url(&#039;https:\/\/www.rulonas.com\/wp-content\/uploads\/solar-energy-min.jpg&#039;);\"><div class=\"flip-box-front-inner\"><h2 class=\"flip-box-heading without-text\">Energia- ja keskkonnatehnoloogiad <\/h2><\/div><\/div><div class=\"flip-box-back\" style=\"--awb-background-color-back:#070707;\"><div class=\"flip-box-back-inner\"><h3 class=\"flip-box-heading-back\">Energia- ja keskkonnatehnoloogiad <\/h3>\n<div class=\"ewa-rteLine\">Energia- ja keskkonnatehnoloogia valdkonnas on roostevaba teras ja alumiinium j\u00e4tkusuutlike ja t\u00f5husate seadmete ehitamisel olulised materjalid. Roostevaba terast, mis on korrosioonikindel, kasutatakse taastuvenergia infrastruktuuris, n\u00e4iteks tuuleturbiinide komponentides ja p\u00e4ikesepaneelide toes. Alumiinium, mis on tuntud oma kergekaaluliste omaduste poolest, leiab rakendusi energiat\u00f5husates s\u00fcsteemides ja keskkonnatehnoloogiates, aidates kaasa s\u00fcsiniku jalaj\u00e4lje v\u00e4hendamisele. Alates j\u00e4\u00e4tmek\u00e4itlusrajatiste ehitamisest kuni keskkonnas\u00f5bralike HVAC-s\u00fcsteemide v\u00e4ljat\u00f6\u00f6tamiseni m\u00e4ngivad need materjalid olulist rolli puhtamat ja s\u00e4\u00e4stvamat tulevikku edendavate tehnoloogiate arendamisel.<\/div>\n<\/div><\/div><\/div><\/div><\/div><\/div><\/div><\/div><\/div><\/div><div class=\"fusion-fullwidth fullwidth-box fusion-builder-row-2 fusion-flex-container has-pattern-background has-mask-background nonhundred-percent-fullwidth non-hundred-percent-height-scrolling\" style=\"--awb-border-radius-top-left:0px;--awb-border-radius-top-right:0px;--awb-border-radius-bottom-right:0px;--awb-border-radius-bottom-left:0px;--awb-padding-top:0px;--awb-padding-bottom:80px;\" ><div class=\"fusion-builder-row fusion-row fusion-flex-align-items-flex-start\" style=\"max-width:104%;margin-left: calc(-4% \/ 2 );margin-right: calc(-4% \/ 2 );\"><div class=\"fusion-layout-column fusion_builder_column fusion-builder-column-1 fusion_builder_column_1_1 1_1 fusion-flex-column fusion-flex-align-self-flex-start fusion-column-no-min-height\" style=\"--awb-padding-right:30px;--awb-padding-left:30px;--awb-bg-blend:overlay;--awb-bg-size:cover;--awb-width-large:100%;--awb-margin-top-large:0px;--awb-spacing-right-large:1.92%;--awb-margin-bottom-large:0px;--awb-spacing-left-large:1.92%;--awb-width-medium:100%;--awb-spacing-right-medium:1.92%;--awb-spacing-left-medium:1.92%;--awb-width-small:100%;--awb-spacing-right-small:1.92%;--awb-spacing-left-small:1.92%;\"><div class=\"fusion-column-wrapper fusion-flex-justify-content-flex-start fusion-content-layout-column\"><div class=\"fusion-image-element \" style=\"text-align:center;--awb-margin-bottom:60px;--awb-max-width:160px;--awb-caption-title-font-family:var(--h2_typography-font-family);--awb-caption-title-font-weight:var(--h2_typography-font-weight);--awb-caption-title-font-style:var(--h2_typography-font-style);--awb-caption-title-size:var(--h2_typography-font-size);--awb-caption-title-transform:var(--h2_typography-text-transform);--awb-caption-title-line-height:var(--h2_typography-line-height);--awb-caption-title-letter-spacing:var(--h2_typography-letter-spacing);\"><span class=\" fusion-imageframe imageframe-none imageframe-1 hover-type-none\" class=\"image-magnify\" class=\"image-scroll\"><img decoding=\"async\" width=\"360\" height=\"382\" alt=\"Rulonas transparent logo\" title=\"logoppt\" src=\"https:\/\/www.rulonas.com\/wp-content\/uploads\/logoppt-1.png\" class=\"img-responsive wp-image-2799\" srcset=\"https:\/\/www.rulonas.com\/wp-content\/uploads\/logoppt-1-200x212.png 200w, https:\/\/www.rulonas.com\/wp-content\/uploads\/logoppt-1.png 360w\" sizes=\"(max-width: 1024px) 100vw, (max-width: 850px) 100vw, 360px\" \/><\/span><\/div><div class=\"fusion-text fusion-text-1 fusion-text-no-margin\" style=\"--awb-margin-bottom:40px;\"><h2 style=\"text-align: center;\">Avaldage m\u00f5ju Rulonasega<\/h2>\n<p style=\"font-size: 18px;\" align=\"center\">Kas otsite usaldusv\u00e4\u00e4rset terasetoodete ettev\u00f5tet, kes aitaks teil teie t\u00f6\u00f6stusvaldkonnas m\u00f5ju avaldada?<br \/>\nTellige roostevaba terast ja teisi materjale Rulonasest.<\/p>\n<\/div><div style=\"text-align:center;\"><a class=\"fusion-button button-flat button-xlarge button-custom fusion-button-default button-1 fusion-button-default-span \" style=\"--button_accent_color:#ffffff;--button_accent_hover_color:#ffffff;--button_border_hover_color:#ffffff;--button_border_width-top:0px;--button_border_width-right:0px;--button_border_width-bottom:0px;--button_border_width-left:0px;--button_gradient_top_color:#61ada5;--button_gradient_bottom_color:#61ada5;--button_gradient_top_color_hover:#67b2aa;--button_gradient_bottom_color_hover:#67b2aa;\" target=\"_self\" href=\"\/et\/kontakt\/#inquiryEE\"><span class=\"fusion-button-text\">Saada p\u00e4ring<\/span><\/a><\/div><\/div><\/div><\/div><\/div><div class=\"fusion-fullwidth fullwidth-box fusion-builder-row-3 fusion-flex-container has-pattern-background has-mask-background nonhundred-percent-fullwidth non-hundred-percent-height-scrolling\" style=\"--awb-border-radius-top-left:0px;--awb-border-radius-top-right:0px;--awb-border-radius-bottom-right:0px;--awb-border-radius-bottom-left:0px;\" ><div class=\"fusion-builder-row fusion-row fusion-flex-align-items-flex-start\" style=\"max-width:104%;margin-left: calc(-4% \/ 2 );margin-right: calc(-4% \/ 2 );\"><div class=\"fusion-layout-column fusion_builder_column fusion-builder-column-2 fusion_builder_column_1_1 1_1 fusion-flex-column\" style=\"--awb-bg-size:cover;--awb-width-large:100%;--awb-margin-top-large:0px;--awb-spacing-right-large:1.92%;--awb-margin-bottom-large:20px;--awb-spacing-left-large:1.92%;--awb-width-medium:100%;--awb-order-medium:0;--awb-spacing-right-medium:1.92%;--awb-spacing-left-medium:1.92%;--awb-width-small:100%;--awb-order-small:0;--awb-spacing-right-small:1.92%;--awb-spacing-left-small:1.92%;\"><div class=\"fusion-column-wrapper fusion-column-has-shadow fusion-flex-justify-content-flex-start fusion-content-layout-column\"><\/div><\/div><\/div><\/div><\/p>\n","protected":false},"excerpt":{"rendered":"","protected":false},"author":1,"featured_media":0,"parent":0,"menu_order":0,"comment_status":"closed","ping_status":"closed","template":"","meta":{"om_disable_all_campaigns":false,"footnotes":""},"class_list":["post-11016","page","type-page","status-publish","hentry"],"aioseo_notices":[],"_links":{"self":[{"href":"https:\/\/www.rulonas.com\/et\/wp-json\/wp\/v2\/pages\/11016","targetHints":{"allow":["GET"]}}],"collection":[{"href":"https:\/\/www.rulonas.com\/et\/wp-json\/wp\/v2\/pages"}],"about":[{"href":"https:\/\/www.rulonas.com\/et\/wp-json\/wp\/v2\/types\/page"}],"author":[{"embeddable":true,"href":"https:\/\/www.rulonas.com\/et\/wp-json\/wp\/v2\/users\/1"}],"replies":[{"embeddable":true,"href":"https:\/\/www.rulonas.com\/et\/wp-json\/wp\/v2\/comments?post=11016"}],"version-history":[{"count":6,"href":"https:\/\/www.rulonas.com\/et\/wp-json\/wp\/v2\/pages\/11016\/revisions"}],"predecessor-version":[{"id":11038,"href":"https:\/\/www.rulonas.com\/et\/wp-json\/wp\/v2\/pages\/11016\/revisions\/11038"}],"wp:attachment":[{"href":"https:\/\/www.rulonas.com\/et\/wp-json\/wp\/v2\/media?parent=11016"}],"curies":[{"name":"wp","href":"https:\/\/api.w.org\/{rel}","templated":true}]}}